{"id":664,"date":"2022-01-25T17:01:51","date_gmt":"2022-01-25T16:01:51","guid":{"rendered":"https:\/\/fundacjarakiety.pl\/sklep\/?post_type=product&#038;p=664"},"modified":"2024-11-15T12:31:59","modified_gmt":"2024-11-15T11:31:59","slug":"rakiety-pieknem-w-raka-ebook","status":"publish","type":"product","link":"https:\/\/fundacjarakiety.pl\/sklep\/produkt\/rakiety-pieknem-w-raka-ebook\/","title":{"rendered":"E-book &#8222;Rakiety. Pi\u0119knem w raka&#8221;"},"content":{"rendered":"<p>Przedstawiamy ksi\u0105\u017ck\u0119, b\u0119d\u0105c\u0105 ukoronowaniem corocznej akcji naszej fundacji &#8222;Pi\u0119kna na wiosn\u0119 &#8211; nie daj si\u0119 chorobie&#8221;. Autorce, Magdalenie Sekule, uda\u0142o si\u0119 w wyj\u0105tkowy spos\u00f3b zebra\u0107 grup\u0119 dziennikarzy, specjalist\u00f3w, ale przede wszystkim g\u0142\u00f3wnych bohaterek &#8211; kobiet, kt\u00f3re do\u015bwiadczy\u0142y raka. Efektem jest niezwyk\u0142y zbi\u00f3r rozm\u00f3w g\u0142\u0119bokich, ciekawych i poruszaj\u0105c\u0105 wiele perspektyw.<\/p>\n<p>Serdecznie zapraszamy do zakupu e-booka! Dost\u0119pny jest w dw\u00f3ch formatach do wyboru &#8211; epub i mobi.<\/p>\n<p><strong>Doch\u00f3d ze sprzeda\u017cy wesprze dzia\u0142ania naszej Fundacji<\/strong>: pomagamy nie tylko osobom, kt\u00f3re aktualnie mierz\u0105 si\u0119 z chorob\u0105 onkologiczn\u0105, ale r\u00f3wnie\u017c tym, kt\u00f3rzy maj\u0105 j\u0105 ju\u017c za sob\u0105.<\/p>\n<p>Chorym zapewniamy nie tylko pomoc w bezpo\u015brednim leczeniu onkologicznym, ale te\u017c wspieramy ich poprzez konsultacje psychoonkologiczne, dietetyczne i inne, aby zapewni\u0107 jak najbardziej zindywidualizowane i kompleksowe podej\u015bcie!<\/p>\n<p>Propagujemy r\u00f3wnie\u017c zdrowy tryb \u017cycia, aby jak najmniej os\u00f3b trafia\u0142o pod nasze skrzyd\u0142a!<\/p>\n","protected":false},"excerpt":{"rendered":"<p>Poznaj niezwyk\u0142e historie naszych Rakiet!<\/p>\n","protected":false},"featured_media":483,"comment_status":"closed","ping_status":"closed","template":"","meta":[],"product_cat":[88,83],"product_tag":[28,86,84,85,87],"_links":{"self":[{"href":"https:\/\/fundacjarakiety.pl\/sklep\/wp-json\/wp\/v2\/product\/664"}],"collection":[{"href":"https:\/\/fundacjarakiety.pl\/sklep\/wp-json\/wp\/v2\/product"}],"about":[{"href":"https:\/\/fundacjarakiety.pl\/sklep\/wp-json\/wp\/v2\/types\/product"}],"replies":[{"embeddable":true,"href":"https:\/\/fundacjarakiety.pl\/sklep\/wp-json\/wp\/v2\/comments?post=664"}],"wp:featuredmedia":[{"embeddable":true,"href":"https:\/\/fundacjarakiety.pl\/sklep\/wp-json\/wp\/v2\/media\/483"}],"wp:attachment":[{"href":"https:\/\/fundacjarakiety.pl\/sklep\/wp-json\/wp\/v2\/media?parent=664"}],"wp:term":[{"taxonomy":"product_cat","embeddable":true,"href":"https:\/\/fundacjarakiety.pl\/sklep\/wp-json\/wp\/v2\/product_cat?post=664"},{"taxonomy":"product_tag","embeddable":true,"href":"https:\/\/fundacjarakiety.pl\/sklep\/wp-json\/wp\/v2\/product_tag?post=664"}],"curies":[{"name":"wp","href":"https:\/\/api.w.org\/{rel}","templated":true}]}}