{"id":516,"date":"2021-06-28T15:43:53","date_gmt":"2021-06-28T13:43:53","guid":{"rendered":"https:\/\/fundacjarakiety.pl\/sklep\/?post_type=product&#038;p=516"},"modified":"2024-11-15T12:32:04","modified_gmt":"2024-11-15T11:32:04","slug":"e-book-koktajl-borowkowy","status":"publish","type":"product","link":"https:\/\/fundacjarakiety.pl\/sklep\/produkt\/e-book-koktajl-borowkowy\/","title":{"rendered":"E-book &#8222;Koktajl bor\u00f3wkowy&#8221;"},"content":{"rendered":"<p><strong>E-book<\/strong> z naszej nowej serii profilaktycznej &#8222;#paliworakietowe na co dzie\u0144&#8221;.<\/p>\n<p>Zawiera nasz unikalny przepis na <strong>pyszny koktajl z bor\u00f3wek<\/strong>, idealny na lato! E-book opisuje r\u00f3wnie\u017c poszczeg\u00f3lne u\u017cyte w przepisie sk\u0142adniki &#8211; tak\u017ce pod wzgl\u0119dem ich w\u0142a\u015bciwo\u015bci w <strong>profilaktyce onkologicznej<\/strong>!<\/p>\n<p><strong>Doch\u00f3d ze sprzeda\u017cy wesprze dzia\u0142ania naszej Fundacji<\/strong>: pomagamy nie tylko osobom, kt\u00f3re aktualnie mierz\u0105 si\u0119 z chorob\u0105 onkologiczn\u0105, ale r\u00f3wnie\u017c tym, kt\u00f3rzy maj\u0105 j\u0105 ju\u017c za sob\u0105.<\/p>\n<p>Chorym zapewniamy nie tylko pomoc w bezpo\u015brednim leczeniu onkologicznym, ale te\u017c wspieramy ich poprzez konsultacje psychoonkologiczne, dietetyczne i inne, aby zapewni\u0107 jak najbardziej zindywidualizowane i kompleksowe podej\u015bcie!<\/p>\n<p>Propagujemy r\u00f3wnie\u017c zdrowy tryb \u017cycia, aby jak najmniej os\u00f3b trafia\u0142o pod nasze skrzyd\u0142a!<\/p>\n","protected":false},"excerpt":{"rendered":"<p>E-book z naszej nowej serii profilaktycznej &#8222;#paliworakietowe na co dzie\u0144&#8221;. Zawiera nasz unikalny przepis na pyszny koktajl z bor\u00f3wek, idealny na lato! E-book opisuje r\u00f3wnie\u017c poszczeg\u00f3lne u\u017cyte w przepisie sk\u0142adniki &#8211; tak\u017ce pod wzgl\u0119dem ich w\u0142a\u015bciwo\u015bci w profilaktyce onkologicznej! Doch\u00f3d ze sprzeda\u017cy wesprze dzia\u0142ania naszej Fundacji: pomagamy nie tylko osobom, kt\u00f3re aktualnie mierz\u0105 si\u0119 z [&hellip;]<\/p>\n","protected":false},"featured_media":515,"comment_status":"closed","ping_status":"closed","template":"","meta":[],"product_cat":[88,83],"product_tag":[92,89,90,91],"_links":{"self":[{"href":"https:\/\/fundacjarakiety.pl\/sklep\/wp-json\/wp\/v2\/product\/516"}],"collection":[{"href":"https:\/\/fundacjarakiety.pl\/sklep\/wp-json\/wp\/v2\/product"}],"about":[{"href":"https:\/\/fundacjarakiety.pl\/sklep\/wp-json\/wp\/v2\/types\/product"}],"replies":[{"embeddable":true,"href":"https:\/\/fundacjarakiety.pl\/sklep\/wp-json\/wp\/v2\/comments?post=516"}],"wp:featuredmedia":[{"embeddable":true,"href":"https:\/\/fundacjarakiety.pl\/sklep\/wp-json\/wp\/v2\/media\/515"}],"wp:attachment":[{"href":"https:\/\/fundacjarakiety.pl\/sklep\/wp-json\/wp\/v2\/media?parent=516"}],"wp:term":[{"taxonomy":"product_cat","embeddable":true,"href":"https:\/\/fundacjarakiety.pl\/sklep\/wp-json\/wp\/v2\/product_cat?post=516"},{"taxonomy":"product_tag","embeddable":true,"href":"https:\/\/fundacjarakiety.pl\/sklep\/wp-json\/wp\/v2\/product_tag?post=516"}],"curies":[{"name":"wp","href":"https:\/\/api.w.org\/{rel}","templated":true}]}}