{"id":815,"date":"2025-07-16T15:35:30","date_gmt":"2025-07-16T13:35:30","guid":{"rendered":"https:\/\/fundacjarakiety.pl\/sklep\/?page_id=815"},"modified":"2025-07-17T09:13:29","modified_gmt":"2025-07-17T07:13:29","slug":"kontakt","status":"publish","type":"page","link":"https:\/\/fundacjarakiety.pl\/sklep\/kontakt\/","title":{"rendered":"Kontakt"},"content":{"rendered":"\n<div class=\"wp-block-columns is-layout-flex wp-container-3\">\n<div class=\"wp-block-column is-layout-flow\">\n<p>FUNDACJA ONKOLOGICZNA RAKIETY<\/p>\n\n\n\n<p>Numer konta Fundacji w&nbsp;ING Banku \u015al\u0105skim:<br>52 1050 1025 1000 0090 3010 4252<br>SWIFT: INGBPLPW<br>IBAN: PL 52 1050 1025 1000 0090 3010 4252<\/p>\n\n\n\n<p>NIP: 521-362-85-70<br>REGON: 146040727<\/p>\n\n\n\n<p>Fundacja jest Organizacj\u0105 Po\u017cytku Publicznego,<br>zarejestrowan\u0105 pod&nbsp;numerem<br>KRS: 0000414091<\/p>\n\n\n\n<p>ul.&nbsp;Stryje\u0144skich 19 lok. U21\/21A<br>(domofon 821)<br>02-791 Warszawa<br><a href=\"https:\/\/fundacjarakiety.pl\/kontakt\/\">zobacz mapk\u0119 jak nas znale\u017a\u0107<\/a><\/p>\n\n\n\n<p>22 299 29 28<\/p>\n<\/div>\n\n\n\n<div class=\"wp-block-column is-layout-flow\"><div class=\"wpforms-container wpforms-container-full wpforms-block wpforms-block-bf5936e8-e845-404a-bd37-d26c27b2afb2 wpforms-render-modern\" id=\"wpforms-818\"><form id=\"wpforms-form-818\" class=\"wpforms-validate wpforms-form wpforms-ajax-form\" data-formid=\"818\" method=\"post\" enctype=\"multipart\/form-data\" action=\"\/sklep\/wp-json\/wp\/v2\/pages\/815\" data-token=\"092f3b1da501713299f81a9503b69dc4\" data-token-time=\"1776379856\"><noscript class=\"wpforms-error-noscript\">Aby wype\u0142ni\u0107 ten formularz, w\u0142\u0105cz obs\u0142ug\u0119 JavaScript w przegl\u0105darce.<\/noscript><div id=\"wpforms-error-noscript\" style=\"display: none;\">Aby wype\u0142ni\u0107 ten formularz, w\u0142\u0105cz obs\u0142ug\u0119 JavaScript w przegl\u0105darce.<\/div><div class=\"wpforms-field-container\">\t\t<div id=\"wpforms-818-field_5-container\"\n\t\t\tclass=\"wpforms-field wpforms-field-text\"\n\t\t\tdata-field-type=\"text\"\n\t\t\tdata-field-id=\"5\"\n\t\t\t>\n\t\t\t<label class=\"wpforms-field-label\" for=\"wpforms-818-field_5\" >Zgoda Wiadomo\u015b\u0107 Adres<\/label>\n\t\t\t<input type=\"text\" id=\"wpforms-818-field_5\" class=\"wpforms-field-medium\" name=\"wpforms[fields][5]\" >\n\t\t<\/div>\n\t\t<div id=\"wpforms-818-field_1-container\" class=\"wpforms-field wpforms-field-name\" data-field-id=\"1\"><label class=\"wpforms-field-label\" for=\"wpforms-818-field_1\">Imi\u0119 i nazwisko <span class=\"wpforms-required-label\" aria-hidden=\"true\">*<\/span><\/label><input type=\"text\" id=\"wpforms-818-field_1\" class=\"wpforms-field-medium wpforms-field-required\" name=\"wpforms[fields][1]\" aria-errormessage=\"wpforms-818-field_1-error\" required><\/div><div id=\"wpforms-818-field_2-container\" class=\"wpforms-field wpforms-field-email\" data-field-id=\"2\"><label class=\"wpforms-field-label\" for=\"wpforms-818-field_2\">Adres e-mail <span class=\"wpforms-required-label\" aria-hidden=\"true\">*<\/span><\/label><input type=\"email\" id=\"wpforms-818-field_2\" class=\"wpforms-field-medium wpforms-field-required\" name=\"wpforms[fields][2]\" spellcheck=\"false\" aria-errormessage=\"wpforms-818-field_2-error\" required><\/div><div id=\"wpforms-818-field_3-container\" class=\"wpforms-field wpforms-field-textarea\" data-field-id=\"3\"><label class=\"wpforms-field-label\" for=\"wpforms-818-field_3\">Wiadomo\u015b\u0107 <span class=\"wpforms-required-label\" aria-hidden=\"true\">*<\/span><\/label><textarea id=\"wpforms-818-field_3\" class=\"wpforms-field-medium wpforms-field-required\" name=\"wpforms[fields][3]\" aria-errormessage=\"wpforms-818-field_3-error\" required><\/textarea><\/div><div id=\"wpforms-818-field_4-container\" class=\"wpforms-field wpforms-field-checkbox\" data-field-id=\"4\"><fieldset><legend class=\"wpforms-field-label wpforms-label-hide\" aria-hidden=\"false\">Zgoda <span class=\"wpforms-required-label\" aria-hidden=\"true\">*<\/span><\/legend><ul id=\"wpforms-818-field_4\" class=\"wpforms-field-required\"><li class=\"choice-1 depth-1\"><input type=\"checkbox\" id=\"wpforms-818-field_4_1\" name=\"wpforms[fields][4][]\" value=\"Wyra\u017cam zgod\u0119 na przetwarzanie danych osobowych na potrzeby kontaktu. Zgodnie z nasz\u0105 polityk\u0105 prywatno\u015bci - link na dole strony\" aria-errormessage=\"wpforms-818-field_4_1-error\" required ><label class=\"wpforms-field-label-inline\" for=\"wpforms-818-field_4_1\">Wyra\u017cam zgod\u0119 na przetwarzanie danych osobowych na potrzeby kontaktu. Zgodnie z nasz\u0105 polityk\u0105 prywatno\u015bci &#8211; link na dole strony<\/label><\/li><\/ul><\/fieldset><\/div><script>\n\t\t\t\t( function() {\n\t\t\t\t\tconst style = document.createElement( 'style' );\n\t\t\t\t\tstyle.appendChild( document.createTextNode( '#wpforms-818-field_5-container { position: absolute !important; overflow: hidden !important; display: inline !important; height: 1px !important; width: 1px !important; z-index: -1000 !important; padding: 0 !important; } #wpforms-818-field_5-container input { visibility: hidden; } #wpforms-conversational-form-page #wpforms-818-field_5-container label { counter-increment: none; }' ) );\n\t\t\t\t\tdocument.head.appendChild( style );\n\t\t\t\t\tdocument.currentScript?.remove();\n\t\t\t\t} )();\n\t\t\t<\/script><\/div><!-- .wpforms-field-container --><div class=\"wpforms-recaptcha-container wpforms-is-recaptcha wpforms-is-recaptcha-type-v3\" ><input type=\"hidden\" name=\"wpforms[recaptcha]\" value=\"\"><\/div><div class=\"wpforms-submit-container\" ><input type=\"hidden\" name=\"wpforms[id]\" value=\"818\"><input type=\"hidden\" name=\"page_title\" value=\"\"><input type=\"hidden\" name=\"page_url\" value=\"https:\/\/fundacjarakiety.pl\/sklep\/wp-json\/wp\/v2\/pages\/815\"><input type=\"hidden\" name=\"url_referer\" value=\"\"><button type=\"submit\" name=\"wpforms[submit]\" id=\"wpforms-submit-818\" class=\"wpforms-submit\" data-alt-text=\"Wysy\u0142anie...\" data-submit-text=\"Prze\u015blij\" aria-live=\"assertive\" value=\"wpforms-submit\">Prze\u015blij<\/button><img decoding=\"async\" loading=\"lazy\" src=\"https:\/\/fundacjarakiety.pl\/sklep\/wp-content\/plugins\/wpforms-lite\/assets\/images\/submit-spin.svg\" class=\"wpforms-submit-spinner\" style=\"display: none;\" width=\"26\" height=\"26\" alt=\"Wczytywanie\"><\/div><\/form><\/div>  <!-- .wpforms-container --><\/div>\n<\/div>\n\n\n\n<p><\/p>\n","protected":false},"excerpt":{"rendered":"<p>FUNDACJA ONKOLOGICZNA RAKIETY Numer konta Fundacji w&nbsp;ING Banku \u015al\u0105skim:52 1050 1025 1000 0090 3010 4252SWIFT: INGBPLPWIBAN: PL 52 1050 1025 1000 0090 3010 4252 NIP: 521-362-85-70REGON: 146040727 Fundacja jest Organizacj\u0105 Po\u017cytku Publicznego,zarejestrowan\u0105 pod&nbsp;numeremKRS: 0000414091 ul.&nbsp;Stryje\u0144skich 19 lok. U21\/21A(domofon 821)02-791 Warszawazobacz mapk\u0119 jak nas znale\u017a\u0107 22 299 29 28<\/p>\n","protected":false},"author":5,"featured_media":0,"parent":0,"menu_order":0,"comment_status":"closed","ping_status":"closed","template":"","meta":[],"_links":{"self":[{"href":"https:\/\/fundacjarakiety.pl\/sklep\/wp-json\/wp\/v2\/pages\/815"}],"collection":[{"href":"https:\/\/fundacjarakiety.pl\/sklep\/wp-json\/wp\/v2\/pages"}],"about":[{"href":"https:\/\/fundacjarakiety.pl\/sklep\/wp-json\/wp\/v2\/types\/page"}],"author":[{"embeddable":true,"href":"https:\/\/fundacjarakiety.pl\/sklep\/wp-json\/wp\/v2\/users\/5"}],"replies":[{"embeddable":true,"href":"https:\/\/fundacjarakiety.pl\/sklep\/wp-json\/wp\/v2\/comments?post=815"}],"version-history":[{"count":5,"href":"https:\/\/fundacjarakiety.pl\/sklep\/wp-json\/wp\/v2\/pages\/815\/revisions"}],"predecessor-version":[{"id":823,"href":"https:\/\/fundacjarakiety.pl\/sklep\/wp-json\/wp\/v2\/pages\/815\/revisions\/823"}],"wp:attachment":[{"href":"https:\/\/fundacjarakiety.pl\/sklep\/wp-json\/wp\/v2\/media?parent=815"}],"curies":[{"name":"wp","href":"https:\/\/api.w.org\/{rel}","templated":true}]}}