{"id":3,"date":"2018-10-23T23:06:53","date_gmt":"2018-10-23T21:06:53","guid":{"rendered":"https:\/\/znajdzpomoc.pl\/sklep\/?page_id=3"},"modified":"2025-06-18T16:20:05","modified_gmt":"2025-06-18T14:20:05","slug":"polityka-prywatnosci","status":"publish","type":"page","link":"https:\/\/fundacjarakiety.pl\/sklep\/polityka-prywatnosci\/","title":{"rendered":"Polityka prywatno\u015bci"},"content":{"rendered":"<p style=\"text-align: center;\"><strong>Polityka prywatno\u015bci<\/strong><\/p>\n<p>Przywi\u0105zujemy du\u017c\u0105 wag\u0119 do ochrony Twoich danych osobowych i post\u0119powania z nimi zgodnie z odpowiednimi przepisami prawa, w szczeg\u00f3lno\u015bci zgodnie z Og\u00f3lnym Rozporz\u0105dzeniem o Ochronie Danych z dnia 27 kwietnia 2016 r. (\u201e<strong>RODO<\/strong>\u201d). Naszym celem jest umo\u017cliwienie Ci pe\u0142nej informacji i kontroli w zakresie przetwarzania przez nas Twoich danych oraz udost\u0119pnienie narz\u0119dzi pozwalaj\u0105cych Ci skorzysta\u0107 z uprawnie\u0144 wynikaj\u0105cych z przepis\u00f3w prawa.<\/p>\n<p>Poni\u017cej przedstawiamy informacje dotycz\u0105ce tego w jaki spos\u00f3b przetwarzamy Twoje dane osobowe, jak dbamy o ich bezpiecze\u0144stwo i komu je udost\u0119pniamy. Je\u017celi masz dodatkowe pytania dotycz\u0105ce tego, jak korzystamy z Twoich danych osobowych, napisz do nas na podany adres e-mail: biuro@fundacjarakiety.pl<\/p>\n<p><strong>Kto jest administratorem Twoich danych osobowych?<\/strong><\/p>\n<p>Administratorem danych osobowych jest Fundacja Onkologiczna Rakiety z siedzib\u0105 w Warszawie,<\/p>\n<p>ul.\u00a0Stryje\u0144skich 19 lok. U21\/21A<br \/>\n(domofon 821)<br \/>\n02-791 Warszawa<\/p>\n<p>o numerze KRS 0000414091 i NIP 5213628570, dalej nazywanym \u201eAdministratorem\u201d.<\/p>\n<p><strong>Jakie dane osobiste zbieramy i dlaczego je zbieramy?<\/strong><\/p>\n<p>Fundacja Onkologiczna Rakiety oferuje u\u017cytkownikom sklep internetowy, z kt\u00f3rych mo\u017cna korzysta\u0107 na r\u00f3\u017cne sposoby. W zale\u017cno\u015bci od tego, czy u\u017cytkownik kontaktuje si\u0119 z nami online, telefonicznie, osobi\u015bcie czy w inny spos\u00f3b, oraz z jakich us\u0142ug korzysta, przetwarzane s\u0105 r\u00f3\u017cne dane z r\u00f3\u017cnych \u017ar\u00f3de\u0142. Przetwarzane przez nas dane u\u017cytkownik podaje nam sam, korzystaj\u0105c z naszych us\u0142ug lub kontaktuj\u0105c si\u0119 z nami, przyk\u0142adowo gdy si\u0119 rejestruje i podaje w tym celu swoje imi\u0119 i nazwisko oraz adres e-mail czy adres pocztowy. Uzyskujemy tak\u017ce techniczne dane urz\u0105dze\u0144 i dane dost\u0119pu, kt\u00f3re s\u0105 rejestrowane automatycznie podczas interakcji u\u017cytkownika z naszymi us\u0142ugami.<\/p>\n<p><strong>Je\u017celi skorzystasz z naszego Sklepu, b\u0119dziemy przetwarza\u0107 Twoje dane osobowe w nast\u0119puj\u0105cych celach:<\/strong><\/p>\n<ol>\n<li>a) W celu wykonywania zawartych z Tob\u0105 um\u00f3w sprzeda\u017cy towar\u00f3w ze Sklepu \u2013 podstaw\u0105 przetwarzania Twoich danych b\u0119dzie w tym wypadku\u00a0<strong>umowa <\/strong>zawarta z Administratorem poprzez akceptacj\u0119 regulaminu Sklepu. B\u0119dziemy wymaga\u0107 od Ciebie danych, jednak wy\u0142\u0105cznie w zakresie niezb\u0119dnym do realizacji umowy sprzeda\u017cy i dostarczenia Ci zakupionych towar\u00f3w; podanie Twoich danych osobowych w tym celu nie jest obowi\u0105zkowe, ale konieczne do wykonania umowy,<\/li>\n<li>b) W celu prowadzenia Twojego konta na strona Sklepu \u2013 podstaw\u0105 przetwarzania Twoich danych b\u0119dzie w tym wypadku\u00a0<strong>umowa <\/strong>zawarta z Administratorem poprzez za\u0142o\u017cenie konta i akceptacj\u0119 regulaminu Sklepu. Za\u0142o\u017cenie konta w Sklepie umo\u017cliwi Ci r\u00f3wnie\u017c dost\u0119p do przekazanych przez Ciebie danych, w tym historii Twoich zakup\u00f3w, i wykonywanie niekt\u00f3rych praw zwi\u0105zanymi z przetwarzaniem danych; podanie Twoich danych osobowych w tym celu nie jest obowi\u0105zkowe, ale konieczne do wykonania umowy,<\/li>\n<li>c) W celu przeprowadzania proces\u00f3w reklamacyjnych \u2013 w tym wypadku podstaw\u0105 przetwarzania jest\u00a0<strong>obowi\u0105zek Administratora <\/strong>wynikaj\u0105cy z przepisu prawa dotycz\u0105cych r\u0119kojmi za wady rzeczy sprzedanej. Podanie danych w formularzu reklamacyjnym jest obowi\u0105zkowe dla prawid\u0142owego rozpatrzenia Twojej reklamacji.<\/li>\n<li>d) Je\u017celi wyrazisz na to odr\u0119bn\u0105 zgod\u0119, b\u0119dziemy wysy\u0142a\u0107 na podany przez Ciebie adres e-mail informacj\u0119 handlow\u0105 dotycz\u0105c\u0105 towar\u00f3w oferowanych do sprzeda\u017cy w Sklepie, w tym ofert promocyjnych \u2013 w tym wypadku podstaw\u0105 przetwarzania jest\u00a0<strong>Twoja zgoda<\/strong>, kt\u00f3ra nie jest obowi\u0105zkowa i mo\u017cesz j\u0105 cofn\u0105\u0107 w ka\u017cdej chwili kontaktuj\u0105c si\u0119 na podane wy\u017cej dane lub klikaj\u0105c w link, kt\u00f3ry przesy\u0142amy w ka\u017cdej wiadomo\u015bci e-mail zawieraj\u0105cej informacje handlow\u0105. Cofni\u0119cie zgody pozostaje bez wp\u0142ywu na prawid\u0142owo\u015b\u0107 przetwarzania danych w okresie sprzed jej cofni\u0119cia.<\/li>\n<li>e) W celach statystycznych dla wewn\u0119trznych potrzeb Administratora \u2013 w tym wypadku podstaw\u0105 przetwarzania b\u0119dzie\u00a0<strong>prawnie uzasadniony interes Administratora <\/strong>polegaj\u0105cy na zbieraniu informacji umo\u017cliwiaj\u0105cych rozwijanie dzia\u0142alno\u015bci i dostosowywanie us\u0142ug do potrzeb u\u017cytkownik\u00f3w Sklepu.<\/li>\n<li>f) W celu potwierdzenia wykonania naszych obowi\u0105zk\u00f3w oraz dochodzenia roszcze\u0144 lub obrony przed roszczeniami, kt\u00f3re mog\u0105 by\u0107 kierowane przeciwko nam, zapobiegania lub wykrywania oszustw \u2013 podstaw\u0105 przetwarzania Twoich danych w tym przypadku b\u0119dzie\u00a0<strong>prawnie uzasadniony interes Administratora <\/strong>jakim jest ochrona praw, potwierdzenie wykonania obowi\u0105zk\u00f3w i uzyskanie z tego tytu\u0142u nale\u017cnego wynagrodzenia od klient\u00f3w Administratora.<\/li>\n<\/ol>\n<p><strong>Jak skontaktowa\u0107 si\u0119 z Inspektorem Danych Osobowych?<\/strong><\/p>\n<p>Kontakt z Inspektorem Danych Osobowych:<br \/>\nbiuro@fundacjarakiety.pl<br \/>\nlub<br \/>\nInspektor Danych Osobowych<br \/>\nul.\u00a0Stryje\u0144skich 19 lok. U21\/21A<br \/>\n02-791 Warszawa<\/p>\n<p><strong>Czy podanie danych osobowych jest obowi\u0105zkowe?<\/strong><\/p>\n<p>Do Ciebie nale\u017cy decyzja czy i jakie dane nam udost\u0119pniasz, pami\u0119taj jednak, \u017ce dokonuj\u0105c zakup\u00f3w w Sklepie podanie okre\u015blonych danych b\u0119dzie obowi\u0105zkowe do wykonania umowy sprzeda\u017cy, gdy\u017c bez nich nie b\u0119dziemy w stanie zrealizowa\u0107 Twojego zam\u00f3wienia.<br \/>\nNie podanie wymaganych przez nas danych skutkuje brakiem z\u0142o\u017cenia zam\u00f3wienia. Nie jest obowi\u0105zkowe wyra\u017cenie przez Ciebie zgody na otrzymywanie informacji handlowej na podany adres e-mail lub podany numer telefonu dla realizacji zawartej umowy sprzeda\u017cy Towar\u00f3w. Je\u017celi wyrazisz tak\u0105 zgod\u0119, b\u0119dziesz m\u00f3g\u0142 j\u0105 cofn\u0105\u0107 w ka\u017cdym czasie.<\/p>\n<p><strong>Jak d\u0142ugo b\u0119dziemy przetwarza\u0107 dane osobowe?<\/strong><\/p>\n<p>Dane Osobowe mog\u0105 by\u0107 przechowywane przez okres korzystania ze sklepu internetowego (przy czym mog\u0105 zosta\u0107 usuni\u0119te po trzech latach od ostatniej aktywno\u015bci Klienta w ramach sklepu internetowego), w przypadku dzia\u0142a\u0144 marketingowych \u2013 do czasu wniesienia przez Klienta sprzeciwu, a je\u015bli zwi\u0105zane s\u0105 z technologi\u0105 cookies i podobnymi, w zale\u017cno\u015bci od kwestii technicznych, do czasu usuni\u0119cia tych plik\u00f3w przy pomocy ustawie\u0144 przegl\u0105darki \/ urz\u0105dzenia (przy czym usuni\u0119cie plik\u00f3w nie zawsze jest to\u017csame z usuni\u0119ciem Danych Osobowych uzyskanych za po\u015brednictwem tych plik\u00f3w, st\u0105d mo\u017cliwo\u015b\u0107 sprzeciwu).<\/p>\n<p>Je\u017celi przetwarzanie Danych Osobowych jest uzale\u017cnione od zgody Klienta, Dane Osobowe mog\u0105 by\u0107 przetwarzane dop\u00f3ki nie zostanie ona cofni\u0119ta.<\/p>\n<p>W ka\u017cdym przypadku:<\/p>\n<ol>\n<li>Dane Osobowe b\u0119d\u0105 przechowywane r\u00f3wnie\u017c wtedy, gdy przepisy prawa (np. ksi\u0119gowe lub podatkowe) b\u0119d\u0105 zobowi\u0105zywa\u0107 Administratora do ich przetwarzania;<\/li>\n<li>Dane Osobowe b\u0119dziemy przechowywa\u0107 d\u0142u\u017cej na wypadek, gdyby Klient mia\u0142 wobec Administratora jakiekolwiek roszczenia, w celu dochodzenia roszcze\u0144 przez Administratora, b\u0105d\u017a w celu dochodzenia lub obrony przed roszczeniami os\u00f3b trzecich, przez okres ich przedawnienia okre\u015blony przepisami prawa, w szczeg\u00f3lno\u015bci kodeksu cywilnego.<\/li>\n<\/ol>\n<p>W zale\u017cno\u015bci od zakresu Danych Osobowych i cel\u00f3w ich przetwarzania mog\u0105 by\u0107 wi\u0119c one przechowywane przez r\u00f3\u017cny okres.<\/p>\n<p>W ka\u017cdym przypadku decyduje d\u0142u\u017cszy termin przechowywania Danych Osobowych.<\/p>\n<p><strong>Jakie prawa Ci przys\u0142uguj\u0105 w zwi\u0105zku z przetwarzaniem danych?<\/strong><\/p>\n<p>Zgodnie z RODO przys\u0142uguje Ci szereg praw w zwi\u0105zku z przekazaniem nam Twoich danych osobowych, takich jak:<\/p>\n<ol>\n<li>a)\u00a0<strong>Prawo do informacji, w jaki spos\u00f3b s\u0105 przetwarzane Twoje dane osobowe<\/strong>\u2013 w razie pyta\u0144 dotycz\u0105cych tego czy i jak przetwarzamy Twoje dane skontaktuj si\u0119 z nami za pomoc\u0105 udost\u0119pnionego na tej stronie formularza kontaktowego lub przesy\u0142aj\u0105c informacj\u0119 do pod adres biuro@fundacjarakiety.pl, ch\u0119tnie na nie odpowiemy,<\/li>\n<li>b)\u00a0<strong>Prawo do dost\u0119pu i aktualizacji danych<\/strong>\u2013 zawsze masz dost\u0119p do Twoich danych osobowych na Twoim koncie w Sklepie. Mo\u017cesz tam edytowa\u0107 dostarczone nam dane oraz je aktualizowa\u0107. Je\u017celi nie za\u0142o\u017cy\u0142e\u015b konta w Sklepie skontaktuj si\u0119 z nami za po\u015brednictwem formularza kontaktowego na niniejszej stronie lub napisz do naszego Inspektora Ochrony Danych z \u017c\u0105daniem dost\u0119pu do Twoich danych \u2013 przeka\u017cemy Ci informacje jakie Twoje dane przetwarzamy i zaktualizujemy je na Twoje \u017c\u0105danie,<\/li>\n<li>c) Na zasadach okre\u015blonych w RODO, przys\u0142uguj\u0105 Ci r\u00f3wnie\u017c prawa do:<br \/>\n<strong>Usuni\u0119cia danych<\/strong>\u2013 je\u017celi chcesz, aby\u015bmy przestali przetwarza\u0107 Twoje dane, mo\u017cesz usun\u0105\u0107 swoje konto w Sklepie lub zg\u0142osi\u0107 nam takie \u017c\u0105danie. Pami\u0119taj jednak, \u017ce nie jest to bezwzgl\u0119dne prawo i mo\u017cemy odm\u00f3wi\u0107 usuni\u0119cia tych Twoich danych, co do kt\u00f3rych mamy podstaw\u0119 do ich przetwarzania (np. realizacja obowi\u0105zku prawnego lub dochodzenia roszcze\u0144 lub obrony przed roszczeniami, kt\u00f3re mog\u0105 by\u0107 kierowane przeciwko nam),<br \/>\n\u2022 \u017b\u0105dania\u00a0<strong>ograniczenia przetwarzania<\/strong>\u00a0Twoich danych,<br \/>\n\u2022\u00a0<strong>Zg\u0142oszenia sprzeciwu<\/strong>\u00a0co do przetwarzania Twoich danych, je\u017celi podstaw\u0105 przetwarzania jest uzasadniony interes Administratora lub wykonywanie zada\u0144 w interesie publicznym,<br \/>\n\u2022\u00a0<strong>Cofni\u0119cia zgody<\/strong>, je\u017celi dane s\u0105 przetwarzane na podstawie Twojej zgody,<br \/>\n\u2022\u00a0<strong>Przeniesienia danych<\/strong>, je\u017celi przetwarzanie odbywa si\u0119 na podstawie umowy lub Twojej zgody.<\/li>\n<\/ol>\n","protected":false},"excerpt":{"rendered":"<p>Polityka prywatno\u015bci Przywi\u0105zujemy du\u017c\u0105 wag\u0119 do ochrony Twoich danych osobowych i post\u0119powania z nimi zgodnie z odpowiednimi przepisami prawa, w szczeg\u00f3lno\u015bci zgodnie z Og\u00f3lnym Rozporz\u0105dzeniem o Ochronie Danych z dnia 27 kwietnia 2016 r. (\u201eRODO\u201d). Naszym celem jest umo\u017cliwienie Ci pe\u0142nej informacji i kontroli w zakresie przetwarzania przez nas Twoich danych oraz udost\u0119pnienie narz\u0119dzi pozwalaj\u0105cych [&hellip;]<\/p>\n","protected":false},"author":1,"featured_media":0,"parent":0,"menu_order":0,"comment_status":"closed","ping_status":"open","template":"","meta":[],"_links":{"self":[{"href":"https:\/\/fundacjarakiety.pl\/sklep\/wp-json\/wp\/v2\/pages\/3"}],"collection":[{"href":"https:\/\/fundacjarakiety.pl\/sklep\/wp-json\/wp\/v2\/pages"}],"about":[{"href":"https:\/\/fundacjarakiety.pl\/sklep\/wp-json\/wp\/v2\/types\/page"}],"author":[{"embeddable":true,"href":"https:\/\/fundacjarakiety.pl\/sklep\/wp-json\/wp\/v2\/users\/1"}],"replies":[{"embeddable":true,"href":"https:\/\/fundacjarakiety.pl\/sklep\/wp-json\/wp\/v2\/comments?post=3"}],"version-history":[{"count":8,"href":"https:\/\/fundacjarakiety.pl\/sklep\/wp-json\/wp\/v2\/pages\/3\/revisions"}],"predecessor-version":[{"id":806,"href":"https:\/\/fundacjarakiety.pl\/sklep\/wp-json\/wp\/v2\/pages\/3\/revisions\/806"}],"wp:attachment":[{"href":"https:\/\/fundacjarakiety.pl\/sklep\/wp-json\/wp\/v2\/media?parent=3"}],"curies":[{"name":"wp","href":"https:\/\/api.w.org\/{rel}","templated":true}]}}