{"id":87,"date":"2021-12-17T13:51:56","date_gmt":"2021-12-17T12:51:56","guid":{"rendered":"https:\/\/rocket-prod-335323.ew.r.appspot.com\/?page_id=87"},"modified":"2023-08-01T11:41:05","modified_gmt":"2023-08-01T09:41:05","slug":"pisza-o-nas","status":"publish","type":"page","link":"https:\/\/fundacjarakiety.pl\/en\/pisza-o-nas\/","title":{"rendered":"They write about us"},"content":{"rendered":"<div data-elementor-type=\"wp-page\" data-elementor-id=\"87\" class=\"elementor elementor-87\">\n\t\t\t\t\t\t<section class=\"elementor-section elementor-top-section elementor-element elementor-element-1ecc8e3f elementor-section-boxed elementor-section-height-default elementor-section-height-default\" data-id=\"1ecc8e3f\" data-element_type=\"section\" data-e-type=\"section\">\n\t\t\t\t\t\t<div class=\"elementor-container elementor-column-gap-default\">\n\t\t\t\t\t<div class=\"elementor-column elementor-col-100 elementor-top-column elementor-element elementor-element-ebb5bd0\" data-id=\"ebb5bd0\" data-element_type=\"column\" data-e-type=\"column\">\n\t\t\t<div class=\"elementor-widget-wrap elementor-element-populated\">\n\t\t\t\t\t\t<section class=\"elementor-section elementor-inner-section elementor-element elementor-element-d6a18b4 elementor-section-boxed elementor-section-height-default elementor-section-height-default\" data-id=\"d6a18b4\" data-element_type=\"section\" data-e-type=\"section\">\n\t\t\t\t\t\t<div class=\"elementor-container elementor-column-gap-default\">\n\t\t\t\t\t<div class=\"elementor-column elementor-col-50 elementor-inner-column elementor-element elementor-element-1b238ca\" data-id=\"1b238ca\" data-element_type=\"column\" data-e-type=\"column\">\n\t\t\t<div class=\"elementor-widget-wrap elementor-element-populated\">\n\t\t\t\t\t\t<div class=\"elementor-element elementor-element-009f6ab elementor-widget elementor-widget-image\" data-id=\"009f6ab\" data-element_type=\"widget\" data-e-type=\"widget\" data-widget_type=\"image.default\">\n\t\t\t\t<div class=\"elementor-widget-container\">\n\t\t\t\t\t\t\t\t\t\t\t\t\t\t\t<img fetchpriority=\"high\" decoding=\"async\" width=\"768\" height=\"512\" src=\"https:\/\/fundacjarakiety.pl\/wp-content\/uploads\/2021\/12\/mediami-w-raka-768x512.jpg\" class=\"attachment-medium_large size-medium_large wp-image-16738\" alt=\"\" srcset=\"https:\/\/fundacjarakiety.pl\/wp-content\/uploads\/2021\/12\/mediami-w-raka-768x512.jpg 768w, https:\/\/fundacjarakiety.pl\/wp-content\/uploads\/2021\/12\/mediami-w-raka-300x200.jpg 300w, https:\/\/fundacjarakiety.pl\/wp-content\/uploads\/2021\/12\/mediami-w-raka-600x400.jpg 600w, https:\/\/fundacjarakiety.pl\/wp-content\/uploads\/2021\/12\/mediami-w-raka.jpg 1280w\" sizes=\"(max-width: 768px) 100vw, 768px\" \/>\t\t\t\t\t\t\t\t\t\t\t\t\t\t\t<\/div>\n\t\t\t\t<\/div>\n\t\t\t\t\t<\/div>\n\t\t<\/div>\n\t\t\t\t<div class=\"elementor-column elementor-col-50 elementor-inner-column elementor-element elementor-element-da4574d\" data-id=\"da4574d\" data-element_type=\"column\" data-e-type=\"column\">\n\t\t\t<div class=\"elementor-widget-wrap elementor-element-populated\">\n\t\t\t\t\t\t<div class=\"elementor-element elementor-element-e4faa3f elementor-widget elementor-widget-text-editor\" data-id=\"e4faa3f\" data-element_type=\"widget\" data-e-type=\"widget\" data-widget_type=\"text-editor.default\">\n\t\t\t\t<div class=\"elementor-widget-container\">\n\t\t\t\t\t\t\t\t\t<p>Do you want to spend time together, strengthen your relationship and do something good? You&#039;ve come to the right place!<\/p>\n<p>Do you work for a newspaper, radio or television? Do you edit a website?<br \/>Use your job to beat cancer!<\/p>\n<p>We are happy to cooperate with media representatives. We know well that the work of a journalist requires speed and efficiency, which is why we are happy to co-create the necessary materials.<\/p>\n<p>We share expert knowledge regarding oncology, psycho-oncology, the health system, treatment methods, volunteering and corporate social responsibility (CSR).<br \/><a href=\"https:\/\/fundacjarakiety.pl\/index.php\/kontakt\/\" target=\"_blank\" rel=\"noreferrer noopener\" data-type=\"page\" data-id=\"34\">Write to us!<\/a><\/p>\t\t\t\t\t\t\t\t<\/div>\n\t\t\t\t<\/div>\n\t\t\t\t\t<\/div>\n\t\t<\/div>\n\t\t\t\t\t<\/div>\n\t\t<\/section>\n\t\t\t\t\t<\/div>\n\t\t<\/div>\n\t\t\t\t\t<\/div>\n\t\t<\/section>\n\t\t\t\t<section class=\"elementor-section elementor-top-section elementor-element elementor-element-bd3f43b elementor-section-stretched elementor-section-full_width elementor-section-height-default elementor-section-height-default\" data-id=\"bd3f43b\" data-element_type=\"section\" data-e-type=\"section\" data-settings=\"{&quot;stretch_section&quot;:&quot;section-stretched&quot;,&quot;background_background&quot;:&quot;classic&quot;}\">\n\t\t\t\t\t\t<div class=\"elementor-container elementor-column-gap-default\">\n\t\t\t\t\t<div class=\"elementor-column elementor-col-100 elementor-top-column elementor-element elementor-element-430da8a\" data-id=\"430da8a\" data-element_type=\"column\" data-e-type=\"column\">\n\t\t\t<div class=\"elementor-widget-wrap elementor-element-populated\">\n\t\t\t\t\t\t<div class=\"elementor-element elementor-element-8ad1942 meta-visibility-show title_position_default title_hover_border_default title-default img_hover_animation_default meta_position_default grid-hover-overlay-type-always tpg-el-box-border-enable tpg-border-bottom-disable elementor-widget elementor-widget-tpg-grid-layout\" data-id=\"8ad1942\" data-element_type=\"widget\" data-e-type=\"widget\" data-widget_type=\"tpg-grid-layout.default\">\n\t\t\t\t<div class=\"elementor-widget-container\">\n\t\t\t\t\t\t\t<div class=\"rt-container-fluid rt-tpg-container tpg-el-main-wrapper clearfix grid-layout1-main\"\n\t\t\t id=\"rt-tpg-container-3179869291\"\n\t\t\t data-layout=\"grid-layout1\"\n\t\t\t data-grid-style=\"tpg-full-height\"\n\t\t\t data-sc-id=\"elementor\"\n\t\t\t data-el-settings=''\n\t\t\t data-el-query=''\n\t\t\t data-el-path=''\n\t\t>\n\t\t\t\t\t\t\t<div id=\"bottom-script-loader\" class=\"bottom-script-loader\">\n\t\t\t\t\t<div class=\"rt-ball-clip-rotate\">\n\t\t\t\t\t\t<div><\/div>\n\t\t\t\t\t<\/div>\n\t\t\t\t<\/div>\n\t\t\t\t\t\t\t<div class='tpg-header-wrapper'>\n\t\t\t\t\t\t\t<\/div>\n\n\t\t\t<div data-title=\"Loading ...\" class=\"rt-row rt-content-loader grid-layout1 grid-behaviour tpg-full-height grid_layout_wrapper\">\n\t\t\t\t<div class=\"rt-col-md-4 rt-col-sm-6 rt-col-xs-12 default rt-grid-item post-22480 post type-post status-publish format-standard has-post-thumbnail hentry category-pisza-o-nas\"        data-id=\"22480\">\n    <div class=\"rt-holder tpg-post-holder\">\n        <div class=\"rt-detail rt-el-content-wrapper\">\n\t\t\t                <div class=\"rt-img-holder tpg-el-image-wrap has-thumbnail\">\n\t\t\t\t\t<a data-id=\"22480\" href=\"https:\/\/fundacjarakiety.pl\/en\/slaskie-pl-festiwal-i-dar-karetek\/\" class=\"tpg-post-link\" target=\"_self\">                        <img decoding=\"async\" src=\"https:\/\/fundacjarakiety.pl\/wp-content\/uploads\/2022\/05\/festiwal-i-dar-karetek-maj2022-410x273.jpg\"\n                             class=\"rt-img-responsive\"\n                             width=\"410\"\n                             height=\"273\"\n                             alt=\"\u015al\u0105skie.pl \u2013 Festiwal i dar karetek\">\n\t\t\t\t\t\t\n\t\t\t\t\t\t\t\n\t\t<\/a>\n\t\t        <div class=\"overlay grid-hover-content\"><\/div>\n\t\t                <\/div>\n\t\t\t\n\t\t\t<div class=\"entry-title-wrapper\"><h3 class=\"entry-title\"><a data-id=\"22480\" href=\"https:\/\/fundacjarakiety.pl\/en\/slaskie-pl-festiwal-i-dar-karetek\/\" class=\"tpg-post-link\" target=\"_self\">\u015al\u0105skie.pl \u2013 Festival and the gift of ambulances<\/a><\/h3><\/div>\n\t\t\t                <div class=\"post-meta-tags rt-el-post-meta\">\n\t\t\t\t\t            <span class='date'>\n\t\t\t\t<i class='far fa-calendar-alt'><\/i>\t\t\t\t                    <a href=\"https:\/\/fundacjarakiety.pl\/en\/2022\/05\/22\/\">\n\t\t\t\t\tMay 22, 2022\t\t\t\t<\/a>\n\t\t\t\t\t\t\t<\/span>\n\t\t\t                <\/div>\n\t\t\t\n\n\t\t\t\n\t\t\t        <\/div>\n    <\/div>\n<\/div>\n<div class=\"rt-col-md-4 rt-col-sm-6 rt-col-xs-12 default rt-grid-item post-21743 post type-post status-publish format-standard has-post-thumbnail hentry category-pisza-o-nas\"        data-id=\"21743\">\n    <div class=\"rt-holder tpg-post-holder\">\n        <div class=\"rt-detail rt-el-content-wrapper\">\n\t\t\t                <div class=\"rt-img-holder tpg-el-image-wrap has-thumbnail\">\n\t\t\t\t\t<a data-id=\"21743\" href=\"https:\/\/fundacjarakiety.pl\/en\/radio-katowice-o-naszych-dzialaniach-na-rzecz-ukrainy\/\" class=\"tpg-post-link\" target=\"_self\">                        <img decoding=\"async\" src=\"https:\/\/fundacjarakiety.pl\/wp-content\/uploads\/2022\/04\/Polskie-Radio-Katowice-Reportaz-410x273.jpg\"\n                             class=\"rt-img-responsive\"\n                             width=\"410\"\n                             height=\"273\"\n                             alt=\"grafika Radia Katowice - mikrofon i napis Reporta\u017ce\">\n\t\t\t\t\t\t\n\t\t\t\t\t\t\t\n\t\t<\/a>\n\t\t        <div class=\"overlay grid-hover-content\"><\/div>\n\t\t                <\/div>\n\t\t\t\n\t\t\t<div class=\"entry-title-wrapper\"><h3 class=\"entry-title\"><a data-id=\"21743\" href=\"https:\/\/fundacjarakiety.pl\/en\/radio-katowice-o-naszych-dzialaniach-na-rzecz-ukrainy\/\" class=\"tpg-post-link\" target=\"_self\">Radio Katowice about our activities for Ukraine<\/a><\/h3><\/div>\n\t\t\t                <div class=\"post-meta-tags rt-el-post-meta\">\n\t\t\t\t\t            <span class='date'>\n\t\t\t\t<i class='far fa-calendar-alt'><\/i>\t\t\t\t                    <a href=\"https:\/\/fundacjarakiety.pl\/en\/2022\/04\/14\/\">\n\t\t\t\t\tApril 14, 2022\t\t\t\t<\/a>\n\t\t\t\t\t\t\t<\/span>\n\t\t\t                <\/div>\n\t\t\t\n\n\t\t\t\n\t\t\t        <\/div>\n    <\/div>\n<\/div>\n<div class=\"rt-col-md-4 rt-col-sm-6 rt-col-xs-12 default rt-grid-item post-19971 post type-post status-publish format-standard has-post-thumbnail hentry category-pisza-o-nas\"        data-id=\"19971\">\n    <div class=\"rt-holder tpg-post-holder\">\n        <div class=\"rt-detail rt-el-content-wrapper\">\n\t\t\t                <div class=\"rt-img-holder tpg-el-image-wrap has-thumbnail\">\n\t\t\t\t\t<a data-id=\"19971\" href=\"https:\/\/fundacjarakiety.pl\/en\/tvp-pytanie-na-sniadanie\/\" class=\"tpg-post-link\" target=\"_self\">                        <img loading=\"lazy\" decoding=\"async\" src=\"https:\/\/fundacjarakiety.pl\/wp-content\/uploads\/2022\/03\/dzieci-z-rakiem-z-ukrainy-mar2022-1-410x273.jpg\"\n                             class=\"rt-img-responsive\"\n                             width=\"410\"\n                             height=\"273\"\n                             alt=\"TVP Pytanie na \u015aniadanie\">\n\t\t\t\t\t\t\n\t\t\t\t\t\t\t\n\t\t<\/a>\n\t\t        <div class=\"overlay grid-hover-content\"><\/div>\n\t\t                <\/div>\n\t\t\t\n\t\t\t<div class=\"entry-title-wrapper\"><h3 class=\"entry-title\"><a data-id=\"19971\" href=\"https:\/\/fundacjarakiety.pl\/en\/tvp-pytanie-na-sniadanie\/\" class=\"tpg-post-link\" target=\"_self\">TVP Question for Breakfast<\/a><\/h3><\/div>\n\t\t\t                <div class=\"post-meta-tags rt-el-post-meta\">\n\t\t\t\t\t            <span class='date'>\n\t\t\t\t<i class='far fa-calendar-alt'><\/i>\t\t\t\t                    <a href=\"https:\/\/fundacjarakiety.pl\/en\/2022\/03\/13\/\">\n\t\t\t\t\tMarch 13, 2022\t\t\t\t<\/a>\n\t\t\t\t\t\t\t<\/span>\n\t\t\t                <\/div>\n\t\t\t\n\n\t\t\t\n\t\t\t        <\/div>\n    <\/div>\n<\/div>\n<div class=\"rt-col-md-4 rt-col-sm-6 rt-col-xs-12 default rt-grid-item post-19974 post type-post status-publish format-standard has-post-thumbnail hentry category-pisza-o-nas\"        data-id=\"19974\">\n    <div class=\"rt-holder tpg-post-holder\">\n        <div class=\"rt-detail rt-el-content-wrapper\">\n\t\t\t                <div class=\"rt-img-holder tpg-el-image-wrap has-thumbnail\">\n\t\t\t\t\t<a data-id=\"19974\" href=\"https:\/\/fundacjarakiety.pl\/en\/super-express\/\" class=\"tpg-post-link\" target=\"_self\">                        <img loading=\"lazy\" decoding=\"async\" src=\"https:\/\/fundacjarakiety.pl\/wp-content\/uploads\/2022\/03\/tata-Kseni-wolodymyr-juz-w-PL-mar2022-150x150.jpg\"\n                             class=\"rt-img-responsive\"\n                             width=\"150\"\n                             height=\"150\"\n                             alt=\"Super Express\">\n\t\t\t\t\t\t\n\t\t\t\t\t\t\t\n\t\t<\/a>\n\t\t        <div class=\"overlay grid-hover-content\"><\/div>\n\t\t                <\/div>\n\t\t\t\n\t\t\t<div class=\"entry-title-wrapper\"><h3 class=\"entry-title\"><a data-id=\"19974\" href=\"https:\/\/fundacjarakiety.pl\/en\/super-express\/\" class=\"tpg-post-link\" target=\"_self\">Super Express<\/a><\/h3><\/div>\n\t\t\t                <div class=\"post-meta-tags rt-el-post-meta\">\n\t\t\t\t\t            <span class='date'>\n\t\t\t\t<i class='far fa-calendar-alt'><\/i>\t\t\t\t                    <a href=\"https:\/\/fundacjarakiety.pl\/en\/2022\/03\/09\/\">\n\t\t\t\t\tMarch 9, 2022\t\t\t\t<\/a>\n\t\t\t\t\t\t\t<\/span>\n\t\t\t                <\/div>\n\t\t\t\n\n\t\t\t\n\t\t\t        <\/div>\n    <\/div>\n<\/div>\n<div class=\"rt-col-md-4 rt-col-sm-6 rt-col-xs-12 default rt-grid-item post-21738 post type-post status-publish format-standard has-post-thumbnail hentry category-pisza-o-nas\"        data-id=\"21738\">\n    <div class=\"rt-holder tpg-post-holder\">\n        <div class=\"rt-detail rt-el-content-wrapper\">\n\t\t\t                <div class=\"rt-img-holder tpg-el-image-wrap has-thumbnail\">\n\t\t\t\t\t<a data-id=\"21738\" href=\"https:\/\/fundacjarakiety.pl\/en\/tvp3-warszawa-o-naszej-pomocy-dla-ukrainy\/\" class=\"tpg-post-link\" target=\"_self\">                        <img loading=\"lazy\" decoding=\"async\" src=\"https:\/\/fundacjarakiety.pl\/wp-content\/uploads\/2022\/04\/warszawski-dzien-tvp3-3marca2022-410x273.jpg\"\n                             class=\"rt-img-responsive\"\n                             width=\"410\"\n                             height=\"273\"\n                             alt=\"kadr z programu\">\n\t\t\t\t\t\t\n\t\t\t\t\t\t\t\n\t\t<\/a>\n\t\t        <div class=\"overlay grid-hover-content\"><\/div>\n\t\t                <\/div>\n\t\t\t\n\t\t\t<div class=\"entry-title-wrapper\"><h3 class=\"entry-title\"><a data-id=\"21738\" href=\"https:\/\/fundacjarakiety.pl\/en\/tvp3-warszawa-o-naszej-pomocy-dla-ukrainy\/\" class=\"tpg-post-link\" target=\"_self\">TVP3 Warszawa about our help for Ukraine<\/a><\/h3><\/div>\n\t\t\t                <div class=\"post-meta-tags rt-el-post-meta\">\n\t\t\t\t\t            <span class='date'>\n\t\t\t\t<i class='far fa-calendar-alt'><\/i>\t\t\t\t                    <a href=\"https:\/\/fundacjarakiety.pl\/en\/2022\/03\/03\/\">\n\t\t\t\t\tMarch 3, 2022\t\t\t\t<\/a>\n\t\t\t\t\t\t\t<\/span>\n\t\t\t                <\/div>\n\t\t\t\n\n\t\t\t\n\t\t\t        <\/div>\n    <\/div>\n<\/div>\n<div class=\"rt-col-md-4 rt-col-sm-6 rt-col-xs-12 default rt-grid-item post-19968 post type-post status-publish format-standard has-post-thumbnail hentry category-pisza-o-nas\"        data-id=\"19968\">\n    <div class=\"rt-holder tpg-post-holder\">\n        <div class=\"rt-detail rt-el-content-wrapper\">\n\t\t\t                <div class=\"rt-img-holder tpg-el-image-wrap has-thumbnail\">\n\t\t\t\t\t<a data-id=\"19968\" href=\"https:\/\/fundacjarakiety.pl\/en\/tvp3-katowice\/\" class=\"tpg-post-link\" target=\"_self\">                        <img loading=\"lazy\" decoding=\"async\" src=\"https:\/\/fundacjarakiety.pl\/wp-content\/uploads\/2022\/03\/pokaz-mody-onkologicznej-2021-150x150.jpg\"\n                             class=\"rt-img-responsive\"\n                             width=\"150\"\n                             height=\"150\"\n                             alt=\"TVP3 Katowice\">\n\t\t\t\t\t\t\n\t\t\t\t\t\t\t\n\t\t<\/a>\n\t\t        <div class=\"overlay grid-hover-content\"><\/div>\n\t\t                <\/div>\n\t\t\t\n\t\t\t<div class=\"entry-title-wrapper\"><h3 class=\"entry-title\"><a data-id=\"19968\" href=\"https:\/\/fundacjarakiety.pl\/en\/tvp3-katowice\/\" class=\"tpg-post-link\" target=\"_self\">TVP3 Katowice<\/a><\/h3><\/div>\n\t\t\t                <div class=\"post-meta-tags rt-el-post-meta\">\n\t\t\t\t\t            <span class='date'>\n\t\t\t\t<i class='far fa-calendar-alt'><\/i>\t\t\t\t                    <a href=\"https:\/\/fundacjarakiety.pl\/en\/2021\/06\/11\/\">\n\t\t\t\t\tJune 11, 2021\t\t\t\t<\/a>\n\t\t\t\t\t\t\t<\/span>\n\t\t\t                <\/div>\n\t\t\t\n\n\t\t\t\n\t\t\t        <\/div>\n    <\/div>\n<\/div>\n<div class=\"rt-col-md-4 rt-col-sm-6 rt-col-xs-12 default rt-grid-item post-19965 post type-post status-publish format-standard has-post-thumbnail hentry category-pisza-o-nas\"        data-id=\"19965\">\n    <div class=\"rt-holder tpg-post-holder\">\n        <div class=\"rt-detail rt-el-content-wrapper\">\n\t\t\t                <div class=\"rt-img-holder tpg-el-image-wrap has-thumbnail\">\n\t\t\t\t\t<a data-id=\"19965\" href=\"https:\/\/fundacjarakiety.pl\/en\/dziennik-zachodni\/\" class=\"tpg-post-link\" target=\"_self\">                        <img loading=\"lazy\" decoding=\"async\" src=\"https:\/\/fundacjarakiety.pl\/wp-content\/uploads\/2022\/03\/pokaz-mody-amazonek-katowice-150x150.jpg\"\n                             class=\"rt-img-responsive\"\n                             width=\"150\"\n                             height=\"150\"\n                             alt=\"Dziennik Zachodni\">\n\t\t\t\t\t\t\n\t\t\t\t\t\t\t\n\t\t<\/a>\n\t\t        <div class=\"overlay grid-hover-content\"><\/div>\n\t\t                <\/div>\n\t\t\t\n\t\t\t<div class=\"entry-title-wrapper\"><h3 class=\"entry-title\"><a data-id=\"19965\" href=\"https:\/\/fundacjarakiety.pl\/en\/dziennik-zachodni\/\" class=\"tpg-post-link\" target=\"_self\">Dziennik Zachodni<\/a><\/h3><\/div>\n\t\t\t                <div class=\"post-meta-tags rt-el-post-meta\">\n\t\t\t\t\t            <span class='date'>\n\t\t\t\t<i class='far fa-calendar-alt'><\/i>\t\t\t\t                    <a href=\"https:\/\/fundacjarakiety.pl\/en\/2021\/06\/11\/\">\n\t\t\t\t\tJune 11, 2021\t\t\t\t<\/a>\n\t\t\t\t\t\t\t<\/span>\n\t\t\t                <\/div>\n\t\t\t\n\n\t\t\t\n\t\t\t        <\/div>\n    <\/div>\n<\/div>\n<div class=\"rt-col-md-4 rt-col-sm-6 rt-col-xs-12 default rt-grid-item post-19960 post type-post status-publish format-standard has-post-thumbnail hentry category-pisza-o-nas\"        data-id=\"19960\">\n    <div class=\"rt-holder tpg-post-holder\">\n        <div class=\"rt-detail rt-el-content-wrapper\">\n\t\t\t                <div class=\"rt-img-holder tpg-el-image-wrap has-thumbnail\">\n\t\t\t\t\t<a data-id=\"19960\" href=\"https:\/\/fundacjarakiety.pl\/en\/radio-em\/\" class=\"tpg-post-link\" target=\"_self\">                        <img loading=\"lazy\" decoding=\"async\" src=\"https:\/\/fundacjarakiety.pl\/wp-content\/uploads\/2022\/03\/okularyvr-pomoga-pacjentom-150x150.webp\"\n                             class=\"rt-img-responsive\"\n                             width=\"150\"\n                             height=\"150\"\n                             alt=\"Radio eM\">\n\t\t\t\t\t\t\n\t\t\t\t\t\t\t\n\t\t<\/a>\n\t\t        <div class=\"overlay grid-hover-content\"><\/div>\n\t\t                <\/div>\n\t\t\t\n\t\t\t<div class=\"entry-title-wrapper\"><h3 class=\"entry-title\"><a data-id=\"19960\" href=\"https:\/\/fundacjarakiety.pl\/en\/radio-em\/\" class=\"tpg-post-link\" target=\"_self\">Radio eM<\/a><\/h3><\/div>\n\t\t\t                <div class=\"post-meta-tags rt-el-post-meta\">\n\t\t\t\t\t            <span class='date'>\n\t\t\t\t<i class='far fa-calendar-alt'><\/i>\t\t\t\t                    <a href=\"https:\/\/fundacjarakiety.pl\/en\/2021\/06\/09\/\">\n\t\t\t\t\tJune 9, 2021\t\t\t\t<\/a>\n\t\t\t\t\t\t\t<\/span>\n\t\t\t                <\/div>\n\t\t\t\n\n\t\t\t\n\t\t\t        <\/div>\n    <\/div>\n<\/div>\n\t\t\t<\/div>\n\t\t\t\n\t\t<\/div>\n\t\t\t\t\t\t<\/div>\n\t\t\t\t<\/div>\n\t\t\t\t\t<\/div>\n\t\t<\/div>\n\t\t\t\t\t<\/div>\n\t\t<\/section>\n\t\t\t\t<\/div>","protected":false},"excerpt":{"rendered":"<p>Chcecie sp\u0119dzi\u0107 razem czas, umocni\u0107 relacje i zrobi\u0107 co\u015b dobrego? Dobrze trafili\u015bcie! Pracujesz w gazecie, radiu lub telewizji? Redagujesz portal internetowy?Wykorzystaj swoj\u0105 prac\u0119, \u017ceby pokona\u0107 raka! Ch\u0119tnie wsp\u00f3\u0142pracujemy z przedstawicielami medi\u00f3w. Dobrze wiemy, \u017ce praca dziennikarza wymaga szybko\u015bci i sprawno\u015bci dzia\u0142ania, dlatego ch\u0119tnie wsp\u00f3\u0142tworzymy potrzebne materia\u0142y. Dzielimy si\u0119 eksperck\u0105 wiedz\u0105 dotycz\u0105c\u0105 onkologii, psychoonkologii, systemu zdrowia, [&hellip;]<\/p>\n","protected":false},"author":2,"featured_media":0,"parent":0,"menu_order":0,"comment_status":"closed","ping_status":"closed","template":"","meta":{"page_title":"","first_name":"","last_name":"","name_variation":"","funds_collected":0,"funds_target":0,"currency":"","left_on_the_subaccount":0,"refunded_expenses":0,"collection_on":"","content_update":"","number_pln":"","number_usd":"","number_eur":"","number_gbp":"","swift":"","transfer_title":"","recipient_details":"","krs":"","tax_specific_target":"","fundraiser_iri":"","footnotes":""},"class_list":["post-87","page","type-page","status-publish","hentry"],"rttpg_featured_image_url":null,"rttpg_author":{"display_name":"Fundacja Rakiety","author_link":"https:\/\/fundacjarakiety.pl\/en\/author\/dbaluk\/"},"rttpg_comment":0,"rttpg_category":"","rttpg_excerpt":"Chcecie sp\u0119dzi\u0107 razem czas, umocni\u0107 relacje i zrobi\u0107 co\u015b dobrego? Dobrze trafili\u015bcie! Pracujesz w gazecie, radiu lub telewizji? Redagujesz portal internetowy?Wykorzystaj swoj\u0105 prac\u0119, \u017ceby pokona\u0107 raka! Ch\u0119tnie wsp\u00f3\u0142pracujemy z przedstawicielami medi\u00f3w. Dobrze wiemy, \u017ce praca dziennikarza wymaga szybko\u015bci i sprawno\u015bci dzia\u0142ania, dlatego ch\u0119tnie wsp\u00f3\u0142tworzymy potrzebne materia\u0142y. Dzielimy si\u0119 eksperck\u0105 wiedz\u0105 dotycz\u0105c\u0105 onkologii, psychoonkologii, systemu zdrowia,&hellip;","_links":{"self":[{"href":"https:\/\/fundacjarakiety.pl\/en\/wp-json\/wp\/v2\/pages\/87"}],"collection":[{"href":"https:\/\/fundacjarakiety.pl\/en\/wp-json\/wp\/v2\/pages"}],"about":[{"href":"https:\/\/fundacjarakiety.pl\/en\/wp-json\/wp\/v2\/types\/page"}],"author":[{"embeddable":true,"href":"https:\/\/fundacjarakiety.pl\/en\/wp-json\/wp\/v2\/users\/2"}],"replies":[{"embeddable":true,"href":"https:\/\/fundacjarakiety.pl\/en\/wp-json\/wp\/v2\/comments?post=87"}],"version-history":[{"count":0,"href":"https:\/\/fundacjarakiety.pl\/en\/wp-json\/wp\/v2\/pages\/87\/revisions"}],"wp:attachment":[{"href":"https:\/\/fundacjarakiety.pl\/en\/wp-json\/wp\/v2\/media?parent=87"}],"curies":[{"name":"wp","href":"https:\/\/api.w.org\/{rel}","templated":true}]}}