{"id":79,"date":"2021-12-17T13:47:54","date_gmt":"2021-12-17T12:47:54","guid":{"rendered":"https:\/\/rocket-prod-335323.ew.r.appspot.com\/?page_id=79"},"modified":"2025-05-05T10:01:25","modified_gmt":"2025-05-05T08:01:25","slug":"pomoc-przy-okazji","status":"publish","type":"page","link":"https:\/\/fundacjarakiety.pl\/en\/pomoc-przy-okazji\/","title":{"rendered":"Help on Occasion"},"content":{"rendered":"<p>We&#039;re very pleased to have you here. Below you will find various forms of support, choose your favorite or suggest a new one!<br>The number of cancer cases increases every year. Any of us can get cancer. Let&#039;s help others overcome the disease and return to their everyday lives. <\/p>\n\n\n\n<hr class=\"wp-block-separator has-text-color has-luminous-vivid-amber-color has-css-opacity has-luminous-vivid-amber-background-color has-background is-style-wide\"\/>\n\n\n\n<div class=\"wp-block-media-text alignwide is-stacked-on-mobile is-vertically-aligned-top\"><figure class=\"wp-block-media-text__media\"><img fetchpriority=\"high\" decoding=\"async\" width=\"940\" height=\"940\" src=\"https:\/\/fundacjarakiety.pl\/wp-content\/uploads\/2023\/05\/ziarnko-do-ziarnka-\u2014-fanimani.png\" alt=\"\" class=\"wp-image-38872 size-full\" srcset=\"https:\/\/fundacjarakiety.pl\/wp-content\/uploads\/2023\/05\/ziarnko-do-ziarnka-\u2014-fanimani.png 940w, https:\/\/fundacjarakiety.pl\/wp-content\/uploads\/2023\/05\/ziarnko-do-ziarnka-\u2014-fanimani-300x300.png 300w, https:\/\/fundacjarakiety.pl\/wp-content\/uploads\/2023\/05\/ziarnko-do-ziarnka-\u2014-fanimani-768x768.png 768w, https:\/\/fundacjarakiety.pl\/wp-content\/uploads\/2023\/05\/ziarnko-do-ziarnka-\u2014-fanimani-600x600.png 600w, https:\/\/fundacjarakiety.pl\/wp-content\/uploads\/2023\/05\/ziarnko-do-ziarnka-\u2014-fanimani-100x100.png 100w\" sizes=\"(max-width: 940px) 100vw, 940px\" \/><\/figure><div class=\"wp-block-media-text__content\">\n<h2 class=\"wp-block-heading alignwide\">Online shopping with FaniMani<\/h2>\n\n\n\n<p>FaniMani is a platform where you can support our foundation by doing your daily online shopping \u2013 without incurring any additional costs. Just visit the website <a href=\"http:\/\/www.fanimani.pl\" target=\"_blank\" rel=\"noreferrer noopener\">www.fanimani.pl<\/a>, then install the online shopping plugin and select our organization as the beneficiary.<\/p>\n\n\n\n<p>A portion of the value of your purchases will go to us as a donation, which the store makes. You pay exactly the same as always, and you do something good in the process.<br>It&#039;s a simple way to help regularly - without effort and without additional formalities. Join FaniMani and support us every day!<\/p>\n<\/div><\/div>\n\n\n\n<hr class=\"wp-block-separator has-text-color has-luminous-vivid-amber-color has-css-opacity has-luminous-vivid-amber-background-color has-background is-style-wide\"\/>\n\n\n\n<div class=\"wp-block-media-text alignwide is-stacked-on-mobile is-image-fill\"><figure class=\"wp-block-media-text__media\" style=\"background-image:url(https:\/\/fundacjarakiety.pl\/wp-content\/uploads\/2021\/12\/dary-rzeczowe.jpeg);background-position:36% 43%\"><img decoding=\"async\" width=\"640\" height=\"426\" src=\"https:\/\/fundacjarakiety.pl\/wp-content\/uploads\/2021\/12\/dary-rzeczowe.jpeg\" alt=\"\" class=\"wp-image-16729 size-full\" srcset=\"https:\/\/fundacjarakiety.pl\/wp-content\/uploads\/2021\/12\/dary-rzeczowe.jpeg 640w, https:\/\/fundacjarakiety.pl\/wp-content\/uploads\/2021\/12\/dary-rzeczowe-300x200.jpeg 300w, https:\/\/fundacjarakiety.pl\/wp-content\/uploads\/2021\/12\/dary-rzeczowe-600x399.jpeg 600w\" sizes=\"(max-width: 640px) 100vw, 640px\" \/><\/figure><div class=\"wp-block-media-text__content\">\n<h2 class=\"wp-block-heading\">Donations in kind<\/h2>\n\n\n\n<p>Donations in kind are one of the ways to directly support our Foundation and its beneficiaries.<\/p>\n\n\n\n<p>You don&#039;t know what you need most? Here is a list of the most frequently reported needs:<\/p>\n\n\n\n<ul class=\"wp-block-list\">\n<li>food<\/li>\n\n\n\n<li>clothes<\/li>\n\n\n\n<li>toys<\/li>\n\n\n\n<li>books and educational aids<\/li>\n\n\n\n<li>medicines and hygiene products<\/li>\n\n\n\n<li>cleaning products<\/li>\n\n\n\n<li>medical equipment<\/li>\n\n\n\n<li>rehabilitation equipment<\/li>\n\n\n\n<li>electronics and household appliances<\/li>\n\n\n\n<li>office accessorises<\/li>\n\n\n\n<li>office supplies<\/li>\n\n\n\n<li>tickets (ZTM, PKP, airlines)<\/li>\n\n\n\n<li>services (transport, hairdressing, beauty, IT, consulting)<\/li>\n<\/ul>\n\n\n\n<p>If you want to make donations in kind to the Foundation, <a href=\"https:\/\/fundacjarakiety.pl\/index.php\/kontakt\/\" data-type=\"page\" data-id=\"11063\">contact us.<\/a> We will discuss details about the scope of support, how to make a donation and transportation.<\/p>\n<\/div><\/div>\n\n\n\n<hr class=\"wp-block-separator has-text-color has-luminous-vivid-amber-color has-css-opacity has-luminous-vivid-amber-background-color has-background is-style-wide\"\/>\n\n\n\n<div class=\"wp-block-media-text alignwide is-stacked-on-mobile is-image-fill\"><figure class=\"wp-block-media-text__media\" style=\"background-image:url(https:\/\/fundacjarakiety.pl\/wp-content\/uploads\/2021\/12\/slub.jpeg);background-position:59% 52%\"><img decoding=\"async\" width=\"640\" height=\"426\" src=\"https:\/\/fundacjarakiety.pl\/wp-content\/uploads\/2021\/12\/slub.jpeg\" alt=\"\" class=\"wp-image-16731 size-full\" srcset=\"https:\/\/fundacjarakiety.pl\/wp-content\/uploads\/2021\/12\/slub.jpeg 640w, https:\/\/fundacjarakiety.pl\/wp-content\/uploads\/2021\/12\/slub-300x200.jpeg 300w, https:\/\/fundacjarakiety.pl\/wp-content\/uploads\/2021\/12\/slub-600x399.jpeg 600w\" sizes=\"(max-width: 640px) 100vw, 640px\" \/><\/figure><div class=\"wp-block-media-text__content\">\n<h2 class=\"wp-block-heading\">Wedding<\/h2>\n\n\n\n<p>Are you planning a wedding? Accept our huge congratulations and the most sincere wishes on your new path in life. You can also help on this important day. Instead of being gifted with flowers, wine or Lotto coupons, inform your guests that a collection for the Foundation will be created during the ceremony. Gifts are a temporary thing, and help is the beginning of a lasting change. Let&#039;s build it together! Everything will be done elegantly, with taste and maintaining the character of the ceremony. We will provide you with specially prepared materials: cards that you can attach to the invitations, a piggy bank.<\/p>\n\n\n\n<p>If you want your wedding ceremony to stand out from the rest and be an opportunity to help, <a href=\"mailto:darowizny@fundacjarakiety.pl\">contact us<\/a>!<\/p>\n<\/div><\/div>\n\n\n\n<hr class=\"wp-block-separator has-text-color has-luminous-vivid-amber-color has-css-opacity has-luminous-vivid-amber-background-color has-background is-style-wide\"\/>\n\n\n\n<div class=\"wp-block-media-text alignwide is-stacked-on-mobile is-image-fill\"><figure class=\"wp-block-media-text__media\" style=\"background-image:url(https:\/\/fundacjarakiety.pl\/wp-content\/uploads\/2021\/12\/testament.jpeg);background-position:50% 50%\"><img loading=\"lazy\" decoding=\"async\" width=\"640\" height=\"426\" src=\"https:\/\/fundacjarakiety.pl\/wp-content\/uploads\/2021\/12\/testament.jpeg\" alt=\"\" class=\"wp-image-16732 size-full\" srcset=\"https:\/\/fundacjarakiety.pl\/wp-content\/uploads\/2021\/12\/testament.jpeg 640w, https:\/\/fundacjarakiety.pl\/wp-content\/uploads\/2021\/12\/testament-300x200.jpeg 300w, https:\/\/fundacjarakiety.pl\/wp-content\/uploads\/2021\/12\/testament-600x399.jpeg 600w\" sizes=\"(max-width: 640px) 100vw, 640px\" \/><\/figure><div class=\"wp-block-media-text__content\">\n<h2 class=\"wp-block-heading\">Testament<\/h2>\n\n\n\n<p>It&#039;s time to face the stereotype that only older people create wills. Failure to complete the formalities and relying on an uncertain fate will result in your property being distributed in accordance with the law, and inheritance proceedings are necessary. If you want the property to go to your loved ones and\/or to a selected non-governmental organization - do not hesitate and write a will (preferably in the presence of a notary).<\/p>\n\n\n\n<p>Decide on what you have managed to develop over the years. Dispose of your assets according to your preferences.<br>Contact <a href=\"mailto:biuro@fundacjarakiety.pl\">our office<\/a>.<\/p>\n<\/div><\/div>\n\n\n\n<p><\/p>","protected":false},"excerpt":{"rendered":"<p>Bardzo nam mi\u0142o, \u017ce tu jeste\u015b. Poni\u017cej znajdziesz r\u00f3\u017cne formy wsparcia, wybierz swoj\u0105 ulubion\u0105 lub zaproponuj nam now\u0105!Liczba zachorowa\u0144 na raka zwi\u0119ksza si\u0119 z roku na rok. Ka\u017cdy z nas mo\u017ce zachorowa\u0107 na nowotw\u00f3r. Pom\u00f3\u017cmy innym pokona\u0107 chorob\u0119 i wr\u00f3ci\u0107 do swojej codzienno\u015bci. Zakupy w internecie z FaniMani FaniMani to platforma, dzi\u0119ki kt\u00f3rej mo\u017cesz wspiera\u0107 [&hellip;]<\/p>\n","protected":false},"author":2,"featured_media":0,"parent":0,"menu_order":0,"comment_status":"closed","ping_status":"closed","template":"","meta":{"page_title":"","first_name":"","last_name":"","name_variation":"","funds_collected":0,"funds_target":0,"currency":"","left_on_the_subaccount":0,"refunded_expenses":0,"collection_on":"","content_update":"","number_pln":"","number_usd":"","number_eur":"","number_gbp":"","swift":"","transfer_title":"","recipient_details":"","krs":"","tax_specific_target":"","fundraiser_iri":"","footnotes":""},"class_list":["post-79","page","type-page","status-publish","hentry"],"rttpg_featured_image_url":null,"rttpg_author":{"display_name":"Fundacja Rakiety","author_link":"https:\/\/fundacjarakiety.pl\/en\/author\/dbaluk\/"},"rttpg_comment":0,"rttpg_category":null,"rttpg_excerpt":"Bardzo nam mi\u0142o, \u017ce tu jeste\u015b. Poni\u017cej znajdziesz r\u00f3\u017cne formy wsparcia, wybierz swoj\u0105 ulubion\u0105 lub zaproponuj nam now\u0105!Liczba zachorowa\u0144 na raka zwi\u0119ksza si\u0119 z roku na rok. Ka\u017cdy z nas mo\u017ce zachorowa\u0107 na nowotw\u00f3r. Pom\u00f3\u017cmy innym pokona\u0107 chorob\u0119 i wr\u00f3ci\u0107 do swojej codzienno\u015bci. Zakupy w internecie z FaniMani FaniMani to platforma, dzi\u0119ki kt\u00f3rej mo\u017cesz wspiera\u0107&hellip;","_links":{"self":[{"href":"https:\/\/fundacjarakiety.pl\/en\/wp-json\/wp\/v2\/pages\/79"}],"collection":[{"href":"https:\/\/fundacjarakiety.pl\/en\/wp-json\/wp\/v2\/pages"}],"about":[{"href":"https:\/\/fundacjarakiety.pl\/en\/wp-json\/wp\/v2\/types\/page"}],"author":[{"embeddable":true,"href":"https:\/\/fundacjarakiety.pl\/en\/wp-json\/wp\/v2\/users\/2"}],"replies":[{"embeddable":true,"href":"https:\/\/fundacjarakiety.pl\/en\/wp-json\/wp\/v2\/comments?post=79"}],"version-history":[{"count":11,"href":"https:\/\/fundacjarakiety.pl\/en\/wp-json\/wp\/v2\/pages\/79\/revisions"}],"predecessor-version":[{"id":70285,"href":"https:\/\/fundacjarakiety.pl\/en\/wp-json\/wp\/v2\/pages\/79\/revisions\/70285"}],"wp:attachment":[{"href":"https:\/\/fundacjarakiety.pl\/en\/wp-json\/wp\/v2\/media?parent=79"}],"curies":[{"name":"wp","href":"https:\/\/api.w.org\/{rel}","templated":true}]}}