{"id":71,"date":"2021-12-17T13:15:38","date_gmt":"2021-12-17T12:15:38","guid":{"rendered":"https:\/\/rocket-prod-335323.ew.r.appspot.com\/?page_id=71"},"modified":"2026-03-09T12:51:06","modified_gmt":"2026-03-09T11:51:06","slug":"onkodietetyk","status":"publish","type":"page","link":"https:\/\/fundacjarakiety.pl\/en\/onkodietetyk\/","title":{"rendered":"Oncodietitian"},"content":{"rendered":"<p>Are you a person suffering from oncology? Is your loved one sick and you feel like you can&#039;t cope with it? Did you know that an appropriate diet not only supports the body in fighting disease, but also supports mental immunity and has a healing effect on many diseases? Don&#039;t delay and take care of your health and well-being.<\/p>\n\n\n\n<p>To schedule a dietary consultation, please contact the Social Department:<\/p>\n\n\n\n<p><\/p>\n\n\n\n<p>Angelika Nowaczyk, <a href=\"mailto:a.nowaczyk@fundacjarakiety.pl\" target=\"_blank\" rel=\"noreferrer noopener\">a.nowaczyk@fundacjarakiety.pl<\/a>, <strong>793 293 333<\/strong><\/p>\n\n\n\n<p>Michalina Pabia\u0144czyk, <a href=\"mailto:m.pabianczyk@fundacjarakiety.pl\" target=\"_blank\" rel=\"noreferrer noopener\">m.pabianczyk@fundacjarakiety.pl<\/a>, <strong>578 018 888<\/strong><\/p>\n\n\n\n<p>Magdalena Oczkowska, <a href=\"mailto:m.oczkowska@fundacjarakiety.pl\">m.oczkowska@fundacjarakiety.pl<\/a>, <strong>577 982 222<\/strong><\/p>\n\n\n\n<p>Justyna Bry\u0142ka, <a href=\"mailto:j.brylka@fundacjarakiety.pl\">j.brylka@fundacjarakiety.pl<\/a>, <strong>534 584 444<\/strong><\/p>\n\n\n\n<p>Consultations for the Foundation&#039;s clients are free of charge \u2764<\/p>\n\n\n\n<ul class=\"wp-block-list\">\n<li>The consultation lasts about 45 minutes and takes place via Zoom, but telephone contact is also possible<\/li>\n\n\n\n<li>Before the consultation, it is worth preparing the latest\/up-to-date blood test results<\/li>\n<\/ul>\n\n\n\n<h3 class=\"wp-block-heading\">OUR SPECIALIST<\/h3>\n\n\n\n<div class=\"wp-block-media-text alignwide is-stacked-on-mobile is-image-fill\" style=\"grid-template-columns:33% auto\"><figure class=\"wp-block-media-text__media\" style=\"background-image:url(https:\/\/fundacjarakiety.pl\/wp-content\/uploads\/2021\/12\/Emilia-Koledkiewicz.jpg);background-position:41% 65%\"><img fetchpriority=\"high\" decoding=\"async\" width=\"290\" height=\"387\" src=\"https:\/\/fundacjarakiety.pl\/wp-content\/uploads\/2021\/12\/Emilia-Koledkiewicz.jpg\" alt=\"\" class=\"wp-image-17221 size-full\" srcset=\"https:\/\/fundacjarakiety.pl\/wp-content\/uploads\/2021\/12\/Emilia-Koledkiewicz.jpg 290w, https:\/\/fundacjarakiety.pl\/wp-content\/uploads\/2021\/12\/Emilia-Koledkiewicz-225x300.jpg 225w\" sizes=\"(max-width: 290px) 100vw, 290px\" \/><\/figure><div class=\"wp-block-media-text__content\">\n<p><strong>Emilia Ka\u0142\u0119dkiewicz<\/strong><\/p>\n\n\n\n<p>Doctor of health sciences from the Medical University of Warsaw. Clinical dietitian with many years of experience in working with oncology patients. She is a member of the Polish Association of Dietetics and the Polish Union of Oncology. Author of many years of research on the impact of nutrition on the occurrence and development of breast cancer in women in cooperation with the Medical University of Warsaw. &nbsp;<\/p>\n\n\n\n<p>The author of many scientific articles published in many Polish and international medical publishers, and her experience in this field includes cooperation with the Polish Press Agency, the National Institute of Public Health, the Business School of the Warsaw University of Technology, the Academy of Psychology and Leadership, Radio Czw\u00f3rka, as well as with publishers of such items as Oncology in Clinical Practice, Advances in Phytotherapy, Family Medicine Forum, Oncology Patient&#039;s Guide.<br><a href=\"https:\/\/fundacjarakiety.pl\/en\/kontakt\/\" target=\"_blank\" rel=\"noreferrer noopener\">Write to us!<\/a><\/p>\n<\/div><\/div>","protected":false},"excerpt":{"rendered":"<p>Jeste\u015b osob\u0105 chor\u0105 onkologicznie? Tw\u00f3j bliski choruje, a Ty czujesz, \u017ce nie mo\u017cesz sobie z tym poradzi\u0107? Czy wiesz, \u017ce odpowiednia dieta nie tylko wspiera organizm w walce z chorob\u0105, ale r\u00f3wnie\u017c wspiera odporno\u015b\u0107 psychiczn\u0105 i dzia\u0142a leczniczo na wiele schorze\u0144? Nie zwlekaj i zadbaj o swoje zdrowie i samopoczucie. Aby um\u00f3wi\u0107 si\u0119 na konsultacj\u0119 [&hellip;]<\/p>\n","protected":false},"author":2,"featured_media":0,"parent":0,"menu_order":0,"comment_status":"closed","ping_status":"closed","template":"","meta":{"page_title":"","first_name":"","last_name":"","name_variation":"","funds_collected":0,"funds_target":0,"currency":"","left_on_the_subaccount":0,"refunded_expenses":0,"collection_on":"","content_update":"","number_pln":"","number_usd":"","number_eur":"","number_gbp":"","swift":"","transfer_title":"","recipient_details":"","krs":"","tax_specific_target":"","fundraiser_iri":"","footnotes":""},"class_list":["post-71","page","type-page","status-publish","hentry"],"rttpg_featured_image_url":null,"rttpg_author":{"display_name":"Fundacja Rakiety","author_link":"https:\/\/fundacjarakiety.pl\/en\/author\/dbaluk\/"},"rttpg_comment":0,"rttpg_category":null,"rttpg_excerpt":"Jeste\u015b osob\u0105 chor\u0105 onkologicznie? Tw\u00f3j bliski choruje, a Ty czujesz, \u017ce nie mo\u017cesz sobie z tym poradzi\u0107? Czy wiesz, \u017ce odpowiednia dieta nie tylko wspiera organizm w walce z chorob\u0105, ale r\u00f3wnie\u017c wspiera odporno\u015b\u0107 psychiczn\u0105 i dzia\u0142a leczniczo na wiele schorze\u0144? Nie zwlekaj i zadbaj o swoje zdrowie i samopoczucie. Aby um\u00f3wi\u0107 si\u0119 na konsultacj\u0119&hellip;","_links":{"self":[{"href":"https:\/\/fundacjarakiety.pl\/en\/wp-json\/wp\/v2\/pages\/71"}],"collection":[{"href":"https:\/\/fundacjarakiety.pl\/en\/wp-json\/wp\/v2\/pages"}],"about":[{"href":"https:\/\/fundacjarakiety.pl\/en\/wp-json\/wp\/v2\/types\/page"}],"author":[{"embeddable":true,"href":"https:\/\/fundacjarakiety.pl\/en\/wp-json\/wp\/v2\/users\/2"}],"replies":[{"embeddable":true,"href":"https:\/\/fundacjarakiety.pl\/en\/wp-json\/wp\/v2\/comments?post=71"}],"version-history":[{"count":7,"href":"https:\/\/fundacjarakiety.pl\/en\/wp-json\/wp\/v2\/pages\/71\/revisions"}],"predecessor-version":[{"id":72312,"href":"https:\/\/fundacjarakiety.pl\/en\/wp-json\/wp\/v2\/pages\/71\/revisions\/72312"}],"wp:attachment":[{"href":"https:\/\/fundacjarakiety.pl\/en\/wp-json\/wp\/v2\/media?parent=71"}],"curies":[{"name":"wp","href":"https:\/\/api.w.org\/{rel}","templated":true}]}}