{"id":70745,"date":"2025-07-04T15:10:29","date_gmt":"2025-07-04T13:10:29","guid":{"rendered":"https:\/\/fundacjarakiety.pl\/?page_id=70745"},"modified":"2026-03-09T12:51:53","modified_gmt":"2026-03-09T11:51:53","slug":"konsultacje-genetyczne","status":"publish","type":"page","link":"https:\/\/fundacjarakiety.pl\/en\/konsultacje-genetyczne\/","title":{"rendered":"Genetic consultations"},"content":{"rendered":"<p>To schedule a consultation with a specialist, contact us!<\/p>\n\n\n\n<p><br>Michalina Pabia\u0144czyk, <a href=\"mailto:m.pabianczyk@fundacjarakiety.pl\" target=\"_blank\" rel=\"noreferrer noopener\">m.pabianczyk@fundacjarakiety.pl<\/a>, <strong>578 018 888<\/strong><br>Angelika Nowaczyk, <a href=\"mailto:a.nowaczyk@fundacjarakiety.pl\" target=\"_blank\" rel=\"noreferrer noopener\">a.nowaczyk@fundacjarakiety.pl<\/a>, <strong>793 293 333<\/strong><br>Magdalena Oczkowska, <a href=\"mailto:m.oczkowska@fundacjarakiety.pl\">m.oczkowska@fundacjarakiety.pl<\/a>, <strong>577 982 222<\/strong><br>Justyna Bry\u0142ka, <a href=\"mailto:j.brylka@fundacjarakiety.pl\">j.brylka@fundacjarakiety.pl<\/a>, <strong>534 584 444<\/strong><\/p>\n\n\n\n<p>Consultations are free of charge for the Foundation&#039;s beneficiaries.<img decoding=\"async\" src=\"https:\/\/fonts.gstatic.com\/s\/e\/notoemoji\/16.0\/2764\/32.png\" alt=\"\u2764\"><\/p>\n\n\n\n<div class=\"wp-block-media-text is-stacked-on-mobile\"><figure class=\"wp-block-media-text__media\"><img fetchpriority=\"high\" decoding=\"async\" width=\"744\" height=\"1024\" src=\"https:\/\/fundacjarakiety.pl\/wp-content\/uploads\/2025\/07\/Anna-Wojcicka-744x1024.jpg\" alt=\"\" class=\"wp-image-70747 size-full\" srcset=\"https:\/\/fundacjarakiety.pl\/wp-content\/uploads\/2025\/07\/Anna-Wojcicka-744x1024.jpg 744w, https:\/\/fundacjarakiety.pl\/wp-content\/uploads\/2025\/07\/Anna-Wojcicka-222x305.jpg 222w, https:\/\/fundacjarakiety.pl\/wp-content\/uploads\/2025\/07\/Anna-Wojcicka-768x1057.jpg 768w, https:\/\/fundacjarakiety.pl\/wp-content\/uploads\/2025\/07\/Anna-Wojcicka-9x12.jpg 9w, https:\/\/fundacjarakiety.pl\/wp-content\/uploads\/2025\/07\/Anna-Wojcicka.jpg 785w\" sizes=\"(max-width: 744px) 100vw, 744px\" \/><\/figure><div class=\"wp-block-media-text__content\">\n<h3 class=\"wp-block-heading\">Prof. Dr. Hab. n. med. Anna W\u00f3jcicka<\/h3>\n\n\n\n<p>She is the one you will talk to about targeted treatment, cancer risk, and genetic testing.<br>She is a doctor, biotechnologist and innovation manager by education. She is a graduate of the University of Warsaw, the Medical University of Warsaw and the Warsaw School of Economics, and has also completed research internships in the USA, the Kingdom of the Netherlands and the UK. She believes that genetic diagnostics is one of the most important elements changing modern oncology.<br>She is the founder of the Wiedze\u0107 Wi\u0119cej Foundation and continues her mission of promoting prevention.<br>and oncological care based on the achievements of modern medicine and biology, including genetics.<\/p>\n<\/div><\/div>","protected":false},"excerpt":{"rendered":"<p>Aby um\u00f3wi\u0107 si\u0119 na&nbsp;konsultacj\u0119 ze&nbsp;specjalist\u0105 skontaktuj si\u0119 z&nbsp;nami! Michalina Pabia\u0144czyk, m.pabianczyk@fundacjarakiety.pl, 578 018 888Angelika Nowaczyk, a.nowaczyk@fundacjarakiety.pl, 793 293 333Magdalena Oczkowska, m.oczkowska@fundacjarakiety.pl, 577 982 222Justyna Bry\u0142ka, j.brylka@fundacjarakiety.pl, 534 584 444 Konsultacje s\u0105 bezp\u0142atne dla podopiecznych Fundacji prof. dr hab. n. med Anna W\u00f3jcicka To z ni\u0105 b\u0119dziecie rozmawia\u0107 o leczeniu celowanym, ryzyku nowotworu i badaniach genetycznych.Z [&hellip;]<\/p>\n","protected":false},"author":2,"featured_media":0,"parent":0,"menu_order":0,"comment_status":"closed","ping_status":"closed","template":"","meta":{"page_title":"","first_name":"","last_name":"","name_variation":"","funds_collected":0,"funds_target":0,"currency":"","left_on_the_subaccount":0,"refunded_expenses":0,"collection_on":"","content_update":"","number_pln":"","number_usd":"","number_eur":"","number_gbp":"","swift":"","transfer_title":"","recipient_details":"","krs":"","tax_specific_target":"","fundraiser_iri":"","footnotes":""},"class_list":["post-70745","page","type-page","status-publish","hentry"],"rttpg_featured_image_url":null,"rttpg_author":{"display_name":"Fundacja Rakiety","author_link":"https:\/\/fundacjarakiety.pl\/en\/author\/dbaluk\/"},"rttpg_comment":0,"rttpg_category":null,"rttpg_excerpt":"Aby um\u00f3wi\u0107 si\u0119 na&nbsp;konsultacj\u0119 ze&nbsp;specjalist\u0105 skontaktuj si\u0119 z&nbsp;nami! Michalina Pabia\u0144czyk, m.pabianczyk@fundacjarakiety.pl, 578 018 888Angelika Nowaczyk, a.nowaczyk@fundacjarakiety.pl, 793 293 333Magdalena Oczkowska, m.oczkowska@fundacjarakiety.pl, 577 982 222Justyna Bry\u0142ka, j.brylka@fundacjarakiety.pl, 534 584 444 Konsultacje s\u0105 bezp\u0142atne dla podopiecznych Fundacji prof. dr hab. n. med Anna W\u00f3jcicka To z ni\u0105 b\u0119dziecie rozmawia\u0107 o leczeniu celowanym, ryzyku nowotworu i badaniach genetycznych.Z&hellip;","_links":{"self":[{"href":"https:\/\/fundacjarakiety.pl\/en\/wp-json\/wp\/v2\/pages\/70745"}],"collection":[{"href":"https:\/\/fundacjarakiety.pl\/en\/wp-json\/wp\/v2\/pages"}],"about":[{"href":"https:\/\/fundacjarakiety.pl\/en\/wp-json\/wp\/v2\/types\/page"}],"author":[{"embeddable":true,"href":"https:\/\/fundacjarakiety.pl\/en\/wp-json\/wp\/v2\/users\/2"}],"replies":[{"embeddable":true,"href":"https:\/\/fundacjarakiety.pl\/en\/wp-json\/wp\/v2\/comments?post=70745"}],"version-history":[{"count":8,"href":"https:\/\/fundacjarakiety.pl\/en\/wp-json\/wp\/v2\/pages\/70745\/revisions"}],"predecessor-version":[{"id":72314,"href":"https:\/\/fundacjarakiety.pl\/en\/wp-json\/wp\/v2\/pages\/70745\/revisions\/72314"}],"wp:attachment":[{"href":"https:\/\/fundacjarakiety.pl\/en\/wp-json\/wp\/v2\/media?parent=70745"}],"curies":[{"name":"wp","href":"https:\/\/api.w.org\/{rel}","templated":true}]}}