{"id":70509,"date":"2025-05-20T22:54:13","date_gmt":"2025-05-20T20:54:13","guid":{"rendered":"https:\/\/fundacjarakiety.pl\/?page_id=70509"},"modified":"2026-03-30T11:05:41","modified_gmt":"2026-03-30T09:05:41","slug":"badania-publikacje-medycyna-integracyjna","status":"publish","type":"page","link":"https:\/\/fundacjarakiety.pl\/en\/badania-publikacje-medycyna-integracyjna\/","title":{"rendered":"Scientific research and publications"},"content":{"rendered":"<h3 class=\"wp-block-heading\"><strong>Scientific research<\/strong> <\/h3>\n\n\n\n<p>A Comprehensive Definition for Integrative Oncology<\/p>\n\n\n\n<p><a href=\"https:\/\/academic.oup.com\/jncimono\/article\/2017\/52\/lgx012\/4617827\" target=\"_blank\" rel=\"noopener\">https:\/\/academic.oup.com\/jncimono\/article\/2017\/52\/lgx012\/4617827<\/a><\/p>\n\n\n\n<p>Integrative Oncology: An Overview<\/p>\n\n\n\n<p><a href=\"https:\/\/ascopubs.org\/doi\/10.14694\/EdBook_AM.2014.34.233\" target=\"_blank\" rel=\"noopener\">https:\/\/ascopubs.org\/doi\/10.14694\/EdBook_AM.2014.34.233<\/a><\/p>\n\n\n\n<p>Growth of Integrative Medicine at Leading Cancer Centers Between 2009 and 2016: A Systematic Analysis of NCI-Designated Comprehensive Cancer Center Websites<\/p>\n\n\n\n<p><a href=\"https:\/\/www.ncbi.nlm.nih.gov\/pmc\/articles\/pmid\/29140485\" target=\"_blank\" rel=\"noopener\">https:\/\/www.ncbi.nlm.nih.gov\/pmc\/articles\/pmid\/29140485<\/a><\/p>\n\n\n\n<p>Integrative Approaches to the Treatment of Cancer<\/p>\n\n\n\n<p><a href=\"https:\/\/europepmc.org\/article\/MED\/36497414\" target=\"_blank\" rel=\"noopener\">https:\/\/europepmc.org\/article\/MED\/36497414<\/a><\/p>\n\n\n\n<p><\/p>\n\n\n\n<h3 class=\"wp-block-heading\"><strong>Publications<\/strong><\/h3>\n\n\n\n<ul class=\"wp-block-list\">\n<li><em>Complementary Medicine in the Treatment of Cancer<\/em> by Dr. Jorge P\u00e9rez-Calvo Soler, presented during the European Parliament Working Party on Health (ENVI) webinar in October 2021, presenting the importance of an integrative approach in oncology care: <a href=\"https:\/\/www.europarl.europa.eu\/cmsdata\/240636\/Calvo%20Soler_final.pdf\" target=\"_blank\" rel=\"noopener\">https:\/\/www.europarl.europa.eu\/cmsdata\/240636\/Calvo%20Soler_final.pdf<\/a><\/li>\n\n\n\n<li>Comprehensive Integrative Oncology: <a href=\"https:\/\/michmed.org\/NYRwb\" target=\"_blank\" rel=\"noreferrer noopener\">https:\/\/michmed.org\/NYRwb<\/a> <\/li>\n\n\n\n<li><a href=\"https:\/\/fundacjarakiety.pl\/wp-content\/uploads\/2025\/11\/grzyby-w-onkologii-poradnik-prof-Muszynska-2025.pdf\">Grzyby w onkologii &#8211; co m\u00f3wi nauka,  prof. Bo\u017cena Muszy\u0144ska<\/a>, pdf 2025<\/li>\n\n\n\n<li><a href=\"https:\/\/fundacjarakiety.pl\/wp-content\/uploads\/2026\/03\/PORADNIK-Skuteczne-nawodnienie-organizmu.pdf\">Skuteczne nawodnienie organizmu &#8211; poradnik<\/a>, pdf 2023<\/li>\n\n\n\n<li>Taking Care of the Whole You. A practical and patient-friendly guide to integrative oncology: <a href=\"https:\/\/integrativeonc.org\/wp-content\/uploads\/2025\/07\/Integrative-Oncology-for-Patients_eBook_v2_July-2025.pdf \" target=\"_blank\" rel=\"noopener\">https:\/\/integrativeonc.org\/wp-content\/uploads\/2025\/07\/Integrative-Oncology-for-Patients_eBook_v2_July-2025.pdf <\/a><\/li>\n\n\n\n<li><a href=\"https:\/\/fundacjarakiety.pl\/wp-content\/uploads\/2025\/07\/Ziola-tez-maja-skutki-uboczne.pdf\">Herbs Have Side Effects Too \u2013 A Guide for Breast Cancer Patients<\/a>, pdf 2024<\/li>\n<\/ul>\n\n\n\n<p><\/p>","protected":false},"excerpt":{"rendered":"<p>Research A Comprehensive Definition for Integrative Oncology https:\/\/academic.oup.com\/jncimono\/article\/2017\/52\/lgx012\/4617827 Integrative Oncology: An Overview https:\/\/ascopubs.org\/doi\/10.14694\/EdBook_AM.2014.34.233 Growth of Integrative Medicine at Leading Cancer Centers Between 2009 and 2016: A Systematic Analysis of NCI-Designated Comprehensive Cancer Center Websites https:\/\/www.ncbi.nlm.nih.gov\/pmc\/articles\/pmid\/29140485 Integrative Approaches to the Treatment of Cancer https:\/\/europepmc.org\/article\/MED\/36497414 Publications<\/p>","protected":false},"author":2,"featured_media":0,"parent":0,"menu_order":0,"comment_status":"closed","ping_status":"closed","template":"","meta":{"page_title":"","first_name":"","last_name":"","name_variation":"","funds_collected":0,"funds_target":0,"currency":"","left_on_the_subaccount":0,"refunded_expenses":0,"collection_on":"","content_update":"","number_pln":"","number_usd":"","number_eur":"","number_gbp":"","swift":"","transfer_title":"","recipient_details":"","krs":"","tax_specific_target":"","fundraiser_iri":"","footnotes":""},"class_list":["post-70509","page","type-page","status-publish","hentry"],"rttpg_featured_image_url":null,"rttpg_author":{"display_name":"Fundacja Rakiety","author_link":"https:\/\/fundacjarakiety.pl\/en\/author\/dbaluk\/"},"rttpg_comment":0,"rttpg_category":null,"rttpg_excerpt":"Badania naukowe A Comprehensive Definition for Integrative Oncology https:\/\/academic.oup.com\/jncimono\/article\/2017\/52\/lgx012\/4617827 Integrative Oncology: An Overview https:\/\/ascopubs.org\/doi\/10.14694\/EdBook_AM.2014.34.233 Growth of Integrative Medicine at Leading Cancer Centers Between 2009 and 2016: A Systematic Analysis of NCI-Designated Comprehensive Cancer Center Websites https:\/\/www.ncbi.nlm.nih.gov\/pmc\/articles\/pmid\/29140485 Integrative Approaches to the Treatment of Cancer https:\/\/europepmc.org\/article\/MED\/36497414 Publikacje","_links":{"self":[{"href":"https:\/\/fundacjarakiety.pl\/en\/wp-json\/wp\/v2\/pages\/70509"}],"collection":[{"href":"https:\/\/fundacjarakiety.pl\/en\/wp-json\/wp\/v2\/pages"}],"about":[{"href":"https:\/\/fundacjarakiety.pl\/en\/wp-json\/wp\/v2\/types\/page"}],"author":[{"embeddable":true,"href":"https:\/\/fundacjarakiety.pl\/en\/wp-json\/wp\/v2\/users\/2"}],"replies":[{"embeddable":true,"href":"https:\/\/fundacjarakiety.pl\/en\/wp-json\/wp\/v2\/comments?post=70509"}],"version-history":[{"count":11,"href":"https:\/\/fundacjarakiety.pl\/en\/wp-json\/wp\/v2\/pages\/70509\/revisions"}],"predecessor-version":[{"id":72427,"href":"https:\/\/fundacjarakiety.pl\/en\/wp-json\/wp\/v2\/pages\/70509\/revisions\/72427"}],"wp:attachment":[{"href":"https:\/\/fundacjarakiety.pl\/en\/wp-json\/wp\/v2\/media?parent=70509"}],"curies":[{"name":"wp","href":"https:\/\/api.w.org\/{rel}","templated":true}]}}