{"id":70508,"date":"2025-05-20T22:55:16","date_gmt":"2025-05-20T20:55:16","guid":{"rendered":"https:\/\/fundacjarakiety.pl\/?page_id=70508"},"modified":"2025-06-11T11:32:12","modified_gmt":"2025-06-11T09:32:12","slug":"osrodki-specjalisci-medycyna-integracyjna","status":"publish","type":"page","link":"https:\/\/fundacjarakiety.pl\/en\/osrodki-specjalisci-medycyna-integracyjna\/","title":{"rendered":"Centers and specialists"},"content":{"rendered":"<p><strong>Charit\u00e9\u2013Universit\u00e4tsmedizin (Berlin)<\/strong><\/p>\n\n\n\n<p>The Complementary and Integrative Medicine Research Unit at Charit\u00e9 \u2013 Universit\u00e4tsmedizin Berlin is one of the leading research centres in Europe dealing with the integration of conventional medicine with complementary and natural therapies.<\/p>\n\n\n\n<p><a href=\"https:\/\/epidemiologie.charite.de\/en\/research\/complementary_and_integrative_medicine_research_unit\" target=\"_blank\" rel=\"noopener\">https:\/\/epidemiologie.charite.de\/en\/research\/complementary_and_integrative_medicine_research_unit<\/a><\/p>\n\n\n\n<p>The Charit\u00e9 Hospital\u2019s Natural Medicine Clinic offers patients support in an integrative approach, encompassing natural medicine and preventive care, based on scientific research. An important goal of the clinic is the scientific evaluation of natural medicine in its various forms in the context of research of high methodological quality.<\/p>\n\n\n\n<p><a href=\"https:\/\/epidemiologie.charite.de\/en\/champ\" target=\"_blank\" rel=\"noopener\">https:\/\/epidemiologie.charite.de\/en\/champ<\/a><\/p>\n\n\n\n<p><strong>Rambam Health Care Campus (Haifa)<\/strong><\/p>\n\n\n\n<p>He has an Integrative Oncology Program and The Tal Center \u2013 Mair House for Integrative Oncology Medicine using acupuncture, herbal medicine, relaxation techniques and nutritional therapy as a complement to classical treatment.<\/p>\n\n\n\n<p><a href=\"https:\/\/www.rambamhcc.com\/post\/new-integrative-medicine-center-brings-relief-to-cancer-patients\" target=\"_blank\" rel=\"noopener\">https:\/\/www.rambamhcc.com\/post\/new-integrative-medicine-center-brings-relief-to-cancer-patients<\/a><\/p>\n\n\n\n<p><strong>Memorial Sloan Kettering Cancer Center (New York)<\/strong><\/p>\n\n\n\n<p>The Integrative Medicine Service operates here, offering, among others, acupuncture, massage, meditation, music and art therapy, dietetics and psychological support.<\/p>\n\n\n\n<p><a href=\"https:\/\/www.mskcc.org\/cancer-care\/diagnosis-treatment\/symptom-management\/integrative-medicine\" target=\"_blank\" rel=\"noopener\">https:\/\/www.mskcc.org\/cancer-care\/diagnosis-treatment\/symptom-management\/integrative-medicine<\/a><\/p>\n\n\n\n<p><em>At Memorial Sloan Kettering, we believe in caring for the whole person \u2014 not just the disease or symptom. Integrative medicine weaves natural treatments such as acupuncture, massage, and yoga into your overall care plan. All of our holistic health services and programs are based on the latest scientific evidence.<\/em><\/p>\n\n\n\n<p><strong>MD Anderson Cancer Center (Houston, Texas)<\/strong><\/p>\n\n\n\n<p>The Center has an Integrative Medicine Center, combining conventional treatment with supportive therapies, e.g. yoga, meditation, clinical dietetics. <a href=\"https:\/\/www.mdanderson.org\/patients-family\/diagnosis-treatment\/care-centers-clinics\/integrative-medicine-center.html\" target=\"_blank\" rel=\"noopener\">https:\/\/www.mdanderson.org\/patients-family\/diagnosis-treatment\/care-centers-clinics\/integrative-medicine-center.html<\/a><\/p>\n\n\n\n<p><em>The Integrative Medicine Program engages patients and their families to become active participants in improving their physical, psycho-spiritual and social health. The ultimate goals are to optimize health, quality of life and clinical outcomes through personalized evidence-based clinical care, exceptional research and education.&nbsp;<\/em><\/p>\n\n\n\n<p><strong>Mayo Clinic (Rochester, Minnesota)<\/strong><\/p>\n\n\n\n<p>The clinic offers an Integrative Medicine and Health Program including acupuncture, manual therapies, mindfulness, supplementation, dietary and psychological support.<\/p>\n\n\n\n<p><a href=\"https:\/\/www.mayoclinic.org\/departments-centers\/integrative-oncology\/overview\/ovc-20542190\" target=\"_blank\" rel=\"noopener\">https:\/\/www.mayoclinic.org\/departments-centers\/integrative-oncology\/overview\/ovc-20542190<\/a><\/p>\n\n\n\n<p><em>Mayo Clinic Comprehensive Cancer Center offers integrative oncology to address symptoms caused by disease and treatment, such as fatigue, pain, nausea, anxiety and others. The practice combines conventional Western medicine with evidence-based complementary treatments. That means the treatments have been researched and proven to be safe and effective in healing.<\/em><\/p>\n\n\n\n<p><strong>Dana-Farber Cancer Institute (Boston, Massachusetts)<\/strong><\/p>\n\n\n\n<p>Zakim Center for Integrative Therapies and Healthy Living supports cancer patients through supportive therapies and health education.<\/p>\n\n\n\n<p><a href=\"https:\/\/www.dana-farber.org\/patient-family\/support-services\/integrative-therapies\/integrative-medicine-consultations\" target=\"_blank\" rel=\"noopener\">https:\/\/www.dana-farber.org\/patient-family\/support-services\/integrative-therapies\/integrative-medicine-consultations<\/a><\/p>\n\n\n\n<p><em>The Zakim Center offers Integrative Medicine Consultations designed to educate Dana-Farber patients about integrative therapies such as acupuncture, massage, yoga, and meditation. Patients meet one-on-one with a medical provider who will review how integrative therapies can help manage treatment-related side effects and improve overall well-being and quality of life.<\/em><\/p>\n\n\n\n<p><em>Integrative Medicine Consultations also provide an opportunity for patients using supplements to review these with a trained provider who can help assess potential risks and interactions with traditional cancer therapies.<\/em><\/p>\n\n\n\n<p><strong><em>UCLA Health Jonsson Comprehensive Cancer Center<\/em><\/strong><\/p>\n\n\n\n<p>The Simms Mann Center at UCLA Health is a national model for holistic, psychosocial care for cancer patients. It offers education, counseling, and a wide range of support programs to help reduce the burden of cancer.<\/p>\n\n\n\n<p><a href=\"https:\/\/www.uclahealth.org\/simms-mann-center\" target=\"_blank\" rel=\"noopener\">https:\/\/www.uclahealth.org\/simms-mann-center<\/a><\/p>\n\n\n\n<p><em>Using a whole-person approach to cancer care, our team offers information, education and support. Working alongside your medical team, we&#039;re dedicated to enhancing the physical, psychological and spiritual well-being of people touched by cancer.<\/em><\/p>\n\n\n\n<p><strong>UCLA Center for East-West Medicine<\/strong><\/p>\n\n\n\n<p>The Center supports patients by combining the best of modern Western medicine and traditional Chinese medicine.<\/p>\n\n\n\n<p><a href=\"https:\/\/www.uclahealth.org\/medical-services\/east-west-medicine\" target=\"_blank\" rel=\"noopener\">https:\/\/www.uclahealth.org\/medical-services\/east-west-medicine<\/a><\/p>\n\n\n\n<p><em>The Center for East-West Medicine (CEWM) utilizes a unique integrative health model based upon rational thinking, modern developments, and evidence-based research to not only treat but to also educate to ensure long-term health and the prevention of illness.<\/em><\/p>\n\n\n\n<p><strong>Osher Center for Integrative Medicine (Harvard Medical School)<\/strong><\/p>\n\n\n\n<p>The Osher Center for Integrative Medicine, a joint initiative of Brigham and Women&#039;s Hospital and Harvard Medical School, is dedicated to improving health, resilience, and quality of life through research, clinical practice, and education in integrative medicine.<\/p>\n\n\n\n<p><a href=\"https:\/\/oshercenter.org\" target=\"_blank\" rel=\"noopener\">https:\/\/oshercenter.org<\/a><\/p>\n\n\n\n<p><strong>Osher Center for Integrative Medicine (Karolinska Institutet, Stockholm, Sweden)<\/strong><em> https:\/\/ki.se\/en\/research\/research-areas-centres-and-networks\/research-centres\/osher-center-for-integrative-health<\/em><\/p>\n\n\n\n<p><strong>Dr. Henning Saupe, The Arcadia Praxisklinik (Bad Emstal, Germany)<\/strong> <a href=\"https:\/\/www.arcadia-praxisklinik.de\/en\/\" target=\"_blank\" rel=\"noopener\">https:\/\/www.arcadia-praxisklinik.de\/en\/<\/a><\/p>\n\n\n\n<p><strong>Dr. H\u00fcseyin Sahinbas, Praxis f\u00fcr Hyperthermie (Pradus Medical Center am Kaiserteich, D\u00fcsseldorf, Germany)<\/strong> <a href=\"https:\/\/www.hyperthermie-bochum.de\/behandlung-de.html \" target=\"_blank\" rel=\"noopener\">https:\/\/www.hyperthermie-bochum.de\/behandlung-de.html <\/a><\/p>\n\n\n\n<p><\/p>","protected":false},"excerpt":{"rendered":"<p>Charit\u00e9\u2013Universit\u00e4tsmedizin (Berlin) Jednostka Badawcza Medycyny Komplementarnej i Integracyjnej (Complementary and Integrative Medicine Research Unit) dzia\u0142aj\u0105ca przy Charit\u00e9 \u2013 Universit\u00e4tsmedizin Berlin to jeden z wiod\u0105cych o\u015brodk\u00f3w naukowych w Europie, zajmuj\u0105cy si\u0119 integracj\u0105 medycyny konwencjonalnej z terapiami komplementarnymi i naturalnymi. https:\/\/epidemiologie.charite.de\/en\/research\/complementary_and_integrative_medicine_research_unit Przychodnia Medycyny Naturalnej szpitala Charit\u00e9 oferuje pacjentom wsparcie w nurcie integracyjnym, obejmuj\u0105ce medycyn\u0119 naturaln\u0105 i opiek\u0119 [&hellip;]<\/p>\n","protected":false},"author":2,"featured_media":0,"parent":0,"menu_order":0,"comment_status":"closed","ping_status":"closed","template":"","meta":{"page_title":"","first_name":"","last_name":"","name_variation":"","funds_collected":0,"funds_target":0,"currency":"","left_on_the_subaccount":0,"refunded_expenses":0,"collection_on":"","content_update":"","number_pln":"","number_usd":"","number_eur":"","number_gbp":"","swift":"","transfer_title":"","recipient_details":"","krs":"","tax_specific_target":"","fundraiser_iri":"","footnotes":""},"class_list":["post-70508","page","type-page","status-publish","hentry"],"rttpg_featured_image_url":null,"rttpg_author":{"display_name":"Fundacja Rakiety","author_link":"https:\/\/fundacjarakiety.pl\/en\/author\/dbaluk\/"},"rttpg_comment":0,"rttpg_category":null,"rttpg_excerpt":"Charit\u00e9\u2013Universit\u00e4tsmedizin (Berlin) Jednostka Badawcza Medycyny Komplementarnej i Integracyjnej (Complementary and Integrative Medicine Research Unit) dzia\u0142aj\u0105ca przy Charit\u00e9 \u2013 Universit\u00e4tsmedizin Berlin to jeden z wiod\u0105cych o\u015brodk\u00f3w naukowych w Europie, zajmuj\u0105cy si\u0119 integracj\u0105 medycyny konwencjonalnej z terapiami komplementarnymi i naturalnymi. https:\/\/epidemiologie.charite.de\/en\/research\/complementary_and_integrative_medicine_research_unit Przychodnia Medycyny Naturalnej szpitala Charit\u00e9 oferuje pacjentom wsparcie w nurcie integracyjnym, obejmuj\u0105ce medycyn\u0119 naturaln\u0105 i opiek\u0119&hellip;","_links":{"self":[{"href":"https:\/\/fundacjarakiety.pl\/en\/wp-json\/wp\/v2\/pages\/70508"}],"collection":[{"href":"https:\/\/fundacjarakiety.pl\/en\/wp-json\/wp\/v2\/pages"}],"about":[{"href":"https:\/\/fundacjarakiety.pl\/en\/wp-json\/wp\/v2\/types\/page"}],"author":[{"embeddable":true,"href":"https:\/\/fundacjarakiety.pl\/en\/wp-json\/wp\/v2\/users\/2"}],"replies":[{"embeddable":true,"href":"https:\/\/fundacjarakiety.pl\/en\/wp-json\/wp\/v2\/comments?post=70508"}],"version-history":[{"count":3,"href":"https:\/\/fundacjarakiety.pl\/en\/wp-json\/wp\/v2\/pages\/70508\/revisions"}],"predecessor-version":[{"id":70568,"href":"https:\/\/fundacjarakiety.pl\/en\/wp-json\/wp\/v2\/pages\/70508\/revisions\/70568"}],"wp:attachment":[{"href":"https:\/\/fundacjarakiety.pl\/en\/wp-json\/wp\/v2\/media?parent=70508"}],"curies":[{"name":"wp","href":"https:\/\/api.w.org\/{rel}","templated":true}]}}