{"id":70279,"date":"2025-05-05T09:43:54","date_gmt":"2025-05-05T07:43:54","guid":{"rendered":"https:\/\/fundacjarakiety.pl\/?page_id=70279"},"modified":"2025-05-05T09:43:58","modified_gmt":"2025-05-05T07:43:58","slug":"wolontariat","status":"publish","type":"page","link":"https:\/\/fundacjarakiety.pl\/en\/wolontariat\/","title":{"rendered":"Volunteering"},"content":{"rendered":"<p>We&#039;re very pleased to have you here. Below you will find various forms of support, choose your favorite or suggest a new one!<br>The number of cancer cases increases every year. Any of us can get cancer. Let&#039;s help others overcome the disease and return to their everyday lives. <\/p>\n\n\n\n<hr class=\"wp-block-separator has-text-color has-luminous-vivid-amber-color has-css-opacity has-luminous-vivid-amber-background-color has-background is-style-wide\"\/>\n\n\n\n<div class=\"wp-block-media-text alignwide is-stacked-on-mobile is-image-fill\"><figure class=\"wp-block-media-text__media\" style=\"background-image:url(https:\/\/fundacjarakiety.pl\/wp-content\/uploads\/2021\/12\/zostan-wolontariuszem.jpeg);background-position:50% 50%\"><img fetchpriority=\"high\" decoding=\"async\" width=\"640\" height=\"426\" src=\"https:\/\/fundacjarakiety.pl\/wp-content\/uploads\/2021\/12\/zostan-wolontariuszem.jpeg\" alt=\"\" class=\"wp-image-16728 size-full\" srcset=\"https:\/\/fundacjarakiety.pl\/wp-content\/uploads\/2021\/12\/zostan-wolontariuszem.jpeg 640w, https:\/\/fundacjarakiety.pl\/wp-content\/uploads\/2021\/12\/zostan-wolontariuszem-300x200.jpeg 300w, https:\/\/fundacjarakiety.pl\/wp-content\/uploads\/2021\/12\/zostan-wolontariuszem-600x399.jpeg 600w\" sizes=\"(max-width: 640px) 100vw, 640px\" \/><\/figure><div class=\"wp-block-media-text__content\">\n<h2 class=\"wp-block-heading\" id=\"wolontariat\">Become a volunteer<\/h2>\n\n\n\n<p>Help in your own way and do what you feel best at. Do you want to help us edit the website? It&#039;s done! Do you want to support our students? Please! Or maybe you know something about medicine, dietetics, psychology or law? Together we can help the sick! We have plenty of ideas, even more needs, and therefore endless suggestions for you. Write to us - describe your activities so far and how you want to help. Feel free to contact us. Let&#039;s start working together!<\/p>\n\n\n\n<p><strong>Send your application to: <a href=\"mailto:biuro@fundacjarakiety.pl\" target=\"_blank\" rel=\"noreferrer noopener\">biuro@fundacjarakiety.pl<\/a> with volunteering in the title<\/strong><\/p>\n\n\n\n<p>The task is carried out as part of the &quot;Volunteers of Warsaw&quot; project, which aims to increase the number of Warsaw residents engaging in social activities and the idea of volunteering.<\/p>\n\n\n\n<figure class=\"wp-block-gallery alignwide has-nested-images columns-2 wp-block-gallery-2 is-layout-flex wp-block-gallery-is-layout-flex\">\n<figure class=\"wp-block-image size-large\"><img decoding=\"async\" width=\"946\" height=\"387\" src=\"https:\/\/fundacjarakiety.pl\/wp-content\/uploads\/2022\/01\/Logotyp_Ochotnicy-RGB.png\" alt=\"\" class=\"wp-image-17249\" srcset=\"https:\/\/fundacjarakiety.pl\/wp-content\/uploads\/2022\/01\/Logotyp_Ochotnicy-RGB.png 946w, https:\/\/fundacjarakiety.pl\/wp-content\/uploads\/2022\/01\/Logotyp_Ochotnicy-RGB-300x123.png 300w, https:\/\/fundacjarakiety.pl\/wp-content\/uploads\/2022\/01\/Logotyp_Ochotnicy-RGB-768x314.png 768w, https:\/\/fundacjarakiety.pl\/wp-content\/uploads\/2022\/01\/Logotyp_Ochotnicy-RGB-600x245.png 600w\" sizes=\"(max-width: 946px) 100vw, 946px\" \/><\/figure>\n\n\n\n<figure class=\"wp-block-image size-large\"><img decoding=\"async\" width=\"944\" height=\"1024\" src=\"https:\/\/fundacjarakiety.pl\/wp-content\/uploads\/2021\/12\/logo_biale_finansowanie-warszawa-syrenka-944x1024.png\" alt=\"\" class=\"wp-image-16572\" srcset=\"https:\/\/fundacjarakiety.pl\/wp-content\/uploads\/2021\/12\/logo_biale_finansowanie-warszawa-syrenka-944x1024.png 944w, https:\/\/fundacjarakiety.pl\/wp-content\/uploads\/2021\/12\/logo_biale_finansowanie-warszawa-syrenka-277x300.png 277w, https:\/\/fundacjarakiety.pl\/wp-content\/uploads\/2021\/12\/logo_biale_finansowanie-warszawa-syrenka-768x833.png 768w, https:\/\/fundacjarakiety.pl\/wp-content\/uploads\/2021\/12\/logo_biale_finansowanie-warszawa-syrenka-1417x1536.png 1417w, https:\/\/fundacjarakiety.pl\/wp-content\/uploads\/2021\/12\/logo_biale_finansowanie-warszawa-syrenka-1889x2048.png 1889w, https:\/\/fundacjarakiety.pl\/wp-content\/uploads\/2021\/12\/logo_biale_finansowanie-warszawa-syrenka-600x651.png 600w, https:\/\/fundacjarakiety.pl\/wp-content\/uploads\/2021\/12\/logo_biale_finansowanie-warszawa-syrenka.png 1956w\" sizes=\"(max-width: 944px) 100vw, 944px\" \/><\/figure>\n<\/figure>\n<\/div><\/div>\n\n\n\n<hr class=\"wp-block-separator has-text-color has-luminous-vivid-amber-color has-css-opacity has-luminous-vivid-amber-background-color has-background is-style-wide\"\/>\n\n\n\n<p><\/p>","protected":false},"excerpt":{"rendered":"<p>We are very glad that you are here. Below you will find various forms of support, choose your favorite or suggest a new one! The number of cancer cases increases year by year. Each of us can get cancer. Let&#039;s help others overcome the disease and return to their everyday lives.<\/p>","protected":false},"author":2,"featured_media":0,"parent":0,"menu_order":0,"comment_status":"closed","ping_status":"closed","template":"","meta":{"page_title":"","first_name":"","last_name":"","name_variation":"","funds_collected":0,"funds_target":0,"currency":"","left_on_the_subaccount":0,"refunded_expenses":0,"collection_on":"","content_update":"","number_pln":"","number_usd":"","number_eur":"","number_gbp":"","swift":"","transfer_title":"","recipient_details":"","krs":"","tax_specific_target":"","fundraiser_iri":"","footnotes":""},"class_list":["post-70279","page","type-page","status-publish","hentry"],"rttpg_featured_image_url":null,"rttpg_author":{"display_name":"Fundacja Rakiety","author_link":"https:\/\/fundacjarakiety.pl\/en\/author\/dbaluk\/"},"rttpg_comment":0,"rttpg_category":null,"rttpg_excerpt":"Bardzo nam mi\u0142o, \u017ce tu jeste\u015b. Poni\u017cej znajdziesz r\u00f3\u017cne formy wsparcia, wybierz swoj\u0105 ulubion\u0105 lub zaproponuj nam now\u0105!Liczba zachorowa\u0144 na raka zwi\u0119ksza si\u0119 z roku na rok. Ka\u017cdy z nas mo\u017ce zachorowa\u0107 na nowotw\u00f3r. Pom\u00f3\u017cmy innym pokona\u0107 chorob\u0119 i wr\u00f3ci\u0107 do swojej codzienno\u015bci.","_links":{"self":[{"href":"https:\/\/fundacjarakiety.pl\/en\/wp-json\/wp\/v2\/pages\/70279"}],"collection":[{"href":"https:\/\/fundacjarakiety.pl\/en\/wp-json\/wp\/v2\/pages"}],"about":[{"href":"https:\/\/fundacjarakiety.pl\/en\/wp-json\/wp\/v2\/types\/page"}],"author":[{"embeddable":true,"href":"https:\/\/fundacjarakiety.pl\/en\/wp-json\/wp\/v2\/users\/2"}],"replies":[{"embeddable":true,"href":"https:\/\/fundacjarakiety.pl\/en\/wp-json\/wp\/v2\/comments?post=70279"}],"version-history":[{"count":2,"href":"https:\/\/fundacjarakiety.pl\/en\/wp-json\/wp\/v2\/pages\/70279\/revisions"}],"predecessor-version":[{"id":70281,"href":"https:\/\/fundacjarakiety.pl\/en\/wp-json\/wp\/v2\/pages\/70279\/revisions\/70281"}],"wp:attachment":[{"href":"https:\/\/fundacjarakiety.pl\/en\/wp-json\/wp\/v2\/media?parent=70279"}],"curies":[{"name":"wp","href":"https:\/\/api.w.org\/{rel}","templated":true}]}}