{"id":70194,"date":"2025-04-30T08:53:41","date_gmt":"2025-04-30T06:53:41","guid":{"rendered":"https:\/\/fundacjarakiety.pl\/?page_id=70194"},"modified":"2025-05-05T13:50:30","modified_gmt":"2025-05-05T11:50:30","slug":"regularne-wsparcie","status":"publish","type":"page","link":"https:\/\/fundacjarakiety.pl\/en\/regularne-wsparcie\/","title":{"rendered":"Regular support"},"content":{"rendered":"<p><strong>Oncological treatment usually takes a long time, so we encourage you to support our Foundation on a regular basis. Even small but constant help will allow us to better plan and implement support for cancer patients.<\/strong><br><\/p>\n\n\n\n<hr class=\"wp-block-separator has-text-color has-luminous-vivid-amber-color has-css-opacity has-luminous-vivid-amber-background-color has-background is-style-wide\"\/>\n\n\n\n<div class=\"wp-block-media-text is-stacked-on-mobile\"><figure class=\"wp-block-media-text__media\"><img fetchpriority=\"high\" decoding=\"async\" width=\"1432\" height=\"952\" src=\"https:\/\/fundacjarakiety.pl\/wp-content\/uploads\/2024\/09\/stale-wsparcie_.jpeg\" alt=\"\" class=\"wp-image-68413 size-full\" srcset=\"https:\/\/fundacjarakiety.pl\/wp-content\/uploads\/2024\/09\/stale-wsparcie_.jpeg 1432w, https:\/\/fundacjarakiety.pl\/wp-content\/uploads\/2024\/09\/stale-wsparcie_-300x199.jpeg 300w, https:\/\/fundacjarakiety.pl\/wp-content\/uploads\/2024\/09\/stale-wsparcie_-410x273.jpeg 410w, https:\/\/fundacjarakiety.pl\/wp-content\/uploads\/2024\/09\/stale-wsparcie_-768x511.jpeg 768w, https:\/\/fundacjarakiety.pl\/wp-content\/uploads\/2024\/09\/stale-wsparcie_-18x12.jpeg 18w\" sizes=\"(max-width: 1432px) 100vw, 1432px\" \/><\/figure><div class=\"wp-block-media-text__content\">\n<h3 class=\"wp-block-heading\">Direct Debit<\/h3>\n\n\n\n<p><strong>Direct Debit<\/strong> is a very simple and safe way to make regular donations. From the moment you activate it, your donation is automatically transferred to the Foundation - you don&#039;t have to worry about it! Just send us a payment order filled in with your details by post to the Foundation&#039;s address and we will take care of the rest! After verification, we will send them to the bank, which will initiate a recurring transfer from your account. All transactions will be recorded on your bank statement. You can change the amount or cancel your donation altogether at any time.<\/p>\n\n\n\n<div class=\"wp-block-file\"><a id=\"wp-block-file--media-b868e4a1-b3e2-4095-b983-7cce8427bbdb\" href=\"https:\/\/fundacjarakiety.pl\/wp-content\/uploads\/2022\/01\/Formularz-PolecenieZaplaty-dla-banku-Rakiety.pdf\">Bank Payment Order Form<\/a><a href=\"https:\/\/fundacjarakiety.pl\/wp-content\/uploads\/2022\/01\/Formularz-PolecenieZaplaty-dla-banku-Rakiety.pdf\" class=\"wp-block-file__button wp-element-button\" download aria-describedby=\"wp-block-file--media-b868e4a1-b3e2-4095-b983-7cce8427bbdb\">Download<\/a><\/div>\n\n\n\n<div class=\"wp-block-file\"><a id=\"wp-block-file--media-63570791-40a3-447a-a61e-46e0623595f9\" href=\"https:\/\/fundacjarakiety.pl\/wp-content\/uploads\/2022\/01\/Formularz-polecenieZaplaty-dla-FundacjiRakiety.pdf\">Payment Order Form for the Rakiety Foundation<\/a><a href=\"https:\/\/fundacjarakiety.pl\/wp-content\/uploads\/2022\/01\/Formularz-polecenieZaplaty-dla-FundacjiRakiety.pdf\" class=\"wp-block-file__button wp-element-button\" download aria-describedby=\"wp-block-file--media-63570791-40a3-447a-a61e-46e0623595f9\">Download<\/a><\/div>\n<\/div><\/div>\n\n\n\n<hr class=\"wp-block-separator has-text-color has-luminous-vivid-amber-color has-css-opacity has-luminous-vivid-amber-background-color has-background is-style-wide\"\/>\n\n\n\n<h3 class=\"wp-block-heading\">Standing order in the bank<\/h3>\n\n\n\n<p><strong>Standing order<\/strong> \u2013 you can also set up a monthly transfer from your banking (online and traditional). You enter our data yourself, choose the amount, date and frequency of the transfer. It will be active until you cancel it in your bank or change your account number.<\/p>\n\n\n\n<p><strong>Bank transfer details:<\/strong><br>RAKIETY ONCOLOGY FOUNDATION, ING Bank: 52 1050 1025 1000 0090 3010 4252,<br>SWIFT: INGBPLPW, IBAN: PL52105010251000009030104252<br>transfer title: standing order<\/p>\n\n\n\n<p>If you have any questions, please contact us by e-mail: <a href=\"mailto:darowizny@fundacjarakiety.pl\" target=\"_blank\" rel=\"noreferrer noopener\">darowizny@fundacjarakiety.pl<\/a> or by phone: 22 299 29 28.<\/p>\n\n\n\n<hr class=\"wp-block-separator has-text-color has-luminous-vivid-amber-color has-css-opacity has-luminous-vivid-amber-background-color has-background is-style-wide\"\/>\n\n\n\n<div class=\"wp-block-media-text is-stacked-on-mobile\"><figure class=\"wp-block-media-text__media\"><img decoding=\"async\" width=\"1066\" height=\"796\" src=\"https:\/\/fundacjarakiety.pl\/wp-content\/uploads\/2025\/04\/gwiazdozbior-naglowek.jpg\" alt=\"\" class=\"wp-image-70206 size-full\" srcset=\"https:\/\/fundacjarakiety.pl\/wp-content\/uploads\/2025\/04\/gwiazdozbior-naglowek.jpg 1066w, https:\/\/fundacjarakiety.pl\/wp-content\/uploads\/2025\/04\/gwiazdozbior-naglowek-305x228.jpg 305w, https:\/\/fundacjarakiety.pl\/wp-content\/uploads\/2025\/04\/gwiazdozbior-naglowek-768x573.jpg 768w, https:\/\/fundacjarakiety.pl\/wp-content\/uploads\/2025\/04\/gwiazdozbior-naglowek-16x12.jpg 16w\" sizes=\"(max-width: 1066px) 100vw, 1066px\" \/><\/figure><div class=\"wp-block-media-text__content\">\n<h3 class=\"wp-block-heading\">Payment card<\/h3>\n\n\n\n<p><strong>Regular donation <\/strong>you can also give us a message via<strong> payment card<\/strong> \u2013 thanks to secure PayU payments you can set up a recurring order in a few seconds. Find out more on the website <a href=\"https:\/\/gwiazdozbior.pl\" target=\"_blank\" rel=\"noopener\">gwiazdozbior.pl<\/a><\/p>\n<\/div><\/div>\n\n\n\n<p><\/p>","protected":false},"excerpt":{"rendered":"<p>Leczenie onkologiczne zwykle trwa d\u0142ugo, dlatego zach\u0119camy Ci\u0119 do regularnego wspierania naszej Fundacji. Nawet niewielka, ale sta\u0142a pomoc pozwoli nam lepiej planowa\u0107 i realizowa\u0107 wsparcie dla chorych onkologicznie. Zlecenie sta\u0142e w banku Sta\u0142e zlecenie \u2013 mo\u017cesz tak\u017ce ustawi\u0107 comiesi\u0119czny przelew z poziomu swojej bankowo\u015bci (internetowej i tradycyjnej). Samodzielnie wprowadzasz nasze dane, wybierasz kwot\u0119, termin i [&hellip;]<\/p>\n","protected":false},"author":2,"featured_media":0,"parent":0,"menu_order":0,"comment_status":"closed","ping_status":"closed","template":"","meta":{"page_title":"","first_name":"","last_name":"","name_variation":"","funds_collected":0,"funds_target":0,"currency":"","left_on_the_subaccount":0,"refunded_expenses":0,"collection_on":"","content_update":"","number_pln":"","number_usd":"","number_eur":"","number_gbp":"","swift":"","transfer_title":"","recipient_details":"","krs":"","tax_specific_target":"","fundraiser_iri":"","footnotes":""},"class_list":["post-70194","page","type-page","status-publish","hentry"],"rttpg_featured_image_url":null,"rttpg_author":{"display_name":"Fundacja Rakiety","author_link":"https:\/\/fundacjarakiety.pl\/en\/author\/dbaluk\/"},"rttpg_comment":0,"rttpg_category":null,"rttpg_excerpt":"Leczenie onkologiczne zwykle trwa d\u0142ugo, dlatego zach\u0119camy Ci\u0119 do regularnego wspierania naszej Fundacji. Nawet niewielka, ale sta\u0142a pomoc pozwoli nam lepiej planowa\u0107 i realizowa\u0107 wsparcie dla chorych onkologicznie. Zlecenie sta\u0142e w banku Sta\u0142e zlecenie \u2013 mo\u017cesz tak\u017ce ustawi\u0107 comiesi\u0119czny przelew z poziomu swojej bankowo\u015bci (internetowej i tradycyjnej). Samodzielnie wprowadzasz nasze dane, wybierasz kwot\u0119, termin i&hellip;","_links":{"self":[{"href":"https:\/\/fundacjarakiety.pl\/en\/wp-json\/wp\/v2\/pages\/70194"}],"collection":[{"href":"https:\/\/fundacjarakiety.pl\/en\/wp-json\/wp\/v2\/pages"}],"about":[{"href":"https:\/\/fundacjarakiety.pl\/en\/wp-json\/wp\/v2\/types\/page"}],"author":[{"embeddable":true,"href":"https:\/\/fundacjarakiety.pl\/en\/wp-json\/wp\/v2\/users\/2"}],"replies":[{"embeddable":true,"href":"https:\/\/fundacjarakiety.pl\/en\/wp-json\/wp\/v2\/comments?post=70194"}],"version-history":[{"count":7,"href":"https:\/\/fundacjarakiety.pl\/en\/wp-json\/wp\/v2\/pages\/70194\/revisions"}],"predecessor-version":[{"id":70298,"href":"https:\/\/fundacjarakiety.pl\/en\/wp-json\/wp\/v2\/pages\/70194\/revisions\/70298"}],"wp:attachment":[{"href":"https:\/\/fundacjarakiety.pl\/en\/wp-json\/wp\/v2\/media?parent=70194"}],"curies":[{"name":"wp","href":"https:\/\/api.w.org\/{rel}","templated":true}]}}