{"id":69549,"date":"2025-02-20T15:08:10","date_gmt":"2025-02-20T14:08:10","guid":{"rendered":"https:\/\/fundacjarakiety.pl\/?page_id=69549"},"modified":"2025-10-21T08:46:14","modified_gmt":"2025-10-21T06:46:14","slug":"programy-profilaktyczne","status":"publish","type":"page","link":"https:\/\/fundacjarakiety.pl\/en\/programy-profilaktyczne\/","title":{"rendered":"Prevention Programs"},"content":{"rendered":"<p><strong>National Health Fund preventive programs<\/strong><\/p>\n\n\n\n<p>Prevention plays a key role in health care and early detection of diseases, including cancer. The National Health Fund offers a number of preventive programs that allow for free medical tests and consultations.<\/p>\n\n\n\n<p>In the attached table you will find detailed information on available preventive programs, their scope and the path of action within the National Health Fund. We encourage you to familiarize yourself with the material and take advantage of preventive tests - early diagnostics can save lives.<\/p>\n\n\n\n<div data-wp-interactive=\"core\/file\" class=\"wp-block-file\"><object data-wp-bind--hidden=\"!state.hasPdfPreview\"  class=\"wp-block-file__embed\" data=\"https:\/\/fundacjarakiety.pl\/wp-content\/uploads\/2025\/10\/baza-badan-profilaktycznych-NFZ-paz2025.pdf\" type=\"application\/pdf\" style=\"width:100%;height:600px\" aria-label=\"Embed of baza badan\u0301 profilaktycznych NFZ-paz2025.\"><\/object><a id=\"wp-block-file--media-5ae94e81-ec21-4e2e-9f96-10cb664c6ade\" href=\"https:\/\/fundacjarakiety.pl\/wp-content\/uploads\/2025\/10\/baza-badan-profilaktycznych-NFZ-paz2025.pdf\">NFZ-paz2025 preventive examination database<\/a><a href=\"https:\/\/fundacjarakiety.pl\/wp-content\/uploads\/2025\/10\/baza-badan-profilaktycznych-NFZ-paz2025.pdf\" class=\"wp-block-file__button wp-element-button\" download aria-describedby=\"wp-block-file--media-5ae94e81-ec21-4e2e-9f96-10cb664c6ade\">Download<\/a><\/div>","protected":false},"excerpt":{"rendered":"<p>Programy profilaktyczne NFZ Profilaktyka odgrywa kluczow\u0105 rol\u0119 w dbaniu o zdrowie i wczesnym wykrywaniu chor\u00f3b, w tym nowotwor\u00f3w. Narodowy Fundusz Zdrowia oferuje szereg program\u00f3w profilaktycznych, kt\u00f3re umo\u017cliwiaj\u0105 bezp\u0142atne badania i konsultacje medyczne. W zamieszczonej tabeli znajdziesz szczeg\u00f3\u0142owe informacje na temat dost\u0119pnych program\u00f3w profilaktycznych, ich zakresu oraz \u015bcie\u017cki post\u0119powania w ramach NFZ. Zach\u0119camy do zapoznania si\u0119 [&hellip;]<\/p>\n","protected":false},"author":2,"featured_media":0,"parent":0,"menu_order":0,"comment_status":"closed","ping_status":"closed","template":"","meta":{"page_title":"","first_name":"","last_name":"","name_variation":"","funds_collected":0,"funds_target":0,"currency":"","left_on_the_subaccount":0,"refunded_expenses":0,"collection_on":"","content_update":"","number_pln":"","number_usd":"","number_eur":"","number_gbp":"","swift":"","transfer_title":"","recipient_details":"","krs":"","tax_specific_target":"","fundraiser_iri":"","footnotes":""},"class_list":["post-69549","page","type-page","status-publish","hentry"],"rttpg_featured_image_url":null,"rttpg_author":{"display_name":"Fundacja Rakiety","author_link":"https:\/\/fundacjarakiety.pl\/en\/author\/dbaluk\/"},"rttpg_comment":0,"rttpg_category":null,"rttpg_excerpt":"Programy profilaktyczne NFZ Profilaktyka odgrywa kluczow\u0105 rol\u0119 w dbaniu o zdrowie i wczesnym wykrywaniu chor\u00f3b, w tym nowotwor\u00f3w. Narodowy Fundusz Zdrowia oferuje szereg program\u00f3w profilaktycznych, kt\u00f3re umo\u017cliwiaj\u0105 bezp\u0142atne badania i konsultacje medyczne. W zamieszczonej tabeli znajdziesz szczeg\u00f3\u0142owe informacje na temat dost\u0119pnych program\u00f3w profilaktycznych, ich zakresu oraz \u015bcie\u017cki post\u0119powania w ramach NFZ. Zach\u0119camy do zapoznania si\u0119&hellip;","_links":{"self":[{"href":"https:\/\/fundacjarakiety.pl\/en\/wp-json\/wp\/v2\/pages\/69549"}],"collection":[{"href":"https:\/\/fundacjarakiety.pl\/en\/wp-json\/wp\/v2\/pages"}],"about":[{"href":"https:\/\/fundacjarakiety.pl\/en\/wp-json\/wp\/v2\/types\/page"}],"author":[{"embeddable":true,"href":"https:\/\/fundacjarakiety.pl\/en\/wp-json\/wp\/v2\/users\/2"}],"replies":[{"embeddable":true,"href":"https:\/\/fundacjarakiety.pl\/en\/wp-json\/wp\/v2\/comments?post=69549"}],"version-history":[{"count":5,"href":"https:\/\/fundacjarakiety.pl\/en\/wp-json\/wp\/v2\/pages\/69549\/revisions"}],"predecessor-version":[{"id":71518,"href":"https:\/\/fundacjarakiety.pl\/en\/wp-json\/wp\/v2\/pages\/69549\/revisions\/71518"}],"wp:attachment":[{"href":"https:\/\/fundacjarakiety.pl\/en\/wp-json\/wp\/v2\/media?parent=69549"}],"curies":[{"name":"wp","href":"https:\/\/api.w.org\/{rel}","templated":true}]}}