{"id":69214,"date":"2025-01-31T21:14:04","date_gmt":"2025-01-31T20:14:04","guid":{"rendered":"https:\/\/fundacjarakiety.pl\/?page_id=69214"},"modified":"2026-02-23T16:27:21","modified_gmt":"2026-02-23T15:27:21","slug":"profiraktyka-dla-sluzb-i-instytucji-publicznych","status":"publish","type":"page","link":"https:\/\/fundacjarakiety.pl\/en\/profiraktyka-dla-sluzb-i-instytucji-publicznych\/","title":{"rendered":"ProfiRAKtyka for public services and institutions"},"content":{"rendered":"<p>Prevention for a deserving employee!<\/p>\n\n\n\n<p>Ladies and Gentlemen,<\/p>\n\n\n\n<p>Our Foundation is launching the second edition of a free preventive campaign for all employees of entities that help others on a daily basis. Your dedication and help are often unnoticed by society, but not by us!<\/p>\n\n\n\n<p>We see your beautiful work and we care about your health. That is why now our specialists want to do something for you, completely free of charge.<\/p>\n\n\n\n<p>We invite you to join the action:<\/p>\n\n\n\n<p>\u25aa\ufe0e Uniformed services (Police, Border Guard, Fire Service, Polish Army, Prison Service)<\/p>\n\n\n\n<p>\u25aa\ufe0e Emergency services (Emergency medical services, GOPR, TOPR, WOPR)<\/p>\n\n\n\n<p>\u25aa\ufe0e Law enforcement and administrative services (City Guard and Municipal Guard, Road Transport Inspection (ITD), Railway Protection Guard (SOK))<\/p>\n\n\n\n<p>\u25aa\ufe0e Protection and control services (State Protection Service (SOP), Customs and Tax Service, General Inspectorate for Environmental Protection (GIO\u015a))<\/p>\n\n\n\n<p>\u25aa\ufe0e Other specialist services (Forest Guard, Fisheries Guard, Hunting Guard)<\/p>\n\n\n\n<p>\u25aa\ufe0e Social workers (OPS, PCPR, DPS, Crisis Support and Intervention Centers, Care and Educational Institutions, Non-Governmental Organizations, Centers and Teams for the Prevention of Domestic Violence)<\/p>\n\n\n\n<p>\u25aa\ufe0e Hospitals and Health Centers<\/p>\n\n\n\n<p>\u25aa\ufe0e Resocialization Facilities and Penitentiaries<\/p>\n\n\n\n<p>\u25aa\ufe0e Social Integration Centers and Professional Activation Clubs<\/p>\n\n\n\n<p>\u25aa\ufe0e Refugee and Migrant Centers<\/p>\n\n\n\n<p>\u25aa\ufe0e Schools and Educational Institutions<\/p>\n\n\n\n<p>\u25aa\ufe0e Family and Guardianship Courts<\/p>\n\n\n\n<p>We will come to your office or a place indicated by you and teach you how to properly perform a self-examination of the breasts and testicles, using modern models with cancerous changes. If you cannot invite us to your place, we can conduct a webinar for you, during which we will provide you with practical knowledge in the field of oncological prevention, and additionally, as part of supplementing the information, we will also provide you with calendars of preventive examinations divided by age and provide you with our own instructional videos on self-examination.<br><br>We do not scare, but with a smile on our faces we try to tame the fear that often accompanies this topic.<\/p>\n\n\n\n<p>Let&#039;s show that we can take care of each other, let&#039;s show that we can draw inspiration and knowledge from each other!<\/p>\n\n\n\n<p><br>We are waiting for your invitations.<br><br><\/p>\n\n\n\n<p>Brygida Spi\u0161jak<br>\ud83d\udcde 576 524 444<br>\ud83d\udce7 <a href=\"mailto:b.spisjak@fundacjarakiety.pl\">b.spisjak@fundacjarakiety.pl<\/a><br><br>Mateusz Karczewski<br>\ud83d\udcde 575 969 111<br>\ud83d\udce7 <a href=\"mailto:m.karczewski@fundacjarakiety.pl\">m.karczewski@fundacjarakiety.pl<\/a> <\/p>\n\n\n\n<p><\/p>","protected":false},"excerpt":{"rendered":"<p>Profilaktyka dla zas\u0142u\u017conego pracownika! Szanowni Pa\u0144stwo, Nasza Fundacja startuje z drug\u0105 edycj\u0105 darmowej akcji profilaktycznej dla wszystkich pracownik\u00f3w podmiot\u00f3w na co dzie\u0144 pomagaj\u0105cym innym. Wasze oddanie i pomoc s\u0105 cz\u0119sto niezauwa\u017calne przez spo\u0142ecze\u0144stwo, ale nie przez nas! Widzimy Wasz\u0105 pi\u0119kn\u0105 prac\u0119 i zale\u017cy nam na Waszym zdrowiu. Dlatego teraz nasi specjali\u015bci chc\u0105 zrobi\u0107 te\u017c co\u015b [&hellip;]<\/p>\n","protected":false},"author":2,"featured_media":70775,"parent":0,"menu_order":0,"comment_status":"closed","ping_status":"closed","template":"","meta":{"page_title":"","first_name":"","last_name":"","name_variation":"","funds_collected":0,"funds_target":0,"currency":"","left_on_the_subaccount":0,"refunded_expenses":0,"collection_on":"","content_update":"","number_pln":"","number_usd":"","number_eur":"","number_gbp":"","swift":"","transfer_title":"","recipient_details":"","krs":"","tax_specific_target":"","fundraiser_iri":"","footnotes":""},"class_list":["post-69214","page","type-page","status-publish","has-post-thumbnail","hentry"],"rttpg_featured_image_url":{"full":["https:\/\/fundacjarakiety.pl\/wp-content\/uploads\/2025\/07\/5-scaled.jpg",2419,2560,false],"landscape":["https:\/\/fundacjarakiety.pl\/wp-content\/uploads\/2025\/07\/5-scaled.jpg",2419,2560,false],"portraits":["https:\/\/fundacjarakiety.pl\/wp-content\/uploads\/2025\/07\/5-scaled.jpg",2419,2560,false],"thumbnail":["https:\/\/fundacjarakiety.pl\/wp-content\/uploads\/2025\/07\/5-600x600.jpg",600,600,true],"medium":["https:\/\/fundacjarakiety.pl\/wp-content\/uploads\/2025\/07\/5-288x305.jpg",288,305,true],"large":["https:\/\/fundacjarakiety.pl\/wp-content\/uploads\/2025\/07\/5-968x1024.jpg",968,1024,true],"1536x1536":["https:\/\/fundacjarakiety.pl\/wp-content\/uploads\/2025\/07\/5-1452x1536.jpg",1452,1536,true],"2048x2048":["https:\/\/fundacjarakiety.pl\/wp-content\/uploads\/2025\/07\/5-1936x2048.jpg",1936,2048,true],"trp-custom-language-flag":["https:\/\/fundacjarakiety.pl\/wp-content\/uploads\/2025\/07\/5-11x12.jpg",11,12,true],"post-thumbnail":["https:\/\/fundacjarakiety.pl\/wp-content\/uploads\/2025\/07\/5-1000x565.jpg",1000,565,true],"humani-recent-post":["https:\/\/fundacjarakiety.pl\/wp-content\/uploads\/2025\/07\/5-200x160.jpg",200,160,true],"humani-post-grid":["https:\/\/fundacjarakiety.pl\/wp-content\/uploads\/2025\/07\/5-820x580.jpg",820,580,true]},"rttpg_author":{"display_name":"Fundacja Rakiety","author_link":"https:\/\/fundacjarakiety.pl\/en\/author\/dbaluk\/"},"rttpg_comment":0,"rttpg_category":null,"rttpg_excerpt":"Profilaktyka dla zas\u0142u\u017conego pracownika! Szanowni Pa\u0144stwo, Nasza Fundacja startuje z drug\u0105 edycj\u0105 darmowej akcji profilaktycznej dla wszystkich pracownik\u00f3w podmiot\u00f3w na co dzie\u0144 pomagaj\u0105cym innym. Wasze oddanie i pomoc s\u0105 cz\u0119sto niezauwa\u017calne przez spo\u0142ecze\u0144stwo, ale nie przez nas! Widzimy Wasz\u0105 pi\u0119kn\u0105 prac\u0119 i zale\u017cy nam na Waszym zdrowiu. Dlatego teraz nasi specjali\u015bci chc\u0105 zrobi\u0107 te\u017c co\u015b&hellip;","_links":{"self":[{"href":"https:\/\/fundacjarakiety.pl\/en\/wp-json\/wp\/v2\/pages\/69214"}],"collection":[{"href":"https:\/\/fundacjarakiety.pl\/en\/wp-json\/wp\/v2\/pages"}],"about":[{"href":"https:\/\/fundacjarakiety.pl\/en\/wp-json\/wp\/v2\/types\/page"}],"author":[{"embeddable":true,"href":"https:\/\/fundacjarakiety.pl\/en\/wp-json\/wp\/v2\/users\/2"}],"replies":[{"embeddable":true,"href":"https:\/\/fundacjarakiety.pl\/en\/wp-json\/wp\/v2\/comments?post=69214"}],"version-history":[{"count":7,"href":"https:\/\/fundacjarakiety.pl\/en\/wp-json\/wp\/v2\/pages\/69214\/revisions"}],"predecessor-version":[{"id":72239,"href":"https:\/\/fundacjarakiety.pl\/en\/wp-json\/wp\/v2\/pages\/69214\/revisions\/72239"}],"wp:featuredmedia":[{"embeddable":true,"href":"https:\/\/fundacjarakiety.pl\/en\/wp-json\/wp\/v2\/media\/70775"}],"wp:attachment":[{"href":"https:\/\/fundacjarakiety.pl\/en\/wp-json\/wp\/v2\/media?parent=69214"}],"curies":[{"name":"wp","href":"https:\/\/api.w.org\/{rel}","templated":true}]}}