{"id":68575,"date":"2024-10-17T10:22:42","date_gmt":"2024-10-17T08:22:42","guid":{"rendered":"https:\/\/fundacjarakiety.pl\/?page_id=68575"},"modified":"2026-03-09T12:52:32","modified_gmt":"2026-03-09T11:52:32","slug":"pomoc-prawna","status":"publish","type":"page","link":"https:\/\/fundacjarakiety.pl\/en\/pomoc-prawna\/","title":{"rendered":"Legal aid"},"content":{"rendered":"<p>To arrange a consultation with a specialist, contact us!<\/p>\n\n\n\n<p><br>Michalina Pabia\u0144czyk, <a href=\"mailto:m.pabianczyk@fundacjarakiety.pl\" target=\"_blank\" rel=\"noreferrer noopener\">m.pabianczyk@fundacjarakiety.pl<\/a>, <strong>578 018 888<\/strong><br>Angelika Nowaczyk, <a href=\"mailto:a.nowaczyk@fundacjarakiety.pl\" target=\"_blank\" rel=\"noreferrer noopener\">a.nowaczyk@fundacjarakiety.pl<\/a>, <strong>793 293 333<\/strong><br>Magdalena Oczkowska, <a href=\"mailto:m.oczkowska@fundacjarakiety.pl\">m.oczkowska@fundacjarakiety.pl<\/a>, <strong>577 982 222<\/strong><br>Justyna Bry\u0142ka, <a href=\"mailto:j.brylka@fundacjarakiety.pl\">j.brylka@fundacjarakiety.pl<\/a>, <strong>534 584 444<\/strong><\/p>\n\n\n\n<p>Consultations for oncology patients and their loved ones are free \u2764<\/p>\n\n\n\n<h3 class=\"wp-block-heading\">OUR SPECIALIST<\/h3>\n\n\n\n<div class=\"wp-block-media-text is-stacked-on-mobile is-image-fill\"><figure class=\"wp-block-media-text__media\" style=\"background-image:url(https:\/\/fundacjarakiety.pl\/wp-content\/uploads\/2025\/03\/Anna-Wyrwas.jpg);background-position:49% 41%\"><img fetchpriority=\"high\" decoding=\"async\" width=\"500\" height=\"500\" src=\"https:\/\/fundacjarakiety.pl\/wp-content\/uploads\/2025\/03\/Anna-Wyrwas.jpg\" alt=\"\" class=\"wp-image-69948 size-full\" srcset=\"https:\/\/fundacjarakiety.pl\/wp-content\/uploads\/2025\/03\/Anna-Wyrwas.jpg 500w, https:\/\/fundacjarakiety.pl\/wp-content\/uploads\/2025\/03\/Anna-Wyrwas-305x305.jpg 305w, https:\/\/fundacjarakiety.pl\/wp-content\/uploads\/2025\/03\/Anna-Wyrwas-12x12.jpg 12w\" sizes=\"(max-width: 500px) 100vw, 500px\" \/><\/figure><div class=\"wp-block-media-text__content\">\n<h4 class=\"wp-block-heading\"><strong>Anna Wyrwas<\/strong><\/h4>\n\n\n\n<p>Anna Wyrwas is a legal advisor registered with the District Chamber of Legal Advisors in Warsaw. She graduated from the Faculty of Law and Administration of Cardinal Stefan Wyszy\u0144ski University and completed Postgraduate Studies in Intellectual Property Law at the University of Warsaw.<\/p>\n\n\n\n<p>Since 2015, she has been associated with the non-governmental organization sector, where she supports social and educational initiatives.<\/p>\n\n\n\n<p>She specializes in civil law, labor law, social security, personal data protection, and medical law. Her experience includes both working with businesses and providing individual support to individuals.<\/p>\n\n\n\n<p>Privately, a lover of handicrafts, especially the decoupage technique.<\/p>\n\n\n\n<p><\/p>\n<\/div><\/div>","protected":false},"excerpt":{"rendered":"<p>Aby um\u00f3wi\u0107 si\u0119 na konsultacj\u0119 ze specjalist\u0105 skontaktuj si\u0119 z nami! Michalina Pabia\u0144czyk, m.pabianczyk@fundacjarakiety.pl, 578 018 888Angelika Nowaczyk, a.nowaczyk@fundacjarakiety.pl, 793 293 333Magdalena Oczkowska, m.oczkowska@fundacjarakiety.pl, 577 982 222Justyna Bry\u0142ka, j.brylka@fundacjarakiety.pl, 534 584 444 Konsultacje dla pacjent\u00f3w onkologicznych i ich bliskich s\u0105 bezp\u0142atne \u2764 NASZ SPECJALISTA Anna Wyrwas Anna Wyrwas radca prawny wpisana na list\u0119 Okr\u0119gowej Izby [&hellip;]<\/p>\n","protected":false},"author":2,"featured_media":0,"parent":0,"menu_order":0,"comment_status":"closed","ping_status":"closed","template":"","meta":{"page_title":"","first_name":"","last_name":"","name_variation":"","funds_collected":0,"funds_target":0,"currency":"","left_on_the_subaccount":0,"refunded_expenses":0,"collection_on":"","content_update":"","number_pln":"","number_usd":"","number_eur":"","number_gbp":"","swift":"","transfer_title":"","recipient_details":"","krs":"","tax_specific_target":"","fundraiser_iri":"","footnotes":""},"class_list":["post-68575","page","type-page","status-publish","hentry"],"rttpg_featured_image_url":null,"rttpg_author":{"display_name":"Fundacja Rakiety","author_link":"https:\/\/fundacjarakiety.pl\/en\/author\/dbaluk\/"},"rttpg_comment":0,"rttpg_category":null,"rttpg_excerpt":"Aby um\u00f3wi\u0107 si\u0119 na konsultacj\u0119 ze specjalist\u0105 skontaktuj si\u0119 z nami! Michalina Pabia\u0144czyk, m.pabianczyk@fundacjarakiety.pl, 578 018 888Angelika Nowaczyk, a.nowaczyk@fundacjarakiety.pl, 793 293 333Magdalena Oczkowska, m.oczkowska@fundacjarakiety.pl, 577 982 222Justyna Bry\u0142ka, j.brylka@fundacjarakiety.pl, 534 584 444 Konsultacje dla pacjent\u00f3w onkologicznych i ich bliskich s\u0105 bezp\u0142atne \u2764 NASZ SPECJALISTA Anna Wyrwas Anna Wyrwas radca prawny wpisana na list\u0119 Okr\u0119gowej Izby&hellip;","_links":{"self":[{"href":"https:\/\/fundacjarakiety.pl\/en\/wp-json\/wp\/v2\/pages\/68575"}],"collection":[{"href":"https:\/\/fundacjarakiety.pl\/en\/wp-json\/wp\/v2\/pages"}],"about":[{"href":"https:\/\/fundacjarakiety.pl\/en\/wp-json\/wp\/v2\/types\/page"}],"author":[{"embeddable":true,"href":"https:\/\/fundacjarakiety.pl\/en\/wp-json\/wp\/v2\/users\/2"}],"replies":[{"embeddable":true,"href":"https:\/\/fundacjarakiety.pl\/en\/wp-json\/wp\/v2\/comments?post=68575"}],"version-history":[{"count":9,"href":"https:\/\/fundacjarakiety.pl\/en\/wp-json\/wp\/v2\/pages\/68575\/revisions"}],"predecessor-version":[{"id":72316,"href":"https:\/\/fundacjarakiety.pl\/en\/wp-json\/wp\/v2\/pages\/68575\/revisions\/72316"}],"wp:attachment":[{"href":"https:\/\/fundacjarakiety.pl\/en\/wp-json\/wp\/v2\/media?parent=68575"}],"curies":[{"name":"wp","href":"https:\/\/api.w.org\/{rel}","templated":true}]}}