{"id":67,"date":"2021-12-17T13:13:25","date_gmt":"2021-12-17T12:13:25","guid":{"rendered":"https:\/\/rocket-prod-335323.ew.r.appspot.com\/?page_id=67"},"modified":"2026-03-09T12:50:32","modified_gmt":"2026-03-09T11:50:32","slug":"wsparcie-pracownika","status":"publish","type":"page","link":"https:\/\/fundacjarakiety.pl\/en\/wsparcie-pracownika\/","title":{"rendered":"Employee support"},"content":{"rendered":"<div class=\"wp-block-media-text alignwide has-media-on-the-right is-stacked-on-mobile is-image-fill\" style=\"grid-template-columns:auto 22%\"><div class=\"wp-block-media-text__content\">\n<p>What you feel right now is helplessness? Do you feel that you lack medical knowledge? You don&#039;t know how to start a conversation and behave in the presence of a sick person? It&#039;s natural, you are in a new situation.<br>That&#039;s why we offer you the following solutions:<\/p>\n\n\n\n<ul class=\"wp-block-list\">\n<li>providing a subaccount<\/li>\n\n\n\n<li>Take advantage of the available knowledge base <a type=\"category\" id=\"5\" href=\"https:\/\/fundacjarakiety.pl\/en\/category\/baza-wiedzy\/\">on our website<\/a><\/li>\n\n\n\n<li>Take advantage of <a data-type=\"page\" data-id=\"62\" href=\"https:\/\/fundacjarakiety.pl\/index.php\/psychoonkolog-psychiatra\/\">psychologist&#039;s advice<\/a><\/li>\n\n\n\n<li>Join our I Help Responsibly Program, which will teach you how to cooperate with a person affected by the disease<\/li>\n\n\n\n<li><a href=\"https:\/\/fundacjarakiety.pl\/en\/kontakt\/\">contact us<\/a> \u2013 we are here to help you<\/li>\n<\/ul>\n<\/div><figure class=\"wp-block-media-text__media\" style=\"background-image:url(https:\/\/fundacjarakiety.pl\/wp-content\/uploads\/2021\/12\/wsparcie-pracownika.jpeg);background-position:52% 45%\"><img fetchpriority=\"high\" decoding=\"async\" width=\"640\" height=\"418\" src=\"https:\/\/fundacjarakiety.pl\/wp-content\/uploads\/2021\/12\/wsparcie-pracownika.jpeg\" alt=\"\" class=\"wp-image-17180 size-full\" srcset=\"https:\/\/fundacjarakiety.pl\/wp-content\/uploads\/2021\/12\/wsparcie-pracownika.jpeg 640w, https:\/\/fundacjarakiety.pl\/wp-content\/uploads\/2021\/12\/wsparcie-pracownika-300x196.jpeg 300w, https:\/\/fundacjarakiety.pl\/wp-content\/uploads\/2021\/12\/wsparcie-pracownika-600x392.jpeg 600w\" sizes=\"(max-width: 640px) 100vw, 640px\" \/><\/figure><\/div>\n\n\n\n<div style=\"height:50px\" aria-hidden=\"true\" class=\"wp-block-spacer\"><\/div>\n\n\n\n<h3 class=\"wp-block-heading\">Take advantage of the support of an HR specialist<\/h3>\n\n\n\n<div style=\"height:25px\" aria-hidden=\"true\" class=\"wp-block-spacer\"><\/div>\n\n\n\n<div class=\"wp-block-media-text alignwide is-stacked-on-mobile is-vertically-aligned-top\" style=\"grid-template-columns:22% auto\"><figure class=\"wp-block-media-text__media\"><img decoding=\"async\" width=\"355\" height=\"502\" src=\"https:\/\/fundacjarakiety.pl\/wp-content\/uploads\/2023\/03\/Magda-Kaminska-HR.jpg\" alt=\"\" class=\"wp-image-35302 size-full\" srcset=\"https:\/\/fundacjarakiety.pl\/wp-content\/uploads\/2023\/03\/Magda-Kaminska-HR.jpg 355w, https:\/\/fundacjarakiety.pl\/wp-content\/uploads\/2023\/03\/Magda-Kaminska-HR-212x300.jpg 212w\" sizes=\"(max-width: 355px) 100vw, 355px\" \/><\/figure><div class=\"wp-block-media-text__content\">\n<h4 class=\"wp-block-heading\">Magdalena Kami\u0144ska<\/h4>\n\n\n\n<p>HR manager with over 30 years of experience in the HR department at the pharmaceutical company GSK.<\/p>\n\n\n\n<p>Currently, she works at the Foundation as a volunteer.<\/p>\n\n\n\n<p>In her professional work, she has learned about all areas of HR - from formal ones, including knowledge of labor law, creating and implementing regulations and policies, to topics related to employee relations, among others. conducting processes to clarify complaints.<\/p>\n\n\n\n<p>In cooperation with external suppliers, she organized health promotion campaigns for employees, conducted workshops for managers and employees on selected aspects of labor law, communication between managers and employees - e.g. &quot;How to communicate with an employee\/employer in the event of absence due to illness&quot;. She coordinated the process of implementing a health program by the employer, which was aimed at supporting people with cancer at work.<\/p>\n\n\n\n<p>Magda says about herself: \u201cThe most important thing to me is always people. Working with people gives me the most satisfaction, I like to share my experience and that is why the mission of the Rakiety Oncological Foundation is very close to me.\u201d<\/p>\n\n\n\n<p>If you have questions about employment, functioning at work during treatment for cancer, or if someone close to you is facing this type of problem, or if you employ a sick person, please contact us. We can arrange a free consultation with Magda, who will advise you on how to cope with such a situation and what your rights are.<\/p>\n\n\n\n<p>contact via:<br><br>Michalina Pabia\u0144czyk, <a href=\"mailto:m.pabianczyk@fundacjarakiety.pl\" target=\"_blank\" rel=\"noreferrer noopener\">m.pabianczyk@fundacjarakiety.pl<\/a>, <strong>578 018 888<\/strong><br>Angelika Nowaczyk, <a href=\"mailto:a.nowaczyk@fundacjarakiety.pl\" target=\"_blank\" rel=\"noreferrer noopener\">a.nowaczyk@fundacjarakiety.pl<\/a>, <strong>793 293 333<\/strong><br>Magdalena Oczkowska, <a href=\"mailto:m.oczkowska@fundacjarakiety.pl\">m.oczkowska@fundacjarakiety.pl<\/a>, <strong>577 982 222<\/strong><br>Justyna Bry\u0142ka, <a href=\"mailto:j.brylka@fundacjarakiety.pl\">j.brylka@fundacjarakiety.pl<\/a>, <strong>534 584 444<\/strong><\/p>\n\n\n\n<p><\/p>\n<\/div><\/div>","protected":false},"excerpt":{"rendered":"<p>Skorzystaj ze wsparcia specjalistki HR Magdalena Kami\u0144ska Mened\u017cer HR z ponad 30 letnim sta\u017cem pracy w dziale HR w firmie farmaceutycznej GSK. Obecnie w Fundacji pracuje w charakterze wolontariuszki. W swojej pracy zawodowej pozna\u0142a wszystkie obszary HR &#8211; od formalnych obejmuj\u0105cych znajomo\u015b\u0107 prawa pracy, tworzenie i wdra\u017canie regulamin\u00f3w czy polityk, do temat\u00f3w zwi\u0105zanych z relacjami [&hellip;]<\/p>\n","protected":false},"author":2,"featured_media":0,"parent":0,"menu_order":0,"comment_status":"closed","ping_status":"closed","template":"","meta":{"page_title":"","first_name":"","last_name":"","name_variation":"","funds_collected":0,"funds_target":0,"currency":"","left_on_the_subaccount":0,"refunded_expenses":0,"collection_on":"","content_update":"","number_pln":"","number_usd":"","number_eur":"","number_gbp":"","swift":"","transfer_title":"","recipient_details":"","krs":"","tax_specific_target":"","fundraiser_iri":"","footnotes":""},"class_list":["post-67","page","type-page","status-publish","hentry"],"rttpg_featured_image_url":null,"rttpg_author":{"display_name":"Fundacja Rakiety","author_link":"https:\/\/fundacjarakiety.pl\/en\/author\/dbaluk\/"},"rttpg_comment":0,"rttpg_category":null,"rttpg_excerpt":"Skorzystaj ze wsparcia specjalistki HR Magdalena Kami\u0144ska Mened\u017cer HR z ponad 30 letnim sta\u017cem pracy w dziale HR w firmie farmaceutycznej GSK. Obecnie w Fundacji pracuje w charakterze wolontariuszki. W swojej pracy zawodowej pozna\u0142a wszystkie obszary HR &#8211; od formalnych obejmuj\u0105cych znajomo\u015b\u0107 prawa pracy, tworzenie i wdra\u017canie regulamin\u00f3w czy polityk, do temat\u00f3w zwi\u0105zanych z relacjami&hellip;","_links":{"self":[{"href":"https:\/\/fundacjarakiety.pl\/en\/wp-json\/wp\/v2\/pages\/67"}],"collection":[{"href":"https:\/\/fundacjarakiety.pl\/en\/wp-json\/wp\/v2\/pages"}],"about":[{"href":"https:\/\/fundacjarakiety.pl\/en\/wp-json\/wp\/v2\/types\/page"}],"author":[{"embeddable":true,"href":"https:\/\/fundacjarakiety.pl\/en\/wp-json\/wp\/v2\/users\/2"}],"replies":[{"embeddable":true,"href":"https:\/\/fundacjarakiety.pl\/en\/wp-json\/wp\/v2\/comments?post=67"}],"version-history":[{"count":7,"href":"https:\/\/fundacjarakiety.pl\/en\/wp-json\/wp\/v2\/pages\/67\/revisions"}],"predecessor-version":[{"id":72311,"href":"https:\/\/fundacjarakiety.pl\/en\/wp-json\/wp\/v2\/pages\/67\/revisions\/72311"}],"wp:attachment":[{"href":"https:\/\/fundacjarakiety.pl\/en\/wp-json\/wp\/v2\/media?parent=67"}],"curies":[{"name":"wp","href":"https:\/\/api.w.org\/{rel}","templated":true}]}}