{"id":64316,"date":"2024-05-17T11:13:15","date_gmt":"2024-05-17T09:13:15","guid":{"rendered":"https:\/\/fundacjarakiety.pl\/?page_id=64316"},"modified":"2026-02-23T16:23:44","modified_gmt":"2026-02-23T15:23:44","slug":"profiraktyka-dla-organizacji-pozarzadowych","status":"publish","type":"page","link":"https:\/\/fundacjarakiety.pl\/en\/profiraktyka-dla-organizacji-pozarzadowych\/","title":{"rendered":"ProfiRAKtyka for non-governmental organizations"},"content":{"rendered":"<p>Dear professional colleagues,<br><br>We are starting a free preventive campaign for all employees and volunteers of the non-governmental sector. As a Foundation, we struggle with similar problems to you every day: together, every day we try to make life better for others, often forgetting about ourselves and our health. That&#039;s why now our specialists want to do something for you, completely free of charge.<br><br><\/p>\n\n\n\n<figure class=\"wp-block-gallery has-nested-images columns-default is-cropped wp-block-gallery-2 is-layout-flex wp-block-gallery-is-layout-flex\">\n<figure class=\"wp-block-image size-large\"><a href=\"https:\/\/fundacjarakiety.pl\/wp-content\/uploads\/2024\/05\/440203300_453868657217430_9059072037847237251_n.jpg\"><img fetchpriority=\"high\" decoding=\"async\" width=\"768\" height=\"1024\" data-id=\"64319\" src=\"https:\/\/fundacjarakiety.pl\/wp-content\/uploads\/2024\/05\/440203300_453868657217430_9059072037847237251_n-768x1024.jpg\" alt=\"\" class=\"wp-image-64319\" srcset=\"https:\/\/fundacjarakiety.pl\/wp-content\/uploads\/2024\/05\/440203300_453868657217430_9059072037847237251_n-768x1024.jpg 768w, https:\/\/fundacjarakiety.pl\/wp-content\/uploads\/2024\/05\/440203300_453868657217430_9059072037847237251_n-225x300.jpg 225w, https:\/\/fundacjarakiety.pl\/wp-content\/uploads\/2024\/05\/440203300_453868657217430_9059072037847237251_n-1152x1536.jpg 1152w, https:\/\/fundacjarakiety.pl\/wp-content\/uploads\/2024\/05\/440203300_453868657217430_9059072037847237251_n-9x12.jpg 9w, https:\/\/fundacjarakiety.pl\/wp-content\/uploads\/2024\/05\/440203300_453868657217430_9059072037847237251_n-600x800.jpg 600w, https:\/\/fundacjarakiety.pl\/wp-content\/uploads\/2024\/05\/440203300_453868657217430_9059072037847237251_n.jpg 1536w\" sizes=\"(max-width: 768px) 100vw, 768px\" \/><\/a><\/figure>\n\n\n\n<figure class=\"wp-block-image size-large\"><a href=\"https:\/\/fundacjarakiety.pl\/wp-content\/uploads\/2024\/05\/IMG_4126-scaled.jpg\"><img decoding=\"async\" width=\"768\" height=\"1024\" data-id=\"64320\" src=\"https:\/\/fundacjarakiety.pl\/wp-content\/uploads\/2024\/05\/IMG_4126-768x1024.jpg\" alt=\"\" class=\"wp-image-64320\" srcset=\"https:\/\/fundacjarakiety.pl\/wp-content\/uploads\/2024\/05\/IMG_4126-768x1024.jpg 768w, https:\/\/fundacjarakiety.pl\/wp-content\/uploads\/2024\/05\/IMG_4126-225x300.jpg 225w, https:\/\/fundacjarakiety.pl\/wp-content\/uploads\/2024\/05\/IMG_4126-1152x1536.jpg 1152w, https:\/\/fundacjarakiety.pl\/wp-content\/uploads\/2024\/05\/IMG_4126-1536x2048.jpg 1536w, https:\/\/fundacjarakiety.pl\/wp-content\/uploads\/2024\/05\/IMG_4126-9x12.jpg 9w, https:\/\/fundacjarakiety.pl\/wp-content\/uploads\/2024\/05\/IMG_4126-600x800.jpg 600w, https:\/\/fundacjarakiety.pl\/wp-content\/uploads\/2024\/05\/IMG_4126-scaled.jpg 1920w\" sizes=\"(max-width: 768px) 100vw, 768px\" \/><\/a><\/figure>\n\n\n\n<figure class=\"wp-block-image size-large\"><a href=\"https:\/\/fundacjarakiety.pl\/wp-content\/uploads\/2024\/05\/IMG_4162_.jpg\"><img decoding=\"async\" width=\"1920\" height=\"1005\" data-id=\"64318\" src=\"https:\/\/fundacjarakiety.pl\/wp-content\/uploads\/2024\/05\/IMG_4162_.jpg\" alt=\"\" class=\"wp-image-64318\" srcset=\"https:\/\/fundacjarakiety.pl\/wp-content\/uploads\/2024\/05\/IMG_4162_.jpg 1920w, https:\/\/fundacjarakiety.pl\/wp-content\/uploads\/2024\/05\/IMG_4162_-300x157.jpg 300w, https:\/\/fundacjarakiety.pl\/wp-content\/uploads\/2024\/05\/IMG_4162_-768x402.jpg 768w, https:\/\/fundacjarakiety.pl\/wp-content\/uploads\/2024\/05\/IMG_4162_-1536x804.jpg 1536w, https:\/\/fundacjarakiety.pl\/wp-content\/uploads\/2024\/05\/IMG_4162_-18x9.jpg 18w, https:\/\/fundacjarakiety.pl\/wp-content\/uploads\/2024\/05\/IMG_4162_-600x314.jpg 600w\" sizes=\"(max-width: 1920px) 100vw, 1920px\" \/><\/a><\/figure>\n<\/figure>\n\n\n\n<p>We will come to your office or the place indicated by you and teach you how to properly perform breast and testicular self-examination, using modern models with cancerous lesions. If you cannot invite us to your place, we can conduct a webinar for you, during which we will provide you with practical knowledge in the field of oncological prevention, and additionally, to supplement the information, we will also provide you with calendars of preventive examinations divided by age and provide you with our original instructional videos. from self-examination.<br><br>We do not scare people - we try to tame the fear that often accompanies this topic with a smile on our faces. Let&#039;s show that the non-governmental sector can take care of each other, let&#039;s show that we can draw inspiration and knowledge from each other! Together we really can do more! \ud83d\ude80<br><br>We are waiting for your invitations.<br><br>Please contact us!<br><br>Brygida Spi\u0161jak<br>\ud83d\udcde 576 524 444<br>\ud83d\udce7 <a href=\"mailto:b.spisjak@fundacjarakiety.pl\">b.spisjak@fundacjarakiety.pl<\/a><br><br>Mateusz Karczewski<br>\ud83d\udcde 575 969 111<br>\ud83d\udce7 <a href=\"mailto:m.karczewski@fundacjarakiety.pl\">m.karczewski@fundacjarakiety.pl<\/a> <br><br><br><\/p>","protected":false},"excerpt":{"rendered":"<p>Drodzy Koledzy i Kole\u017canki &#8222;po fachu&#8221;, Startujemy z darmow\u0105 akcj\u0105 profilaktyczn\u0105 dla wszystkich pracownik\u00f3w i wolontariuszy sektora pozarz\u0105dowego. Jako Fundacja na co dzie\u0144 zmagamy si\u0119 z podobnymi problemami co i Wy: wsp\u00f3lnymi si\u0142ami ka\u017cdego dnia pr\u00f3bujemy sprawi\u0107, aby innym \u017cy\u0142o si\u0119 lepiej, zapominaj\u0105c bardzo cz\u0119sto o nas samych i naszym zdrowiu. Dlatego teraz nasi specjali\u015bci [&hellip;]<\/p>\n","protected":false},"author":2,"featured_media":0,"parent":0,"menu_order":0,"comment_status":"closed","ping_status":"closed","template":"","meta":{"page_title":"","first_name":"","last_name":"","name_variation":"","funds_collected":0,"funds_target":0,"currency":"","left_on_the_subaccount":0,"refunded_expenses":0,"collection_on":"","content_update":"","number_pln":"","number_usd":"","number_eur":"","number_gbp":"","swift":"","transfer_title":"","recipient_details":"","krs":"","tax_specific_target":"","fundraiser_iri":"","footnotes":""},"class_list":["post-64316","page","type-page","status-publish","hentry"],"rttpg_featured_image_url":null,"rttpg_author":{"display_name":"Fundacja Rakiety","author_link":"https:\/\/fundacjarakiety.pl\/en\/author\/dbaluk\/"},"rttpg_comment":0,"rttpg_category":null,"rttpg_excerpt":"Drodzy Koledzy i Kole\u017canki &#8222;po fachu&#8221;, Startujemy z darmow\u0105 akcj\u0105 profilaktyczn\u0105 dla wszystkich pracownik\u00f3w i wolontariuszy sektora pozarz\u0105dowego. Jako Fundacja na co dzie\u0144 zmagamy si\u0119 z podobnymi problemami co i Wy: wsp\u00f3lnymi si\u0142ami ka\u017cdego dnia pr\u00f3bujemy sprawi\u0107, aby innym \u017cy\u0142o si\u0119 lepiej, zapominaj\u0105c bardzo cz\u0119sto o nas samych i naszym zdrowiu. Dlatego teraz nasi specjali\u015bci&hellip;","_links":{"self":[{"href":"https:\/\/fundacjarakiety.pl\/en\/wp-json\/wp\/v2\/pages\/64316"}],"collection":[{"href":"https:\/\/fundacjarakiety.pl\/en\/wp-json\/wp\/v2\/pages"}],"about":[{"href":"https:\/\/fundacjarakiety.pl\/en\/wp-json\/wp\/v2\/types\/page"}],"author":[{"embeddable":true,"href":"https:\/\/fundacjarakiety.pl\/en\/wp-json\/wp\/v2\/users\/2"}],"replies":[{"embeddable":true,"href":"https:\/\/fundacjarakiety.pl\/en\/wp-json\/wp\/v2\/comments?post=64316"}],"version-history":[{"count":1,"href":"https:\/\/fundacjarakiety.pl\/en\/wp-json\/wp\/v2\/pages\/64316\/revisions"}],"predecessor-version":[{"id":72236,"href":"https:\/\/fundacjarakiety.pl\/en\/wp-json\/wp\/v2\/pages\/64316\/revisions\/72236"}],"wp:attachment":[{"href":"https:\/\/fundacjarakiety.pl\/en\/wp-json\/wp\/v2\/media?parent=64316"}],"curies":[{"name":"wp","href":"https:\/\/api.w.org\/{rel}","templated":true}]}}