{"id":59147,"date":"2024-02-14T11:10:24","date_gmt":"2024-02-14T10:10:24","guid":{"rendered":"https:\/\/fundacjarakiety.pl\/?page_id=59147"},"modified":"2026-01-16T15:25:22","modified_gmt":"2026-01-16T14:25:22","slug":"profiraktyka-w-szkolach","status":"publish","type":"page","link":"https:\/\/fundacjarakiety.pl\/en\/profiraktyka-w-szkolach\/","title":{"rendered":"ProfiRACTICS in schools"},"content":{"rendered":"<div data-elementor-type=\"wp-page\" data-elementor-id=\"59147\" class=\"elementor elementor-59147\">\n\t\t\t\t<div class=\"elementor-element elementor-element-ae9665a e-flex e-con-boxed e-con e-parent\" data-id=\"ae9665a\" data-element_type=\"container\" data-e-type=\"container\">\n\t\t\t\t\t<div class=\"e-con-inner\">\n\t\t\t\t<div class=\"elementor-element elementor-element-7d6fd4c elementor-widget elementor-widget-heading\" data-id=\"7d6fd4c\" data-element_type=\"widget\" data-e-type=\"widget\" data-widget_type=\"heading.default\">\n\t\t\t\t<div class=\"elementor-widget-container\">\n\t\t\t\t\t<h3 class=\"elementor-heading-title elementor-size-default\">Profilaktyka nowotworowa jako element nowoczesnej edukacji zdrowotnej<\/h3>\t\t\t\t<\/div>\n\t\t\t\t<\/div>\n\t\t\t\t<div class=\"elementor-element elementor-element-1788658 elementor-widget elementor-widget-spacer\" data-id=\"1788658\" data-element_type=\"widget\" data-e-type=\"widget\" data-widget_type=\"spacer.default\">\n\t\t\t\t<div class=\"elementor-widget-container\">\n\t\t\t\t\t\t\t<div class=\"elementor-spacer\">\n\t\t\t<div class=\"elementor-spacer-inner\"><\/div>\n\t\t<\/div>\n\t\t\t\t\t\t<\/div>\n\t\t\t\t<\/div>\n\t\t\t\t<div class=\"elementor-element elementor-element-92ef154 elementor-widget elementor-widget-text-editor\" data-id=\"92ef154\" data-element_type=\"widget\" data-e-type=\"widget\" data-widget_type=\"text-editor.default\">\n\t\t\t\t<div class=\"elementor-widget-container\">\n\t\t\t\t\t\t\t\t\t<p><strong>\u201eProfiRAKtyka w szkole\u201d<\/strong> to program profilaktyczno-edukacyjny Fundacji Onkologicznej Rakiety, skierowany do uczni\u00f3w klas 7-8 szk\u00f3\u0142 podstawowych, szk\u00f3\u0142 ponadpodstawowych oraz student\u00f3w uczelni wy\u017cszych, a tak\u017ce do nauczycieli i kadry pedagogicznej.<\/p><p>Program powsta\u0142 w odpowiedzi na rosn\u0105c\u0105 potrzeb\u0119 rzetelnej, praktycznej edukacji zdrowotnej. Jego celem jest realne wsparcie m\u0142odzie\u017cy i doros\u0142ych w dbaniu o zdrowie, kszta\u0142towaniu \u015bwiadomych postaw prozdrowotnych oraz we wczesnym wykrywaniu nowotwor\u00f3w.<\/p><p>To po\u0142\u0105czenie wiedzy, do\u015bwiadczenia i praktyki, kt\u00f3re przek\u0142ada si\u0119 na konkretne umiej\u0119tno\u015bci i wi\u0119ksz\u0105 odpowiedzialno\u015b\u0107 za w\u0142asne zdrowie.<\/p>\t\t\t\t\t\t\t\t<\/div>\n\t\t\t\t<\/div>\n\t\t\t\t<div class=\"elementor-element elementor-element-aea3044 elementor-widget elementor-widget-heading\" data-id=\"aea3044\" data-element_type=\"widget\" data-e-type=\"widget\" data-widget_type=\"heading.default\">\n\t\t\t\t<div class=\"elementor-widget-container\">\n\t\t\t\t\t<h3 class=\"elementor-heading-title elementor-size-default\">Fundament programu - praktyczna profilaktyka<\/h3>\t\t\t\t<\/div>\n\t\t\t\t<\/div>\n\t\t\t\t<div class=\"elementor-element elementor-element-917402b elementor-widget elementor-widget-spacer\" data-id=\"917402b\" data-element_type=\"widget\" data-e-type=\"widget\" data-widget_type=\"spacer.default\">\n\t\t\t\t<div class=\"elementor-widget-container\">\n\t\t\t\t\t\t\t<div class=\"elementor-spacer\">\n\t\t\t<div class=\"elementor-spacer-inner\"><\/div>\n\t\t<\/div>\n\t\t\t\t\t\t<\/div>\n\t\t\t\t<\/div>\n\t\t\t\t<div class=\"elementor-element elementor-element-200d2a6 elementor-widget elementor-widget-text-editor\" data-id=\"200d2a6\" data-element_type=\"widget\" data-e-type=\"widget\" data-widget_type=\"text-editor.default\">\n\t\t\t\t<div class=\"elementor-widget-container\">\n\t\t\t\t\t\t\t\t\t<p>Podstaw\u0105 programu \u201eProfiRAKtyka w szkole\u201d s\u0105 warsztaty z zakresu samobadania piersi i j\u0105der, prowadzone z wykorzystaniem specjalistycznych fantom\u00f3w edukacyjnych. Uczestnicy ucz\u0105 si\u0119:<\/p><ul><li>jak prawid\u0142owo wykonywa\u0107 samobadanie,<\/li><li>jak rozpoznawa\u0107 niepokoj\u0105ce zmiany i objawy,<\/li><li>kiedy i gdzie zg\u0142osi\u0107 si\u0119 po dalsz\u0105 diagnostyk\u0119.<\/li><\/ul><p>Integraln\u0105 cz\u0119\u015bci\u0105 zaj\u0119\u0107 jest r\u00f3wnie\u017c edukacja dotycz\u0105ca znamion sk\u00f3rnych &#8211; ze szczeg\u00f3lnym uwzgl\u0119dnieniem profilaktyki czerniaka oraz zasad regularnej samokontroli.<\/p><p>Program opiera si\u0119 na aktywnym udziale uczestnik\u00f3w. Dzi\u0119ki temu wiedza nie pozostaje teori\u0105, lecz staje si\u0119 praktyczn\u0105 umiej\u0119tno\u015bci\u0105, kt\u00f3r\u0105 m\u0142odzi ludzie mog\u0105 realnie wykorzysta\u0107 w swoim \u017cyciu.<\/p>\t\t\t\t\t\t\t\t<\/div>\n\t\t\t\t<\/div>\n\t\t\t\t<div class=\"elementor-element elementor-element-27a9f13 elementor-widget elementor-widget-heading\" data-id=\"27a9f13\" data-element_type=\"widget\" data-e-type=\"widget\" data-widget_type=\"heading.default\">\n\t\t\t\t<div class=\"elementor-widget-container\">\n\t\t\t\t\t<h3 class=\"elementor-heading-title elementor-size-default\">Rozszerzenie programu - odpowied\u017a na realne potrzeby<\/h3>\t\t\t\t<\/div>\n\t\t\t\t<\/div>\n\t\t\t\t\t<\/div>\n\t\t\t\t<\/div>\n\t\t<div class=\"elementor-element elementor-element-d1eb36b e-flex e-con-boxed e-con e-parent\" data-id=\"d1eb36b\" data-element_type=\"container\" data-e-type=\"container\">\n\t\t\t\t\t<div class=\"e-con-inner\">\n\t\t\t\t<div class=\"elementor-element elementor-element-04061bc elementor-widget elementor-widget-text-editor\" data-id=\"04061bc\" data-element_type=\"widget\" data-e-type=\"widget\" data-widget_type=\"text-editor.default\">\n\t\t\t\t<div class=\"elementor-widget-container\">\n\t\t\t\t\t\t\t\t\t<p>W odpowiedzi na aktualne wyzwania zdrowotne program \u201eProfiRAKtyka w szkole\u201d zosta\u0142 rozszerzony o kolejne obszary profilaktyki nowotworowej, w tym:<\/p><ul><li>profilaktyk\u0119 raka prostaty &#8211; dostosowan\u0105 do wieku odbiorc\u00f3w, z naciskiem na budowanie \u015bwiadomo\u015bci i przysz\u0142ych nawyk\u00f3w zdrowotnych,<\/li><li>profilaktyk\u0119 raka szyjki macicy, ze szczeg\u00f3lnym uwzgl\u0119dnieniem znaczenia regularnych bada\u0144,<\/li><li>edukacj\u0119 na temat szczepie\u0144 przeciw HPV, ich roli w zapobieganiu nowotworom oraz rzetelne obalanie mit\u00f3w dotycz\u0105cych szczepie\u0144.<\/li><\/ul><p>Dzi\u0119ki temu program oferuje kompleksowe i odpowiedzialne podej\u015bcie do profilaktyki nowotworowej, obejmuj\u0105ce zar\u00f3wno dziewcz\u0119ta, jak i ch\u0142opc\u00f3w.<\/p>\t\t\t\t\t\t\t\t<\/div>\n\t\t\t\t<\/div>\n\t\t\t\t<div class=\"elementor-element elementor-element-83919db elementor-widget elementor-widget-heading\" data-id=\"83919db\" data-element_type=\"widget\" data-e-type=\"widget\" data-widget_type=\"heading.default\">\n\t\t\t\t<div class=\"elementor-widget-container\">\n\t\t\t\t\t<h3 class=\"elementor-heading-title elementor-size-default\">ProfiRAKtyka w szkole jako realne wsparcie edukacji zdrowotnej<\/h3>\t\t\t\t<\/div>\n\t\t\t\t<\/div>\n\t\t\t\t<div class=\"elementor-element elementor-element-af15476 elementor-widget elementor-widget-spacer\" data-id=\"af15476\" data-element_type=\"widget\" data-e-type=\"widget\" data-widget_type=\"spacer.default\">\n\t\t\t\t<div class=\"elementor-widget-container\">\n\t\t\t\t\t\t\t<div class=\"elementor-spacer\">\n\t\t\t<div class=\"elementor-spacer-inner\"><\/div>\n\t\t<\/div>\n\t\t\t\t\t\t<\/div>\n\t\t\t\t<\/div>\n\t\t\t\t<div class=\"elementor-element elementor-element-b809c0b elementor-widget elementor-widget-text-editor\" data-id=\"b809c0b\" data-element_type=\"widget\" data-e-type=\"widget\" data-widget_type=\"text-editor.default\">\n\t\t\t\t<div class=\"elementor-widget-container\">\n\t\t\t\t\t\t\t\t\t<p>Program \u201eProfiRAKtyka w szkole\u201d stanowi praktyczne i warto\u015bciowe uzupe\u0142nienie edukacji zdrowotnej, oferuj\u0105c szko\u0142om i uczelniom gotowe wsparcie w realizacji jej za\u0142o\u017ce\u0144.<\/p><p>Podczas gdy edukacja zdrowotna skupia si\u0119 na przekazywaniu wiedzy i kszta\u0142towaniu postaw, ProfiRAKtyka przenosi teori\u0119 w realne dzia\u0142anie. Uczniowie i studenci nie tylko dowiaduj\u0105 si\u0119, <strong>dlaczego<\/strong> profilaktyka jest wa\u017cna, ale przede wszystkim ucz\u0105 si\u0119<strong>, jak<\/strong> dba\u0107 o swoje zdrowie w praktyce.<\/p><p>Program:<\/p><ul><li>wzmacnia tre\u015bci realizowane w ramach edukacji zdrowotnej,<\/li><li>wspiera nauczycieli w atrakcyjnej i anga\u017cuj\u0105cej realizacji podstawy programowej,<\/li><li>u\u0142atwia poruszanie trudnych i wra\u017cliwych temat\u00f3w w bezpiecznej, profesjonalnej formule,<\/li><li>realnie zwi\u0119ksza zaanga\u017cowanie uczestnik\u00f3w i skuteczno\u015b\u0107 dzia\u0142a\u0144 profilaktycznych.<\/li><\/ul><p>Dzi\u0119ki programowi ProfiRAKtyka w szkole szko\u0142y zyskuj\u0105 sprawdzone narz\u0119dzie, kt\u00f3re podnosi jako\u015b\u0107 edukacji zdrowotnej i wzmacnia profilaktyk\u0119 w ca\u0142ej spo\u0142eczno\u015bci szkolnej.<\/p>\t\t\t\t\t\t\t\t<\/div>\n\t\t\t\t<\/div>\n\t\t\t\t<div class=\"elementor-element elementor-element-6fdd220 elementor-widget elementor-widget-heading\" data-id=\"6fdd220\" data-element_type=\"widget\" data-e-type=\"widget\" data-widget_type=\"heading.default\">\n\t\t\t\t<div class=\"elementor-widget-container\">\n\t\t\t\t\t<h3 class=\"elementor-heading-title elementor-size-default\">Program dla uczni\u00f3w i nauczycieli<\/h3>\t\t\t\t<\/div>\n\t\t\t\t<\/div>\n\t\t\t\t<div class=\"elementor-element elementor-element-8408cef elementor-widget elementor-widget-spacer\" data-id=\"8408cef\" data-element_type=\"widget\" data-e-type=\"widget\" data-widget_type=\"spacer.default\">\n\t\t\t\t<div class=\"elementor-widget-container\">\n\t\t\t\t\t\t\t<div class=\"elementor-spacer\">\n\t\t\t<div class=\"elementor-spacer-inner\"><\/div>\n\t\t<\/div>\n\t\t\t\t\t\t<\/div>\n\t\t\t\t<\/div>\n\t\t\t\t<div class=\"elementor-element elementor-element-bbd9600 elementor-widget elementor-widget-text-editor\" data-id=\"bbd9600\" data-element_type=\"widget\" data-e-type=\"widget\" data-widget_type=\"text-editor.default\">\n\t\t\t\t<div class=\"elementor-widget-container\">\n\t\t\t\t\t\t\t\t\t<p>\u201eProfiRAKtyka w szkole\u201d skierowana jest zar\u00f3wno do uczni\u00f3w i student\u00f3w, jak i do nauczycieli oraz kadry pedagogicznej. Nauczyciele uczestnicz\u0105cy w programie:<\/p><ul><li>poszerzaj\u0105 swoj\u0105 wiedz\u0119 z zakresu profilaktyki nowotworowej,<\/li><li>otrzymuj\u0105 wsparcie merytoryczne oraz materia\u0142y edukacyjne,<\/li><li>zyskuj\u0105 praktyczne narz\u0119dzia do dalszej pracy z uczniami.<\/li><\/ul><p>Program wspiera szko\u0142\u0119 nie tylko edukacyjnie, ale tak\u017ce organizacyjnie, oferuj\u0105c gotow\u0105, profesjonaln\u0105 formu\u0142\u0119 zaj\u0119\u0107.<\/p>\t\t\t\t\t\t\t\t<\/div>\n\t\t\t\t<\/div>\n\t\t\t\t<div class=\"elementor-element elementor-element-23cde67 elementor-widget elementor-widget-heading\" data-id=\"23cde67\" data-element_type=\"widget\" data-e-type=\"widget\" data-widget_type=\"heading.default\">\n\t\t\t\t<div class=\"elementor-widget-container\">\n\t\t\t\t\t<h3 class=\"elementor-heading-title elementor-size-default\">Zapro\u015b nas do swojej szko\u0142y lub uczelni<\/h3>\t\t\t\t<\/div>\n\t\t\t\t<\/div>\n\t\t\t\t<div class=\"elementor-element elementor-element-7150a94 elementor-widget elementor-widget-spacer\" data-id=\"7150a94\" data-element_type=\"widget\" data-e-type=\"widget\" data-widget_type=\"spacer.default\">\n\t\t\t\t<div class=\"elementor-widget-container\">\n\t\t\t\t\t\t\t<div class=\"elementor-spacer\">\n\t\t\t<div class=\"elementor-spacer-inner\"><\/div>\n\t\t<\/div>\n\t\t\t\t\t\t<\/div>\n\t\t\t\t<\/div>\n\t\t\t\t<div class=\"elementor-element elementor-element-c145ef0 elementor-widget elementor-widget-text-editor\" data-id=\"c145ef0\" data-element_type=\"widget\" data-e-type=\"widget\" data-widget_type=\"text-editor.default\">\n\t\t\t\t<div class=\"elementor-widget-container\">\n\t\t\t\t\t\t\t\t\t<p>\u201eProfiRAKtyka w szkole\u201d to realne wsparcie edukacji zdrowotnej oraz inwestycja w wiedz\u0119, \u015bwiadomo\u015b\u0107 i zdrowie ca\u0142ej spo\u0142eczno\u015bci szkolnej. Program elastycznie dopasowujemy do potrzeb plac\u00f3wki oraz wieku uczestnik\u00f3w.<\/p><p>Skontaktuj si\u0119 z nami &#8211; ch\u0119tnie opowiemy, jak mo\u017ce wygl\u0105da\u0107 realizacja programu w Twojej szkole lub na uczelni i przygotujemy propozycj\u0119 dopasowan\u0105 do Waszych potrzeb.<\/p><p><strong>Mateusz Karczewski<br \/><\/strong>Director of Business Cooperation and Events<br \/>tel. 575 969\u00a0111<br \/><a href=\"mailto:m.karczewski@fundacjarakiety.pl\">m.karczewski@fundacjarakiety.pl<\/a><\/p>\t\t\t\t\t\t\t\t<\/div>\n\t\t\t\t<\/div>\n\t\t\t\t<div class=\"elementor-element elementor-element-3f92861 elementor-widget elementor-widget-spacer\" data-id=\"3f92861\" data-element_type=\"widget\" data-e-type=\"widget\" data-widget_type=\"spacer.default\">\n\t\t\t\t<div class=\"elementor-widget-container\">\n\t\t\t\t\t\t\t<div class=\"elementor-spacer\">\n\t\t\t<div class=\"elementor-spacer-inner\"><\/div>\n\t\t<\/div>\n\t\t\t\t\t\t<\/div>\n\t\t\t\t<\/div>\n\t\t\t\t<div class=\"elementor-element elementor-element-6fb196e gallery-spacing-custom elementor-widget elementor-widget-image-gallery\" data-id=\"6fb196e\" data-element_type=\"widget\" data-e-type=\"widget\" data-widget_type=\"image-gallery.default\">\n\t\t\t\t<div class=\"elementor-widget-container\">\n\t\t\t\t\t\t\t<div class=\"elementor-image-gallery\">\n\t\t\t<div id='gallery-1' class='gallery galleryid-59147 gallery-columns-3 gallery-size-thumbnail'><figure class='gallery-item'>\n\t\t\t<div class='gallery-icon landscape'>\n\t\t\t\t<img fetchpriority=\"high\" decoding=\"async\" width=\"410\" height=\"273\" src=\"https:\/\/fundacjarakiety.pl\/wp-content\/uploads\/2024\/02\/profiraktyka-w-szkolach1-410x273.jpg\" class=\"attachment-thumbnail size-thumbnail\" alt=\"\" srcset=\"https:\/\/fundacjarakiety.pl\/wp-content\/uploads\/2024\/02\/profiraktyka-w-szkolach1-410x273.jpg 410w, https:\/\/fundacjarakiety.pl\/wp-content\/uploads\/2024\/02\/profiraktyka-w-szkolach1-16x12.jpg 16w\" sizes=\"(max-width: 410px) 100vw, 410px\" \/>\n\t\t\t<\/div><\/figure><figure class='gallery-item'>\n\t\t\t<div class='gallery-icon landscape'>\n\t\t\t\t<img decoding=\"async\" width=\"410\" height=\"273\" src=\"https:\/\/fundacjarakiety.pl\/wp-content\/uploads\/2024\/02\/profiraktyka-w-szkolach2-410x273.jpg\" class=\"attachment-thumbnail size-thumbnail\" alt=\"\" srcset=\"https:\/\/fundacjarakiety.pl\/wp-content\/uploads\/2024\/02\/profiraktyka-w-szkolach2-410x273.jpg 410w, https:\/\/fundacjarakiety.pl\/wp-content\/uploads\/2024\/02\/profiraktyka-w-szkolach2-16x12.jpg 16w\" sizes=\"(max-width: 410px) 100vw, 410px\" \/>\n\t\t\t<\/div><\/figure><figure class='gallery-item'>\n\t\t\t<div class='gallery-icon landscape'>\n\t\t\t\t<img decoding=\"async\" width=\"410\" height=\"273\" src=\"https:\/\/fundacjarakiety.pl\/wp-content\/uploads\/2024\/02\/profiraktyka-w-szkolach3-410x273.jpg\" class=\"attachment-thumbnail size-thumbnail\" alt=\"\" srcset=\"https:\/\/fundacjarakiety.pl\/wp-content\/uploads\/2024\/02\/profiraktyka-w-szkolach3-410x273.jpg 410w, https:\/\/fundacjarakiety.pl\/wp-content\/uploads\/2024\/02\/profiraktyka-w-szkolach3-16x12.jpg 16w\" sizes=\"(max-width: 410px) 100vw, 410px\" \/>\n\t\t\t<\/div><\/figure><figure class='gallery-item'>\n\t\t\t<div class='gallery-icon landscape'>\n\t\t\t\t<img loading=\"lazy\" decoding=\"async\" width=\"410\" height=\"273\" src=\"https:\/\/fundacjarakiety.pl\/wp-content\/uploads\/2024\/02\/profiraktyka-w-szkolach4-410x273.jpg\" class=\"attachment-thumbnail size-thumbnail\" alt=\"\" srcset=\"https:\/\/fundacjarakiety.pl\/wp-content\/uploads\/2024\/02\/profiraktyka-w-szkolach4-410x273.jpg 410w, https:\/\/fundacjarakiety.pl\/wp-content\/uploads\/2024\/02\/profiraktyka-w-szkolach4-16x12.jpg 16w\" sizes=\"(max-width: 410px) 100vw, 410px\" \/>\n\t\t\t<\/div><\/figure><figure class='gallery-item'>\n\t\t\t<div class='gallery-icon landscape'>\n\t\t\t\t<img loading=\"lazy\" decoding=\"async\" width=\"410\" height=\"273\" src=\"https:\/\/fundacjarakiety.pl\/wp-content\/uploads\/2024\/02\/profiraktyka-w-szkolach5-410x273.jpg\" class=\"attachment-thumbnail size-thumbnail\" alt=\"\" srcset=\"https:\/\/fundacjarakiety.pl\/wp-content\/uploads\/2024\/02\/profiraktyka-w-szkolach5-410x273.jpg 410w, https:\/\/fundacjarakiety.pl\/wp-content\/uploads\/2024\/02\/profiraktyka-w-szkolach5-16x12.jpg 16w\" sizes=\"(max-width: 410px) 100vw, 410px\" \/>\n\t\t\t<\/div><\/figure><figure class='gallery-item'>\n\t\t\t<div class='gallery-icon landscape'>\n\t\t\t\t<img loading=\"lazy\" decoding=\"async\" width=\"410\" height=\"273\" src=\"https:\/\/fundacjarakiety.pl\/wp-content\/uploads\/2024\/02\/profiraktyka-w-szkolach6-410x273.jpg\" class=\"attachment-thumbnail size-thumbnail\" alt=\"\" srcset=\"https:\/\/fundacjarakiety.pl\/wp-content\/uploads\/2024\/02\/profiraktyka-w-szkolach6-410x273.jpg 410w, https:\/\/fundacjarakiety.pl\/wp-content\/uploads\/2024\/02\/profiraktyka-w-szkolach6-16x12.jpg 16w\" sizes=\"(max-width: 410px) 100vw, 410px\" \/>\n\t\t\t<\/div><\/figure><figure class='gallery-item'>\n\t\t\t<div class='gallery-icon portrait'>\n\t\t\t\t<img loading=\"lazy\" decoding=\"async\" width=\"410\" height=\"273\" src=\"https:\/\/fundacjarakiety.pl\/wp-content\/uploads\/2024\/02\/profiraktyka-w-szkolach7-410x273.jpg\" class=\"attachment-thumbnail size-thumbnail\" alt=\"\" \/>\n\t\t\t<\/div><\/figure><figure class='gallery-item'>\n\t\t\t<div class='gallery-icon landscape'>\n\t\t\t\t<img loading=\"lazy\" decoding=\"async\" width=\"410\" height=\"273\" src=\"https:\/\/fundacjarakiety.pl\/wp-content\/uploads\/2024\/02\/profiraktyka-w-szkolach8-410x273.jpg\" class=\"attachment-thumbnail size-thumbnail\" alt=\"\" srcset=\"https:\/\/fundacjarakiety.pl\/wp-content\/uploads\/2024\/02\/profiraktyka-w-szkolach8-410x273.jpg 410w, https:\/\/fundacjarakiety.pl\/wp-content\/uploads\/2024\/02\/profiraktyka-w-szkolach8-16x12.jpg 16w\" sizes=\"(max-width: 410px) 100vw, 410px\" \/>\n\t\t\t<\/div><\/figure><figure class='gallery-item'>\n\t\t\t<div class='gallery-icon portrait'>\n\t\t\t\t<img loading=\"lazy\" decoding=\"async\" width=\"410\" height=\"273\" src=\"https:\/\/fundacjarakiety.pl\/wp-content\/uploads\/2024\/02\/profiraktyka-w-szkolach9-410x273.jpg\" class=\"attachment-thumbnail size-thumbnail\" alt=\"\" \/>\n\t\t\t<\/div><\/figure><figure class='gallery-item'>\n\t\t\t<div class='gallery-icon landscape'>\n\t\t\t\t<img loading=\"lazy\" decoding=\"async\" width=\"410\" height=\"273\" src=\"https:\/\/fundacjarakiety.pl\/wp-content\/uploads\/2024\/02\/profiraktyka-w-szkolach10-410x273.jpg\" class=\"attachment-thumbnail size-thumbnail\" alt=\"\" srcset=\"https:\/\/fundacjarakiety.pl\/wp-content\/uploads\/2024\/02\/profiraktyka-w-szkolach10-410x273.jpg 410w, https:\/\/fundacjarakiety.pl\/wp-content\/uploads\/2024\/02\/profiraktyka-w-szkolach10-16x12.jpg 16w\" sizes=\"(max-width: 410px) 100vw, 410px\" \/>\n\t\t\t<\/div><\/figure><figure class='gallery-item'>\n\t\t\t<div class='gallery-icon landscape'>\n\t\t\t\t<img loading=\"lazy\" decoding=\"async\" width=\"410\" height=\"273\" src=\"https:\/\/fundacjarakiety.pl\/wp-content\/uploads\/2024\/02\/profiraktyka-w-szkolach11-410x273.jpg\" class=\"attachment-thumbnail size-thumbnail\" alt=\"\" srcset=\"https:\/\/fundacjarakiety.pl\/wp-content\/uploads\/2024\/02\/profiraktyka-w-szkolach11-410x273.jpg 410w, https:\/\/fundacjarakiety.pl\/wp-content\/uploads\/2024\/02\/profiraktyka-w-szkolach11-16x12.jpg 16w\" sizes=\"(max-width: 410px) 100vw, 410px\" \/>\n\t\t\t<\/div><\/figure><figure class='gallery-item'>\n\t\t\t<div class='gallery-icon landscape'>\n\t\t\t\t<img loading=\"lazy\" decoding=\"async\" width=\"410\" height=\"273\" src=\"https:\/\/fundacjarakiety.pl\/wp-content\/uploads\/2024\/02\/Zespol-Szkol-Specjalnych-w-Gdyni-1-410x273.jpg\" class=\"attachment-thumbnail size-thumbnail\" alt=\"\" srcset=\"https:\/\/fundacjarakiety.pl\/wp-content\/uploads\/2024\/02\/Zespol-Szkol-Specjalnych-w-Gdyni-1-410x273.jpg 410w, https:\/\/fundacjarakiety.pl\/wp-content\/uploads\/2024\/02\/Zespol-Szkol-Specjalnych-w-Gdyni-1-16x12.jpg 16w\" sizes=\"(max-width: 410px) 100vw, 410px\" \/>\n\t\t\t<\/div><\/figure>\n\t\t<\/div>\n\t\t<\/div>\n\t\t\t\t\t\t<\/div>\n\t\t\t\t<\/div>\n\t\t\t\t\t<\/div>\n\t\t\t\t<\/div>\n\t\t\t\t<\/div>","protected":false},"excerpt":{"rendered":"<p>Profilaktyka nowotworowa jako element nowoczesnej edukacji zdrowotnej \u201eProfiRAKtyka w szkole\u201d to program profilaktyczno-edukacyjny Fundacji Onkologicznej Rakiety, skierowany do uczni\u00f3w klas 7-8 szk\u00f3\u0142 podstawowych, szk\u00f3\u0142 ponadpodstawowych oraz student\u00f3w uczelni wy\u017cszych, a tak\u017ce do nauczycieli i kadry pedagogicznej. Program powsta\u0142 w odpowiedzi na rosn\u0105c\u0105 potrzeb\u0119 rzetelnej, praktycznej edukacji zdrowotnej. Jego celem jest realne wsparcie m\u0142odzie\u017cy i doros\u0142ych [&hellip;]<\/p>\n","protected":false},"author":2,"featured_media":0,"parent":0,"menu_order":0,"comment_status":"closed","ping_status":"closed","template":"","meta":{"page_title":"","first_name":"","last_name":"","name_variation":"","funds_collected":0,"funds_target":0,"currency":"","left_on_the_subaccount":0,"refunded_expenses":0,"collection_on":"","content_update":"","number_pln":"","number_usd":"","number_eur":"","number_gbp":"","swift":"","transfer_title":"","recipient_details":"","krs":"","tax_specific_target":"","fundraiser_iri":"","footnotes":""},"class_list":["post-59147","page","type-page","status-publish","hentry"],"rttpg_featured_image_url":null,"rttpg_author":{"display_name":"Fundacja Rakiety","author_link":"https:\/\/fundacjarakiety.pl\/en\/author\/dbaluk\/"},"rttpg_comment":0,"rttpg_category":null,"rttpg_excerpt":"Profilaktyka nowotworowa jako element nowoczesnej edukacji zdrowotnej \u201eProfiRAKtyka w szkole\u201d to program profilaktyczno-edukacyjny Fundacji Onkologicznej Rakiety, skierowany do uczni\u00f3w klas 7-8 szk\u00f3\u0142 podstawowych, szk\u00f3\u0142 ponadpodstawowych oraz student\u00f3w uczelni wy\u017cszych, a tak\u017ce do nauczycieli i kadry pedagogicznej. Program powsta\u0142 w odpowiedzi na rosn\u0105c\u0105 potrzeb\u0119 rzetelnej, praktycznej edukacji zdrowotnej. Jego celem jest realne wsparcie m\u0142odzie\u017cy i doros\u0142ych&hellip;","_links":{"self":[{"href":"https:\/\/fundacjarakiety.pl\/en\/wp-json\/wp\/v2\/pages\/59147"}],"collection":[{"href":"https:\/\/fundacjarakiety.pl\/en\/wp-json\/wp\/v2\/pages"}],"about":[{"href":"https:\/\/fundacjarakiety.pl\/en\/wp-json\/wp\/v2\/types\/page"}],"author":[{"embeddable":true,"href":"https:\/\/fundacjarakiety.pl\/en\/wp-json\/wp\/v2\/users\/2"}],"replies":[{"embeddable":true,"href":"https:\/\/fundacjarakiety.pl\/en\/wp-json\/wp\/v2\/comments?post=59147"}],"version-history":[{"count":3,"href":"https:\/\/fundacjarakiety.pl\/en\/wp-json\/wp\/v2\/pages\/59147\/revisions"}],"predecessor-version":[{"id":71938,"href":"https:\/\/fundacjarakiety.pl\/en\/wp-json\/wp\/v2\/pages\/59147\/revisions\/71938"}],"wp:attachment":[{"href":"https:\/\/fundacjarakiety.pl\/en\/wp-json\/wp\/v2\/media?parent=59147"}],"curies":[{"name":"wp","href":"https:\/\/api.w.org\/{rel}","templated":true}]}}