{"id":58709,"date":"2024-02-06T16:46:34","date_gmt":"2024-02-06T15:46:34","guid":{"rendered":"https:\/\/fundacjarakiety.pl\/?page_id=58709"},"modified":"2026-03-09T12:51:27","modified_gmt":"2026-03-09T11:51:27","slug":"wsparcie-holistyczne","status":"publish","type":"page","link":"https:\/\/fundacjarakiety.pl\/en\/wsparcie-holistyczne\/","title":{"rendered":"Specialist in holistic approach to health"},"content":{"rendered":"<p>The holistic healing process includes a wide range of activities and aspects that support achieving balance throughout the body, including body, mind and soul. Together, we look at all areas of life and look for opportunities to improve its quality or make changes that may translate into faster recovery. We also work on developing habits that support its maintenance.<\/p>\n\n\n\n<p>To arrange a consultation with a specialist, contact us!<\/p>\n\n\n\n<p><br>Michalina Pabia\u0144czyk, <a href=\"mailto:m.pabianczyk@fundacjarakiety.pl\" target=\"_blank\" rel=\"noreferrer noopener\">m.pabianczyk@fundacjarakiety.pl<\/a>, <strong>578 018 888<\/strong><br>Angelika Nowaczyk, <a href=\"mailto:a.nowaczyk@fundacjarakiety.pl\" target=\"_blank\" rel=\"noreferrer noopener\">a.nowaczyk@fundacjarakiety.pl<\/a>, <strong>793 293 333<\/strong><br>Magdalena Oczkowska, <a href=\"mailto:m.oczkowska@fundacjarakiety.pl\">m.oczkowska@fundacjarakiety.pl<\/a>, <strong>577 982 222<\/strong><br>Justyna Bry\u0142ka, <a href=\"mailto:j.brylka@fundacjarakiety.pl\">j.brylka@fundacjarakiety.pl<\/a>, <strong>534 584 444<\/strong><\/p>\n\n\n\n<p>Consultations for oncology patients and their loved ones are free \u2764<\/p>\n\n\n\n<ul class=\"wp-block-list\">\n<li>The first consultation lasts approx. 90 minutes, the next approx. 60 minutes and takes place via Zoom, or telephone contact is also possible.<\/li>\n\n\n\n<li>Before the consultation, please complete the questionnaire, which will be sent after arranging the consultation date.<\/li>\n<\/ul>\n\n\n\n<h3 class=\"wp-block-heading\">OUR SPECIALIST<\/h3>\n\n\n\n<div class=\"wp-block-media-text alignwide is-stacked-on-mobile\" style=\"grid-template-columns:33% auto\"><figure class=\"wp-block-media-text__media\"><img fetchpriority=\"high\" decoding=\"async\" width=\"500\" height=\"500\" src=\"https:\/\/fundacjarakiety.pl\/wp-content\/uploads\/2025\/04\/Joanna-Niewolik_.jpg\" alt=\"\" class=\"wp-image-70025 size-full\" srcset=\"https:\/\/fundacjarakiety.pl\/wp-content\/uploads\/2025\/04\/Joanna-Niewolik_.jpg 500w, https:\/\/fundacjarakiety.pl\/wp-content\/uploads\/2025\/04\/Joanna-Niewolik_-305x305.jpg 305w, https:\/\/fundacjarakiety.pl\/wp-content\/uploads\/2025\/04\/Joanna-Niewolik_-12x12.jpg 12w\" sizes=\"(max-width: 500px) 100vw, 500px\" \/><\/figure><div class=\"wp-block-media-text__content\">\n<p><strong>Joanna Niewolik<\/strong><\/p>\n\n\n\n<p>Holistic wellness coach and EFT method trainer, passionate about a healthy and balanced lifestyle and nature therapy. Supports others in finding the path to full health. He has a deep belief that harmony between body, mind and emotions is the key to achieving the best results. That&#039;s why it&#039;s important to take care of each of these areas. She is interested in methods of working with emotions and various self-development techniques that allow us to discover our full potential and achieve balance in life.<\/p>\n\n\n\n<p>Privately, a wife, mother of two inspiring young girls, friends with a chocolate Labrador. She loves discovering new places, new flavors, new opportunities, because life is a fascinating journey full of unknown corners and diverse experiences.<\/p>\n<\/div><\/div>","protected":false},"excerpt":{"rendered":"<p>Proces zdrowienia w uj\u0119ciu holistycznym obejmuje szeroki zakres dzia\u0142a\u0144 i aspekt\u00f3w, kt\u00f3re wspieraj\u0105 osi\u0105gni\u0119cie r\u00f3wnowagi w ca\u0142ym organizmie, obejmuj\u0105c cia\u0142o, umys\u0142 i dusz\u0119. Wsp\u00f3lnie przygl\u0105damy si\u0119 wszystkim obszarom \u017cycia i szukamy mo\u017cliwo\u015bci poprawy jego jako\u015bci czy zmian, kt\u00f3re mog\u0105 prze\u0142o\u017cy\u0107 si\u0119 szybszy powr\u00f3t do zdrowia. Pracujemy tak\u017ce nad wyrobieniem nawyk\u00f3w wspieraj\u0105cych jego utrzymanie. Aby um\u00f3wi\u0107 [&hellip;]<\/p>\n","protected":false},"author":2,"featured_media":0,"parent":0,"menu_order":0,"comment_status":"closed","ping_status":"closed","template":"","meta":{"page_title":"","first_name":"","last_name":"","name_variation":"","funds_collected":0,"funds_target":0,"currency":"","left_on_the_subaccount":0,"refunded_expenses":0,"collection_on":"","content_update":"","number_pln":"","number_usd":"","number_eur":"","number_gbp":"","swift":"","transfer_title":"","recipient_details":"","krs":"","tax_specific_target":"","fundraiser_iri":"","footnotes":""},"class_list":["post-58709","page","type-page","status-publish","hentry"],"rttpg_featured_image_url":null,"rttpg_author":{"display_name":"Fundacja Rakiety","author_link":"https:\/\/fundacjarakiety.pl\/en\/author\/dbaluk\/"},"rttpg_comment":0,"rttpg_category":null,"rttpg_excerpt":"Proces zdrowienia w uj\u0119ciu holistycznym obejmuje szeroki zakres dzia\u0142a\u0144 i aspekt\u00f3w, kt\u00f3re wspieraj\u0105 osi\u0105gni\u0119cie r\u00f3wnowagi w ca\u0142ym organizmie, obejmuj\u0105c cia\u0142o, umys\u0142 i dusz\u0119. Wsp\u00f3lnie przygl\u0105damy si\u0119 wszystkim obszarom \u017cycia i szukamy mo\u017cliwo\u015bci poprawy jego jako\u015bci czy zmian, kt\u00f3re mog\u0105 prze\u0142o\u017cy\u0107 si\u0119 szybszy powr\u00f3t do zdrowia. Pracujemy tak\u017ce nad wyrobieniem nawyk\u00f3w wspieraj\u0105cych jego utrzymanie. Aby um\u00f3wi\u0107&hellip;","_links":{"self":[{"href":"https:\/\/fundacjarakiety.pl\/en\/wp-json\/wp\/v2\/pages\/58709"}],"collection":[{"href":"https:\/\/fundacjarakiety.pl\/en\/wp-json\/wp\/v2\/pages"}],"about":[{"href":"https:\/\/fundacjarakiety.pl\/en\/wp-json\/wp\/v2\/types\/page"}],"author":[{"embeddable":true,"href":"https:\/\/fundacjarakiety.pl\/en\/wp-json\/wp\/v2\/users\/2"}],"replies":[{"embeddable":true,"href":"https:\/\/fundacjarakiety.pl\/en\/wp-json\/wp\/v2\/comments?post=58709"}],"version-history":[{"count":6,"href":"https:\/\/fundacjarakiety.pl\/en\/wp-json\/wp\/v2\/pages\/58709\/revisions"}],"predecessor-version":[{"id":72313,"href":"https:\/\/fundacjarakiety.pl\/en\/wp-json\/wp\/v2\/pages\/58709\/revisions\/72313"}],"wp:attachment":[{"href":"https:\/\/fundacjarakiety.pl\/en\/wp-json\/wp\/v2\/media?parent=58709"}],"curies":[{"name":"wp","href":"https:\/\/api.w.org\/{rel}","templated":true}]}}