{"id":52,"date":"2021-12-17T13:01:43","date_gmt":"2021-12-17T12:01:43","guid":{"rendered":"https:\/\/rocket-prod-335323.ew.r.appspot.com\/?page_id=52"},"modified":"2024-10-02T13:27:44","modified_gmt":"2024-10-02T11:27:44","slug":"inne-projekty","status":"publish","type":"page","link":"https:\/\/fundacjarakiety.pl\/en\/inne-projekty\/","title":{"rendered":"Other projects"},"content":{"rendered":"<div data-elementor-type=\"wp-page\" data-elementor-id=\"52\" class=\"elementor elementor-52\">\n\t\t\t\t<div class=\"elementor-element elementor-element-46775635 e-flex e-con-boxed e-con e-parent\" data-id=\"46775635\" data-element_type=\"container\" data-e-type=\"container\">\n\t\t\t\t\t<div class=\"e-con-inner\">\n\t\t\t\t<div class=\"elementor-element elementor-element-214401d3 elementor-widget elementor-widget-text-editor\" data-id=\"214401d3\" data-element_type=\"widget\" data-e-type=\"widget\" data-widget_type=\"text-editor.default\">\n\t\t\t\t<div class=\"elementor-widget-container\">\n\t\t\t\t\t\t\t\t\t\n<p class=\"has-text-align-center\" style=\"text-align: left;\">Our Foundation also supports seniors, the unemployed, the disabled and those in crisis. Discover our additional activities!<\/p>\n\n<p><a href=\"https:\/\/fundacjarakiety.pl\/en\/category\/aktualne-projekty\/\">Current projects<\/a><\/p>\n\n<p><a href=\"https:\/\/fundacjarakiety.pl\/en\/category\/zakonczone-projekty\/\">Completed projects<\/a><\/p>\n\t\t\t\t\t\t\t\t<\/div>\n\t\t\t\t<\/div>\n\t\t\t\t\t<\/div>\n\t\t\t\t<\/div>\n\t\t\t\t<\/div>","protected":false},"excerpt":{"rendered":"<p>Nasza Fundacja wspiera r\u00f3wnie\u017c senior\u00f3w, osoby bezrobotne, niepe\u0142nosprawne i znajduj\u0105ce si\u0119 w kryzysie. Poznaj nasze dodatkowe dzia\u0142ania! Aktualne projekty Zako\u0144czone projekty<\/p>","protected":false},"author":2,"featured_media":0,"parent":0,"menu_order":0,"comment_status":"closed","ping_status":"closed","template":"","meta":{"page_title":"","first_name":"","last_name":"","name_variation":"","funds_collected":0,"funds_target":0,"currency":"","left_on_the_subaccount":0,"refunded_expenses":0,"collection_on":"","content_update":"","number_pln":"","number_usd":"","number_eur":"","number_gbp":"","swift":"","transfer_title":"","recipient_details":"","krs":"","tax_specific_target":"","fundraiser_iri":"","footnotes":""},"class_list":["post-52","page","type-page","status-publish","hentry"],"rttpg_featured_image_url":null,"rttpg_author":{"display_name":"Fundacja Rakiety","author_link":"https:\/\/fundacjarakiety.pl\/en\/author\/dbaluk\/"},"rttpg_comment":0,"rttpg_category":null,"rttpg_excerpt":"Nasza Fundacja wspiera r\u00f3wnie\u017c senior\u00f3w, osoby bezrobotne, niepe\u0142nosprawne i znajduj\u0105ce si\u0119 w kryzysie. Poznaj nasze dodatkowe dzia\u0142ania! Aktualne projekty Zako\u0144czone projekty","_links":{"self":[{"href":"https:\/\/fundacjarakiety.pl\/en\/wp-json\/wp\/v2\/pages\/52"}],"collection":[{"href":"https:\/\/fundacjarakiety.pl\/en\/wp-json\/wp\/v2\/pages"}],"about":[{"href":"https:\/\/fundacjarakiety.pl\/en\/wp-json\/wp\/v2\/types\/page"}],"author":[{"embeddable":true,"href":"https:\/\/fundacjarakiety.pl\/en\/wp-json\/wp\/v2\/users\/2"}],"replies":[{"embeddable":true,"href":"https:\/\/fundacjarakiety.pl\/en\/wp-json\/wp\/v2\/comments?post=52"}],"version-history":[{"count":0,"href":"https:\/\/fundacjarakiety.pl\/en\/wp-json\/wp\/v2\/pages\/52\/revisions"}],"wp:attachment":[{"href":"https:\/\/fundacjarakiety.pl\/en\/wp-json\/wp\/v2\/media?parent=52"}],"curies":[{"name":"wp","href":"https:\/\/api.w.org\/{rel}","templated":true}]}}