{"id":43863,"date":"2023-08-10T18:40:33","date_gmt":"2023-08-10T16:40:33","guid":{"rendered":"https:\/\/fundacjarakiety.pl\/?page_id=43863"},"modified":"2023-08-10T18:42:35","modified_gmt":"2023-08-10T16:42:35","slug":"pielegniarka","status":"publish","type":"page","link":"https:\/\/fundacjarakiety.pl\/en\/pielegniarka\/","title":{"rendered":"Nurse"},"content":{"rendered":"<p>Have you had surgery and would you like to know how to properly care for the wound so that it heals properly? Or maybe you care for a sick person and would like to receive tips on preventing pressure sores?<\/p>\n\n\n\n<p>Contact our specialist directly!<br>667-046-888<br><a href=\"mailto:aniamarzec1983@gmail.com\" target=\"_blank\" rel=\"noreferrer noopener\">aniamarzec1983@gmail.com<\/a> <\/p>\n\n\n\n<div class=\"wp-block-media-text alignwide is-stacked-on-mobile is-vertically-aligned-top is-image-fill\" style=\"grid-template-columns:31% auto\"><figure class=\"wp-block-media-text__media\" style=\"background-image:url(https:\/\/fundacjarakiety.pl\/wp-content\/uploads\/2023\/08\/Ania-Marzec-pielegniarka.jpg);background-position:50% 17%\"><img fetchpriority=\"high\" decoding=\"async\" width=\"720\" height=\"958\" src=\"https:\/\/fundacjarakiety.pl\/wp-content\/uploads\/2023\/08\/Ania-Marzec-pielegniarka.jpg\" alt=\"\" class=\"wp-image-43864 size-full\" srcset=\"https:\/\/fundacjarakiety.pl\/wp-content\/uploads\/2023\/08\/Ania-Marzec-pielegniarka.jpg 720w, https:\/\/fundacjarakiety.pl\/wp-content\/uploads\/2023\/08\/Ania-Marzec-pielegniarka-225x300.jpg 225w, https:\/\/fundacjarakiety.pl\/wp-content\/uploads\/2023\/08\/Ania-Marzec-pielegniarka-600x798.jpg 600w\" sizes=\"(max-width: 720px) 100vw, 720px\" \/><\/figure><div class=\"wp-block-media-text__content\">\n<h3 class=\"wp-block-heading\"><strong>Anna Marzec<\/strong><\/h3>\n\n\n\n<p>Nurse with 15 years of experience. Completed Bachelor of Nursing at the Pomeranian University in S\u0142upsk. Currently, further education in Clinical Psychology at the Higher School of Vocational Education in Wroc\u0142aw.<br>10 years of experience in hospital wards in England, 5 years of experience in the Intensive Cardiac Surveillance Unit, Neurology and Stroke Department at the Provincial Specialist Hospital in S\u0142upsk. Currently a Nurse in Long-Term Care and in the Education and Teaching Environment.<\/p>\n\n\n\n<p><strong>Help areas<\/strong><\/p>\n\n\n\n<ul class=\"wp-block-list\">\n<li>How to care for a postoperative wound: what measures to use and what not to do;<\/li>\n\n\n\n<li>Pre-medical assistance;<\/li>\n\n\n\n<li>Education in the field of disease prevention and mental hygiene.<\/li>\n<\/ul>\n<\/div><\/div>","protected":false},"excerpt":{"rendered":"<p>Have you had surgery and would you like to know how to properly care for the wound so that it heals properly? Or maybe you care for a sick person and would like to receive tips on preventing pressure sores? Contact our specialist directly!667-046-888aniamarzec1983@gmail.com<\/p>","protected":false},"author":2,"featured_media":0,"parent":0,"menu_order":0,"comment_status":"closed","ping_status":"closed","template":"","meta":{"page_title":"","first_name":"","last_name":"","name_variation":"","funds_collected":0,"funds_target":0,"currency":"","left_on_the_subaccount":0,"refunded_expenses":0,"collection_on":"","content_update":"","number_pln":"","number_usd":"","number_eur":"","number_gbp":"","swift":"","transfer_title":"","recipient_details":"","krs":"","tax_specific_target":"","fundraiser_iri":"","footnotes":""},"class_list":["post-43863","page","type-page","status-publish","hentry"],"rttpg_featured_image_url":null,"rttpg_author":{"display_name":"Fundacja Rakiety","author_link":"https:\/\/fundacjarakiety.pl\/en\/author\/dbaluk\/"},"rttpg_comment":0,"rttpg_category":null,"rttpg_excerpt":"Jeste\u015b po operacji i chcia\u0142(a)by\u015b si\u0119 dowiedzie\u0107, jak odpowiednio piel\u0119gnowa\u0107 ran\u0119, \u017ceby dobrze si\u0119 zagoi\u0142a? A mo\u017ce opiekujesz si\u0119 osob\u0105 chor\u0105 i chcia\u0142(a)by\u015b uzyska\u0107 wskaz\u00f3wki w zakresie profilaktyki odle\u017cyn? Skontaktuj si\u0119 bezpo\u015brednio z nasz\u0105 specjalistk\u0105!667-046-888aniamarzec1983@gmail.com","_links":{"self":[{"href":"https:\/\/fundacjarakiety.pl\/en\/wp-json\/wp\/v2\/pages\/43863"}],"collection":[{"href":"https:\/\/fundacjarakiety.pl\/en\/wp-json\/wp\/v2\/pages"}],"about":[{"href":"https:\/\/fundacjarakiety.pl\/en\/wp-json\/wp\/v2\/types\/page"}],"author":[{"embeddable":true,"href":"https:\/\/fundacjarakiety.pl\/en\/wp-json\/wp\/v2\/users\/2"}],"replies":[{"embeddable":true,"href":"https:\/\/fundacjarakiety.pl\/en\/wp-json\/wp\/v2\/comments?post=43863"}],"version-history":[{"count":0,"href":"https:\/\/fundacjarakiety.pl\/en\/wp-json\/wp\/v2\/pages\/43863\/revisions"}],"wp:attachment":[{"href":"https:\/\/fundacjarakiety.pl\/en\/wp-json\/wp\/v2\/media?parent=43863"}],"curies":[{"name":"wp","href":"https:\/\/api.w.org\/{rel}","templated":true}]}}