{"id":34688,"date":"2023-03-02T13:34:43","date_gmt":"2023-03-02T12:34:43","guid":{"rendered":"https:\/\/fundacjarakiety.pl\/?page_id=34688"},"modified":"2026-03-09T12:52:12","modified_gmt":"2026-03-09T11:52:12","slug":"lekarz-bolu","status":"publish","type":"page","link":"https:\/\/fundacjarakiety.pl\/en\/lekarz-bolu\/","title":{"rendered":"Pain doctor"},"content":{"rendered":"<p>Online consultations for the Foundation\u2019s beneficiaries are held through the Social Department.<\/p>\n\n\n\n<p><br>Michalina Pabia\u0144czyk, <a href=\"mailto:m.pabianczyk@fundacjarakiety.pl\" target=\"_blank\" rel=\"noreferrer noopener\">m.pabianczyk@fundacjarakiety.pl<\/a>, <strong>578 018 888<\/strong><br>Angelika Nowaczyk, <a href=\"mailto:a.nowaczyk@fundacjarakiety.pl\" target=\"_blank\" rel=\"noreferrer noopener\">a.nowaczyk@fundacjarakiety.pl<\/a>, <strong>793 293 333<\/strong><br>Magdalena Oczkowska, <a href=\"mailto:m.oczkowska@fundacjarakiety.pl\">m.oczkowska@fundacjarakiety.pl<\/a>, <strong>577 982 222<\/strong><br>Justyna Bry\u0142ka, <a href=\"mailto:j.brylka@fundacjarakiety.pl\">j.brylka@fundacjarakiety.pl<\/a>, <strong>534 584 444<\/strong><\/p>\n\n\n\n<div style=\"height:20px\" aria-hidden=\"true\" class=\"wp-block-spacer\"><\/div>\n\n\n\n<div class=\"wp-block-media-text alignwide is-stacked-on-mobile is-vertically-aligned-top\" style=\"grid-template-columns:27% auto\"><figure class=\"wp-block-media-text__media\"><img fetchpriority=\"high\" decoding=\"async\" width=\"810\" height=\"810\" src=\"https:\/\/fundacjarakiety.pl\/wp-content\/uploads\/2025\/01\/Anna-Lotowska-Cwiklewska.jpg\" alt=\"Anna \u0141otowska-\u0106wiklewska lekarz b\u00f3lu\" class=\"wp-image-69012 size-medium\" srcset=\"https:\/\/fundacjarakiety.pl\/wp-content\/uploads\/2025\/01\/Anna-Lotowska-Cwiklewska.jpg 810w, https:\/\/fundacjarakiety.pl\/wp-content\/uploads\/2025\/01\/Anna-Lotowska-Cwiklewska-300x300.jpg 300w, https:\/\/fundacjarakiety.pl\/wp-content\/uploads\/2025\/01\/Anna-Lotowska-Cwiklewska-768x768.jpg 768w, https:\/\/fundacjarakiety.pl\/wp-content\/uploads\/2025\/01\/Anna-Lotowska-Cwiklewska-12x12.jpg 12w\" sizes=\"(max-width: 810px) 100vw, 810px\" \/><\/figure><div class=\"wp-block-media-text__content\">\n<h3 class=\"wp-block-heading\"><strong>Anna \u0141otowska-\u0106wiklewska<\/strong><\/h3>\n\n\n\n<p><strong>specialist in anesthesiology and intensive care, EDPM<\/strong><\/p>\n\n\n\n<p>I am a specialist in anesthesiology and intensive care and a home hospice physician, and my greatest professional passion is pain management.<br>I have a prestigious, international certificate <strong>European Diploma in Pain Medicine <\/strong>\u2013 as one of 3 doctors in Poland<strong>.<\/strong> I am constantly expanding my knowledge and improving my skills in the field of pain management by participating in courses, meetings, conferences and workshops. I am a member of IASP, EFIC, ESAIC and PTAiT.<br>In the treatment of pain I use a multidisciplinary approach, including pharmacology, interventional techniques (analgesic blocks) and botulinum toxin, and I also work closely with the Clinic team.<\/p>\n<\/div><\/div>","protected":false},"excerpt":{"rendered":"<p>Konsultacje online dla Podopiecznych Fundacji odbywaj\u0105 si\u0119 za po\u015brednictwem Dzia\u0142u Spo\u0142ecznego. Michalina Pabia\u0144czyk, m.pabianczyk@fundacjarakiety.pl, 578 018 888Angelika Nowaczyk, a.nowaczyk@fundacjarakiety.pl, 793 293 333Magdalena Oczkowska, m.oczkowska@fundacjarakiety.pl, 577 982 222Justyna Bry\u0142ka, j.brylka@fundacjarakiety.pl, 534 584 444 Anna \u0141otowska-\u0106wiklewska specjalista anestezjologii i intensywnej terapii, EDPM Jestem specjalistk\u0105 anstezjologii i intensywnej terapii oraz lekarzem hospicjum domowego, a moj\u0105 najwi\u0119ksz\u0105 zawodow\u0105 pasj\u0105 [&hellip;]<\/p>\n","protected":false},"author":2,"featured_media":0,"parent":0,"menu_order":0,"comment_status":"closed","ping_status":"closed","template":"","meta":{"page_title":"","first_name":"","last_name":"","name_variation":"","funds_collected":0,"funds_target":0,"currency":"","left_on_the_subaccount":0,"refunded_expenses":0,"collection_on":"","content_update":"","number_pln":"","number_usd":"","number_eur":"","number_gbp":"","swift":"","transfer_title":"","recipient_details":"","krs":"","tax_specific_target":"","fundraiser_iri":"","footnotes":""},"class_list":["post-34688","page","type-page","status-publish","hentry"],"rttpg_featured_image_url":null,"rttpg_author":{"display_name":"Fundacja Rakiety","author_link":"https:\/\/fundacjarakiety.pl\/en\/author\/dbaluk\/"},"rttpg_comment":0,"rttpg_category":null,"rttpg_excerpt":"Konsultacje online dla Podopiecznych Fundacji odbywaj\u0105 si\u0119 za po\u015brednictwem Dzia\u0142u Spo\u0142ecznego. Michalina Pabia\u0144czyk, m.pabianczyk@fundacjarakiety.pl, 578 018 888Angelika Nowaczyk, a.nowaczyk@fundacjarakiety.pl, 793 293 333Magdalena Oczkowska, m.oczkowska@fundacjarakiety.pl, 577 982 222Justyna Bry\u0142ka, j.brylka@fundacjarakiety.pl, 534 584 444 Anna \u0141otowska-\u0106wiklewska specjalista anestezjologii i intensywnej terapii, EDPM Jestem specjalistk\u0105 anstezjologii i intensywnej terapii oraz lekarzem hospicjum domowego, a moj\u0105 najwi\u0119ksz\u0105 zawodow\u0105 pasj\u0105&hellip;","_links":{"self":[{"href":"https:\/\/fundacjarakiety.pl\/en\/wp-json\/wp\/v2\/pages\/34688"}],"collection":[{"href":"https:\/\/fundacjarakiety.pl\/en\/wp-json\/wp\/v2\/pages"}],"about":[{"href":"https:\/\/fundacjarakiety.pl\/en\/wp-json\/wp\/v2\/types\/page"}],"author":[{"embeddable":true,"href":"https:\/\/fundacjarakiety.pl\/en\/wp-json\/wp\/v2\/users\/2"}],"replies":[{"embeddable":true,"href":"https:\/\/fundacjarakiety.pl\/en\/wp-json\/wp\/v2\/comments?post=34688"}],"version-history":[{"count":5,"href":"https:\/\/fundacjarakiety.pl\/en\/wp-json\/wp\/v2\/pages\/34688\/revisions"}],"predecessor-version":[{"id":72315,"href":"https:\/\/fundacjarakiety.pl\/en\/wp-json\/wp\/v2\/pages\/34688\/revisions\/72315"}],"wp:attachment":[{"href":"https:\/\/fundacjarakiety.pl\/en\/wp-json\/wp\/v2\/media?parent=34688"}],"curies":[{"name":"wp","href":"https:\/\/api.w.org\/{rel}","templated":true}]}}