{"id":34230,"date":"2023-02-23T10:23:15","date_gmt":"2023-02-23T09:23:15","guid":{"rendered":"https:\/\/fundacjarakiety.pl\/?page_id=34230"},"modified":"2025-03-29T22:00:08","modified_gmt":"2025-03-29T21:00:08","slug":"badania-genetyczne","status":"publish","type":"page","link":"https:\/\/fundacjarakiety.pl\/en\/badania-genetyczne\/","title":{"rendered":"Genetic research"},"content":{"rendered":"<p><strong>Genetic testing plays a key role in modern oncology, helping both to assess the risk of cancer and to select effective therapy.<\/strong><\/p>\n\n\n\n<p><br><strong>Prevention and risk assessment<\/strong><\/p>\n\n\n\n<p>Gene analysis allows us to determine predispositions to hereditary cancers, which allows us to implement appropriate preventive measures. Early identification of a pathogenic mutation increases the chances of avoiding the disease or detecting it at an early stage, when treatment is most effective.<\/p>\n\n\n\n<p><strong>Personalized treatment<\/strong><\/p>\n\n\n\n<p>In the case of oncology patients, genetic testing allows for the selection of targeted therapies, adapted to the individual characteristics of the tumor. This makes the treatment more effective and the risk of unwanted side effects lower. Modern genetic diagnostics opens up new possibilities in cancer treatment, increasing the effectiveness of therapy and improving the quality of life of patients.<\/p>\n\n\n\n<p><strong>More information:<\/strong><\/p>\n\n\n\n<figure class=\"wp-block-embed is-type-wp-embed is-provider-fundacja-wiedzie-wi-cej wp-block-embed-fundacja-wiedzie-wi-cej\"><div class=\"wp-block-embed__wrapper\">\n<blockquote class=\"wp-embedded-content\" data-secret=\"T9sQERw493\"><a href=\"https:\/\/fundacjawiedziecwiecej.pl\/nowotowory-kobiece\/\" target=\"_blank\" rel=\"noopener\">Women&#039;s cancers \u2013 where do they come from and what does it mean that they are written in genes?\u00a0<\/a><\/blockquote><iframe class=\"wp-embedded-content\" sandbox=\"allow-scripts\" security=\"restricted\" style=\"position: absolute; visibility: hidden;\" title=\"&quot;Women&#039;s cancers - where do they come from and what does it mean that they are written in genes?&quot; \u2014 Know More Foundation\" src=\"https:\/\/fundacjawiedziecwiecej.pl\/nowotowory-kobiece\/embed\/#?secret=LvqhUUesne#?secret=T9sQERw493\" data-secret=\"T9sQERw493\" width=\"600\" height=\"338\" frameborder=\"0\" marginwidth=\"0\" marginheight=\"0\" scrolling=\"no\"><\/iframe>\n<\/div><\/figure>\n\n\n\n<figure class=\"wp-block-embed is-type-wp-embed is-provider-fundacja-wiedzie-wi-cej wp-block-embed-fundacja-wiedzie-wi-cej\"><div class=\"wp-block-embed__wrapper\">\n<blockquote class=\"wp-embedded-content\" data-secret=\"glbQn8NJXh\"><a href=\"https:\/\/fundacjawiedziecwiecej.pl\/podloze-genetyczne-raka-piersi\/\" target=\"_blank\" rel=\"noopener\">Genetic basis of breast cancer<\/a><\/blockquote><iframe class=\"wp-embedded-content\" sandbox=\"allow-scripts\" security=\"restricted\" style=\"position: absolute; visibility: hidden;\" title=\"&quot;The Genetic Basis of Breast Cancer&quot; - Know More Foundation\" src=\"https:\/\/fundacjawiedziecwiecej.pl\/podloze-genetyczne-raka-piersi\/embed\/#?secret=K565FYyFu9#?secret=glbQn8NJXh\" data-secret=\"glbQn8NJXh\" width=\"600\" height=\"338\" frameborder=\"0\" marginwidth=\"0\" marginheight=\"0\" scrolling=\"no\"><\/iframe>\n<\/div><\/figure>\n\n\n\n<figure class=\"wp-block-embed is-type-wp-embed is-provider-fundacja-wiedzie-wi-cej wp-block-embed-fundacja-wiedzie-wi-cej\"><div class=\"wp-block-embed__wrapper\">\n<blockquote class=\"wp-embedded-content\" data-secret=\"aTCHibCJMM\"><a href=\"https:\/\/fundacjawiedziecwiecej.pl\/badania-genetyczne-w-raku-piersi\/\" target=\"_blank\" rel=\"noopener\">Genetic testing in breast cancer<\/a><\/blockquote><iframe class=\"wp-embedded-content\" sandbox=\"allow-scripts\" security=\"restricted\" style=\"position: absolute; visibility: hidden;\" title=\"&quot;Genetic testing in breast cancer&quot; - Wiedzie\u0107 More Foundation\" src=\"https:\/\/fundacjawiedziecwiecej.pl\/badania-genetyczne-w-raku-piersi\/embed\/#?secret=RKQf02Gbkv#?secret=aTCHibCJMM\" data-secret=\"aTCHibCJMM\" width=\"600\" height=\"338\" frameborder=\"0\" marginwidth=\"0\" marginheight=\"0\" scrolling=\"no\"><\/iframe>\n<\/div><\/figure>\n\n\n\n<figure class=\"wp-block-embed is-type-wp-embed is-provider-fundacja-wiedzie-wi-cej wp-block-embed-fundacja-wiedzie-wi-cej\"><div class=\"wp-block-embed__wrapper\">\n<blockquote class=\"wp-embedded-content\" data-secret=\"scI8lcVoW0\"><a href=\"https:\/\/fundacjawiedziecwiecej.pl\/terapie-celowane-i-immunoterapia-w-raku-piersi\/\" target=\"_blank\" rel=\"noopener\">Targeted therapies and immunotherapy in breast cancer<\/a><\/blockquote><iframe class=\"wp-embedded-content\" sandbox=\"allow-scripts\" security=\"restricted\" style=\"position: absolute; visibility: hidden;\" title=\"&quot;Targeted therapies and immunotherapy in breast cancer&quot; - Know More Foundation\" src=\"https:\/\/fundacjawiedziecwiecej.pl\/terapie-celowane-i-immunoterapia-w-raku-piersi\/embed\/#?secret=4zeDXzddvM#?secret=scI8lcVoW0\" data-secret=\"scI8lcVoW0\" width=\"600\" height=\"338\" frameborder=\"0\" marginwidth=\"0\" marginheight=\"0\" scrolling=\"no\"><\/iframe>\n<\/div><\/figure>\n\n\n\n<figure class=\"wp-block-embed is-type-wp-embed is-provider-fundacja-wiedzie-wi-cej wp-block-embed-fundacja-wiedzie-wi-cej\"><div class=\"wp-block-embed__wrapper\">\n<blockquote class=\"wp-embedded-content\" data-secret=\"NFyJVfIJiF\"><a href=\"https:\/\/fundacjawiedziecwiecej.pl\/badania-genetyczne-w-raku-jajnika\/\" target=\"_blank\" rel=\"noopener\">Genetic testing in ovarian cancer<\/a><\/blockquote><iframe class=\"wp-embedded-content\" sandbox=\"allow-scripts\" security=\"restricted\" style=\"position: absolute; visibility: hidden;\" title=\"&quot;Genetic testing in ovarian cancer&quot; - Wiedzie\u0107 More Foundation\" src=\"https:\/\/fundacjawiedziecwiecej.pl\/badania-genetyczne-w-raku-jajnika\/embed\/#?secret=sPnAIY02o3#?secret=NFyJVfIJiF\" data-secret=\"NFyJVfIJiF\" width=\"600\" height=\"338\" frameborder=\"0\" marginwidth=\"0\" marginheight=\"0\" scrolling=\"no\"><\/iframe>\n<\/div><\/figure>\n\n\n\n<figure class=\"wp-block-embed is-type-wp-embed is-provider-fundacja-wiedzie-wi-cej wp-block-embed-fundacja-wiedzie-wi-cej\"><div class=\"wp-block-embed__wrapper\">\n<blockquote class=\"wp-embedded-content\" data-secret=\"YoQWBk4HmZ\"><a href=\"https:\/\/fundacjawiedziecwiecej.pl\/badania-genetyczne-w-raku-trzustki\/\" target=\"_blank\" rel=\"noopener\">Genetic testing for pancreatic cancer<\/a><\/blockquote><iframe class=\"wp-embedded-content\" sandbox=\"allow-scripts\" security=\"restricted\" style=\"position: absolute; visibility: hidden;\" title=\"&quot;Genetic testing in pancreatic cancer&quot; - Know More Foundation\" src=\"https:\/\/fundacjawiedziecwiecej.pl\/badania-genetyczne-w-raku-trzustki\/embed\/#?secret=nWvZcFa3eg#?secret=YoQWBk4HmZ\" data-secret=\"YoQWBk4HmZ\" width=\"600\" height=\"338\" frameborder=\"0\" marginwidth=\"0\" marginheight=\"0\" scrolling=\"no\"><\/iframe>\n<\/div><\/figure>\n\n\n\n<figure class=\"wp-block-embed is-type-wp-embed is-provider-fundacja-wiedzie-wi-cej wp-block-embed-fundacja-wiedzie-wi-cej\"><div class=\"wp-block-embed__wrapper\">\nhttps:\/\/fundacjawiedziecwiecej.pl\/terapie-celowane-i-immunoterapia-w-raku-trzustki\/\n<\/div><\/figure>\n\n\n\n<figure class=\"wp-block-embed is-type-wp-embed is-provider-fundacja-wiedzie-wi-cej wp-block-embed-fundacja-wiedzie-wi-cej\"><div class=\"wp-block-embed__wrapper\">\n<blockquote class=\"wp-embedded-content\" data-secret=\"zMtNriG6Ab\"><a href=\"https:\/\/fundacjawiedziecwiecej.pl\/badania-genetyczne-w-raku-pluca\/\" target=\"_blank\" rel=\"noopener\">Genetic testing for lung cancer<\/a><\/blockquote><iframe class=\"wp-embedded-content\" sandbox=\"allow-scripts\" security=\"restricted\" style=\"position: absolute; visibility: hidden;\" title=\"&quot;Genetic testing in lung cancer&quot; - Know More Foundation\" src=\"https:\/\/fundacjawiedziecwiecej.pl\/badania-genetyczne-w-raku-pluca\/embed\/#?secret=7WdSKxWMSY#?secret=zMtNriG6Ab\" data-secret=\"zMtNriG6Ab\" width=\"600\" height=\"338\" frameborder=\"0\" marginwidth=\"0\" marginheight=\"0\" scrolling=\"no\"><\/iframe>\n<\/div><\/figure>\n\n\n\n<figure class=\"wp-block-embed is-type-wp-embed is-provider-fundacja-wiedzie-wi-cej wp-block-embed-fundacja-wiedzie-wi-cej\"><div class=\"wp-block-embed__wrapper\">\n<blockquote class=\"wp-embedded-content\" data-secret=\"ykNiBzZmfa\"><a href=\"https:\/\/fundacjawiedziecwiecej.pl\/terapie-celowane-i-immunoterapia-w-raku-pluca\/\" target=\"_blank\" rel=\"noopener\">Targeted therapies and immunotherapy in lung cancer<\/a><\/blockquote><iframe class=\"wp-embedded-content\" sandbox=\"allow-scripts\" security=\"restricted\" style=\"position: absolute; visibility: hidden;\" title=\"&quot;Targeted therapies and immunotherapy in lung cancer&quot; - Know More Foundation\" src=\"https:\/\/fundacjawiedziecwiecej.pl\/terapie-celowane-i-immunoterapia-w-raku-pluca\/embed\/#?secret=80iYMhAFwT#?secret=ykNiBzZmfa\" data-secret=\"ykNiBzZmfa\" width=\"600\" height=\"338\" frameborder=\"0\" marginwidth=\"0\" marginheight=\"0\" scrolling=\"no\"><\/iframe>\n<\/div><\/figure>\n\n\n\n<figure class=\"wp-block-embed is-type-wp-embed is-provider-fundacja-wiedzie-wi-cej wp-block-embed-fundacja-wiedzie-wi-cej\"><div class=\"wp-block-embed__wrapper\">\n<blockquote class=\"wp-embedded-content\" data-secret=\"HuvTFqBe2Z\"><a href=\"https:\/\/fundacjawiedziecwiecej.pl\/badania-genetyczne-w-raku-jelita\/\" target=\"_blank\" rel=\"noopener\">Genetic testing for colon cancer<\/a><\/blockquote><iframe class=\"wp-embedded-content\" sandbox=\"allow-scripts\" security=\"restricted\" style=\"position: absolute; visibility: hidden;\" title=\"&quot;Genetic testing in colorectal cancer&quot; - Know More Foundation\" src=\"https:\/\/fundacjawiedziecwiecej.pl\/badania-genetyczne-w-raku-jelita\/embed\/#?secret=8bWPNaPxhk#?secret=HuvTFqBe2Z\" data-secret=\"HuvTFqBe2Z\" width=\"600\" height=\"338\" frameborder=\"0\" marginwidth=\"0\" marginheight=\"0\" scrolling=\"no\"><\/iframe>\n<\/div><\/figure>\n\n\n\n<figure class=\"wp-block-embed is-type-wp-embed is-provider-fundacja-wiedzie-wi-cej wp-block-embed-fundacja-wiedzie-wi-cej\"><div class=\"wp-block-embed__wrapper\">\n<blockquote class=\"wp-embedded-content\" data-secret=\"oM9jUY3AKm\"><a href=\"https:\/\/fundacjawiedziecwiecej.pl\/terapie-celowane-i-immunoterapia-w-raku-jelita\/\" target=\"_blank\" rel=\"noopener\">Targeted therapies and immunotherapy in colorectal cancer<\/a><\/blockquote><iframe class=\"wp-embedded-content\" sandbox=\"allow-scripts\" security=\"restricted\" style=\"position: absolute; visibility: hidden;\" title=\"&quot;Targeted therapies and immunotherapy in colorectal cancer&quot; - Know More Foundation\" src=\"https:\/\/fundacjawiedziecwiecej.pl\/terapie-celowane-i-immunoterapia-w-raku-jelita\/embed\/#?secret=zbeq1cNNN1#?secret=oM9jUY3AKm\" data-secret=\"oM9jUY3AKm\" width=\"600\" height=\"338\" frameborder=\"0\" marginwidth=\"0\" marginheight=\"0\" scrolling=\"no\"><\/iframe>\n<\/div><\/figure>\n\n\n\n<figure class=\"wp-block-embed is-type-wp-embed is-provider-fundacja-wiedzie-wi-cej wp-block-embed-fundacja-wiedzie-wi-cej\"><div class=\"wp-block-embed__wrapper\">\n<blockquote class=\"wp-embedded-content\" data-secret=\"7MmsejBZKJ\"><a href=\"https:\/\/fundacjawiedziecwiecej.pl\/badania-genetyczne-w-czerniaku\/\" target=\"_blank\" rel=\"noopener\">Genetic testing in melanoma<\/a><\/blockquote><iframe class=\"wp-embedded-content\" sandbox=\"allow-scripts\" security=\"restricted\" style=\"position: absolute; visibility: hidden;\" title=\"&quot;Genetic testing in melanoma&quot; - Know More Foundation\" src=\"https:\/\/fundacjawiedziecwiecej.pl\/badania-genetyczne-w-czerniaku\/embed\/#?secret=VZHyEfXa65#?secret=7MmsejBZKJ\" data-secret=\"7MmsejBZKJ\" width=\"600\" height=\"338\" frameborder=\"0\" marginwidth=\"0\" marginheight=\"0\" scrolling=\"no\"><\/iframe>\n<\/div><\/figure>\n\n\n\n<figure class=\"wp-block-embed is-type-wp-embed is-provider-fundacja-wiedzie-wi-cej wp-block-embed-fundacja-wiedzie-wi-cej\"><div class=\"wp-block-embed__wrapper\">\n<blockquote class=\"wp-embedded-content\" data-secret=\"O63766zrKU\"><a href=\"https:\/\/fundacjawiedziecwiecej.pl\/terapie-celowane-i-immunoterapia-w-czerniaku\/\" target=\"_blank\" rel=\"noopener\">Targeted therapies and immunotherapy in melanoma<\/a><\/blockquote><iframe class=\"wp-embedded-content\" sandbox=\"allow-scripts\" security=\"restricted\" style=\"position: absolute; visibility: hidden;\" title=\"&quot;Targeted therapies and immunotherapy in melanoma&quot; - Know More Foundation\" src=\"https:\/\/fundacjawiedziecwiecej.pl\/terapie-celowane-i-immunoterapia-w-czerniaku\/embed\/#?secret=wSQA3kbdlA#?secret=O63766zrKU\" data-secret=\"O63766zrKU\" width=\"600\" height=\"338\" frameborder=\"0\" marginwidth=\"0\" marginheight=\"0\" scrolling=\"no\"><\/iframe>\n<\/div><\/figure>\n\n\n\n<figure class=\"wp-block-embed is-type-wp-embed is-provider-fundacja-wiedzie-wi-cej wp-block-embed-fundacja-wiedzie-wi-cej\"><div class=\"wp-block-embed__wrapper\">\n<blockquote class=\"wp-embedded-content\" data-secret=\"SXRc9Rm3Lw\"><a href=\"https:\/\/fundacjawiedziecwiecej.pl\/hcc\/\" target=\"_blank\" rel=\"noopener\">Genetic testing for hepatocellular carcinoma HCC<\/a><\/blockquote><iframe class=\"wp-embedded-content\" sandbox=\"allow-scripts\" security=\"restricted\" style=\"position: absolute; visibility: hidden;\" title=\"&quot;Genetic testing in hepatocellular carcinoma HCC&quot; - Know More Foundation\" src=\"https:\/\/fundacjawiedziecwiecej.pl\/hcc\/embed\/#?secret=bcS3F6Bj2s#?secret=SXRc9Rm3Lw\" data-secret=\"SXRc9Rm3Lw\" width=\"600\" height=\"338\" frameborder=\"0\" marginwidth=\"0\" marginheight=\"0\" scrolling=\"no\"><\/iframe>\n<\/div><\/figure>\n\n\n\n<figure class=\"wp-block-embed is-type-wp-embed is-provider-fundacja-wiedzie-wi-cej wp-block-embed-fundacja-wiedzie-wi-cej\"><div class=\"wp-block-embed__wrapper\">\n<blockquote class=\"wp-embedded-content\" data-secret=\"ciTHjqDBag\"><a href=\"https:\/\/fundacjawiedziecwiecej.pl\/metody-badania-genow\/\" target=\"_blank\" rel=\"noopener\">Gene research methods<\/a><\/blockquote><iframe class=\"wp-embedded-content\" sandbox=\"allow-scripts\" security=\"restricted\" style=\"position: absolute; visibility: hidden;\" title=\"&quot;Gene Research Methods&quot; - Know More Foundation\" src=\"https:\/\/fundacjawiedziecwiecej.pl\/metody-badania-genow\/embed\/#?secret=aWEgqTyPql#?secret=ciTHjqDBag\" data-secret=\"ciTHjqDBag\" width=\"600\" height=\"338\" frameborder=\"0\" marginwidth=\"0\" marginheight=\"0\" scrolling=\"no\"><\/iframe>\n<\/div><\/figure>\n\n\n\n<figure class=\"wp-block-embed is-type-wp-embed is-provider-fundacja-wiedzie-wi-cej wp-block-embed-fundacja-wiedzie-wi-cej\"><div class=\"wp-block-embed__wrapper\">\n<blockquote class=\"wp-embedded-content\" data-secret=\"gkU9F3eaNv\"><a href=\"https:\/\/fundacjawiedziecwiecej.pl\/samo-zycie-czyli-niezalezne-od-nas-czynniki-ryzyka-nowotworu\/\" target=\"_blank\" rel=\"noopener\">Life itself, i.e. cancer risk factors beyond our control\u00a0<\/a><\/blockquote><iframe class=\"wp-embedded-content\" sandbox=\"allow-scripts\" security=\"restricted\" style=\"position: absolute; visibility: hidden;\" title=\"&quot;Life itself, i.e. cancer risk factors beyond our control&quot; - Wiedzie\u0107 More Foundation\" src=\"https:\/\/fundacjawiedziecwiecej.pl\/samo-zycie-czyli-niezalezne-od-nas-czynniki-ryzyka-nowotworu\/embed\/#?secret=OH31po4Yii#?secret=gkU9F3eaNv\" data-secret=\"gkU9F3eaNv\" width=\"600\" height=\"338\" frameborder=\"0\" marginwidth=\"0\" marginheight=\"0\" scrolling=\"no\"><\/iframe>\n<\/div><\/figure>","protected":false},"excerpt":{"rendered":"<p>Badania genetyczne odgrywaj\u0105 kluczow\u0105 rol\u0119 w nowoczesnej onkologii, pomagaj\u0105c zar\u00f3wno w ocenie ryzyka zachorowania na nowotwory, jak i w doborze skutecznej terapii. Profilaktyka i ocena ryzyka Analiza gen\u00f3w pozwala okre\u015bli\u0107 predyspozycje do zachorowania na nowotwory dziedziczne, co umo\u017cliwia wdro\u017cenie odpowiednich dzia\u0142a\u0144 profilaktycznych. Wczesna identyfikacja chorobotw\u00f3rczej mutacji zwi\u0119ksza szanse na unikni\u0119cie choroby lub jej wykrycie na [&hellip;]<\/p>\n","protected":false},"author":2,"featured_media":0,"parent":0,"menu_order":0,"comment_status":"closed","ping_status":"closed","template":"","meta":{"page_title":"","first_name":"","last_name":"","name_variation":"","funds_collected":0,"funds_target":0,"currency":"","left_on_the_subaccount":0,"refunded_expenses":0,"collection_on":"","content_update":"","number_pln":"","number_usd":"","number_eur":"","number_gbp":"","swift":"","transfer_title":"","recipient_details":"","krs":"","tax_specific_target":"","fundraiser_iri":"","footnotes":""},"class_list":["post-34230","page","type-page","status-publish","hentry"],"rttpg_featured_image_url":null,"rttpg_author":{"display_name":"Fundacja Rakiety","author_link":"https:\/\/fundacjarakiety.pl\/en\/author\/dbaluk\/"},"rttpg_comment":0,"rttpg_category":null,"rttpg_excerpt":"Badania genetyczne odgrywaj\u0105 kluczow\u0105 rol\u0119 w nowoczesnej onkologii, pomagaj\u0105c zar\u00f3wno w ocenie ryzyka zachorowania na nowotwory, jak i w doborze skutecznej terapii. Profilaktyka i ocena ryzyka Analiza gen\u00f3w pozwala okre\u015bli\u0107 predyspozycje do zachorowania na nowotwory dziedziczne, co umo\u017cliwia wdro\u017cenie odpowiednich dzia\u0142a\u0144 profilaktycznych. Wczesna identyfikacja chorobotw\u00f3rczej mutacji zwi\u0119ksza szanse na unikni\u0119cie choroby lub jej wykrycie na&hellip;","_links":{"self":[{"href":"https:\/\/fundacjarakiety.pl\/en\/wp-json\/wp\/v2\/pages\/34230"}],"collection":[{"href":"https:\/\/fundacjarakiety.pl\/en\/wp-json\/wp\/v2\/pages"}],"about":[{"href":"https:\/\/fundacjarakiety.pl\/en\/wp-json\/wp\/v2\/types\/page"}],"author":[{"embeddable":true,"href":"https:\/\/fundacjarakiety.pl\/en\/wp-json\/wp\/v2\/users\/2"}],"replies":[{"embeddable":true,"href":"https:\/\/fundacjarakiety.pl\/en\/wp-json\/wp\/v2\/comments?post=34230"}],"version-history":[{"count":3,"href":"https:\/\/fundacjarakiety.pl\/en\/wp-json\/wp\/v2\/pages\/34230\/revisions"}],"predecessor-version":[{"id":69940,"href":"https:\/\/fundacjarakiety.pl\/en\/wp-json\/wp\/v2\/pages\/34230\/revisions\/69940"}],"wp:attachment":[{"href":"https:\/\/fundacjarakiety.pl\/en\/wp-json\/wp\/v2\/media?parent=34230"}],"curies":[{"name":"wp","href":"https:\/\/api.w.org\/{rel}","templated":true}]}}