{"id":22299,"date":"2022-05-11T12:38:25","date_gmt":"2022-05-11T10:38:25","guid":{"rendered":"https:\/\/fundacjarakiety.pl\/?page_id=22299"},"modified":"2026-03-09T12:47:52","modified_gmt":"2026-03-09T11:47:52","slug":"seksuolog","status":"publish","type":"page","link":"https:\/\/fundacjarakiety.pl\/en\/seksuolog\/","title":{"rendered":"Sexologist"},"content":{"rendered":"<p>Chronic cancer affects many areas of life, one of them is sexual activity. If you want to talk about the changes taking place here and ensure satisfaction with your sex life, consult a sexologist.<\/p>\n\n\n\n<p>To schedule an online consultation with a sexologist, simply contact our Social Department:<br><br>Michalina Pabia\u0144czyk, <a href=\"mailto:m.pabianczyk@fundacjarakiety.pl\" target=\"_blank\" rel=\"noreferrer noopener\">m.pabianczyk@fundacjarakiety.pl<\/a>, 578 018 888<br>Angelika Nowaczyk, <a href=\"mailto:a.nowaczyk@fundacjarakiety.pl\" target=\"_blank\" rel=\"noreferrer noopener\">a.nowaczyk@fundacjarakiety.pl<\/a>, 793 293 333<br>Magdalena Oczkowska, <a href=\"mailto:m.oczkowska@fundacjarakiety.pl\">m.oczkowska@fundacjarakiety.pl<\/a>, 577 982 222<br>Justyna Bry\u0142ka, <a href=\"mailto:j.brylka@fundacjarakiety.pl\">j.brylka@fundacjarakiety.pl<\/a>, 534 584 444<\/p>\n\n\n\n<p><strong>Consultations are free of charge for the beneficiaries of our foundation.<\/strong><\/p>\n\n\n\n<p><\/p>","protected":false},"excerpt":{"rendered":"<p>Przewlek\u0142a choroba nowotworowa ma wp\u0142yw na wiele obszar\u00f3w \u017cycia, jednym z nich jest aktywno\u015b\u0107 seksualna. Je\u015bli chcesz porozmawia\u0107 o zmianach, jakie tu zachodz\u0105 i zadba\u0107 o satysfakcj\u0119 z \u017cycia seksualnego, skorzystaj z konsultacji z seksuologiem. Aby um\u00f3wi\u0107 si\u0119 na konsultacj\u0119 online z seksuologiem wystarczy, \u017ce skontaktujesz si\u0119 z naszym Dzia\u0142em Spo\u0142ecznym: Michalina Pabia\u0144czyk, m.pabianczyk@fundacjarakiety.pl, 578 [&hellip;]<\/p>\n","protected":false},"author":2,"featured_media":0,"parent":0,"menu_order":0,"comment_status":"closed","ping_status":"closed","template":"","meta":{"page_title":"","first_name":"","last_name":"","name_variation":"","funds_collected":0,"funds_target":0,"currency":"","left_on_the_subaccount":0,"refunded_expenses":0,"collection_on":"","content_update":"","number_pln":"","number_usd":"","number_eur":"","number_gbp":"","swift":"","transfer_title":"","recipient_details":"","krs":"","tax_specific_target":"","fundraiser_iri":"","footnotes":""},"class_list":["post-22299","page","type-page","status-publish","hentry"],"rttpg_featured_image_url":null,"rttpg_author":{"display_name":"Fundacja Rakiety","author_link":"https:\/\/fundacjarakiety.pl\/en\/author\/dbaluk\/"},"rttpg_comment":0,"rttpg_category":null,"rttpg_excerpt":"Przewlek\u0142a choroba nowotworowa ma wp\u0142yw na wiele obszar\u00f3w \u017cycia, jednym z nich jest aktywno\u015b\u0107 seksualna. Je\u015bli chcesz porozmawia\u0107 o zmianach, jakie tu zachodz\u0105 i zadba\u0107 o satysfakcj\u0119 z \u017cycia seksualnego, skorzystaj z konsultacji z seksuologiem. Aby um\u00f3wi\u0107 si\u0119 na konsultacj\u0119 online z seksuologiem wystarczy, \u017ce skontaktujesz si\u0119 z naszym Dzia\u0142em Spo\u0142ecznym: Michalina Pabia\u0144czyk, m.pabianczyk@fundacjarakiety.pl, 578&hellip;","_links":{"self":[{"href":"https:\/\/fundacjarakiety.pl\/en\/wp-json\/wp\/v2\/pages\/22299"}],"collection":[{"href":"https:\/\/fundacjarakiety.pl\/en\/wp-json\/wp\/v2\/pages"}],"about":[{"href":"https:\/\/fundacjarakiety.pl\/en\/wp-json\/wp\/v2\/types\/page"}],"author":[{"embeddable":true,"href":"https:\/\/fundacjarakiety.pl\/en\/wp-json\/wp\/v2\/users\/2"}],"replies":[{"embeddable":true,"href":"https:\/\/fundacjarakiety.pl\/en\/wp-json\/wp\/v2\/comments?post=22299"}],"version-history":[{"count":6,"href":"https:\/\/fundacjarakiety.pl\/en\/wp-json\/wp\/v2\/pages\/22299\/revisions"}],"predecessor-version":[{"id":72308,"href":"https:\/\/fundacjarakiety.pl\/en\/wp-json\/wp\/v2\/pages\/22299\/revisions\/72308"}],"wp:attachment":[{"href":"https:\/\/fundacjarakiety.pl\/en\/wp-json\/wp\/v2\/media?parent=22299"}],"curies":[{"name":"wp","href":"https:\/\/api.w.org\/{rel}","templated":true}]}}