{"id":20955,"date":"2022-04-04T14:40:35","date_gmt":"2022-04-04T12:40:35","guid":{"rendered":"https:\/\/fundacjarakiety.pl\/?page_id=20955"},"modified":"2025-08-22T16:40:58","modified_gmt":"2025-08-22T14:40:58","slug":"podopieczni-fundacji","status":"publish","type":"page","link":"https:\/\/fundacjarakiety.pl\/en\/podopieczni-fundacji\/","title":{"rendered":"Supporters of the Rakiety Oncological Foundation \u2013 Collections"},"content":{"rendered":"<div data-elementor-type=\"wp-page\" data-elementor-id=\"20955\" class=\"elementor elementor-20955\">\n\t\t\t\t<div class=\"elementor-element elementor-element-6cb4c2f e-flex e-con-boxed e-con e-parent\" data-id=\"6cb4c2f\" data-element_type=\"container\" data-e-type=\"container\">\n\t\t\t\t\t<div class=\"e-con-inner\">\n\t\t<div class=\"elementor-element elementor-element-b2f8981 e-con-full e-flex e-con e-child\" data-id=\"b2f8981\" data-element_type=\"container\" data-e-type=\"container\">\n\t\t\t\t<div class=\"elementor-element elementor-element-53032c4 elementor-widget elementor-widget-text-editor\" data-id=\"53032c4\" data-element_type=\"widget\" data-e-type=\"widget\" data-widget_type=\"text-editor.default\">\n\t\t\t\t<div class=\"elementor-widget-container\">\n\t\t\t\t\t\t\t\t\t<p>Collections for those under our care - we collect funds for Goals and Dreams. We all have them. However, for some of us, illness stands in the way of achieving them. Discover the dreams of people like you! Help you beat cancer and get back to everyday life.<br \/><strong>100% of donated money goes to those in need!<\/strong><\/p>\t\t\t\t\t\t\t\t<\/div>\n\t\t\t\t<\/div>\n\t\t\t\t<\/div>\n\t\t<div class=\"elementor-element elementor-element-3443197 e-con-full e-flex e-con e-child\" data-id=\"3443197\" data-element_type=\"container\" data-e-type=\"container\">\n\t\t\t\t<div class=\"elementor-element elementor-element-6c91d72 elementor-widget elementor-widget-shortcode\" data-id=\"6c91d72\" data-element_type=\"widget\" data-e-type=\"widget\" data-widget_type=\"shortcode.default\">\n\t\t\t\t<div class=\"elementor-widget-container\">\n\t\t\t\t\t\t\t<div class=\"elementor-shortcode\"><form role=\"search\" method=\"get\" id=\"searchform\" action=\"https:\/\/fundacjarakiety.pl\/en\/\" class=\"search\" data-trp-original-action=\"https:\/\/fundacjarakiety.pl\/en\/\">\n    <div><label class=\"screen-reader-text\" for=\"s\">Search:<\/label>\n    <input type=\"text\" value=\"\" name=\"s\" id=\"s\" placeholder=\"Search\" \/>\n    <input type=\"hidden\" name=\"post_type\" value=\"beneficiaries\" \/>\n    <input type=\"submit\" id=\"searchsubmit\" value=\"Search\" class=\"search__button\" \/>\n    <\/div>\n    <input type=\"hidden\" name=\"trp-form-language\" value=\"en\"\/><\/form><\/div>\n\t\t\t\t\t\t<\/div>\n\t\t\t\t<\/div>\n\t\t\t\t<\/div>\n\t\t\t\t\t<\/div>\n\t\t\t\t<\/div>\n\t\t<div class=\"elementor-element elementor-element-6d1a9088 e-flex e-con-boxed e-con e-parent\" data-id=\"6d1a9088\" data-element_type=\"container\" data-e-type=\"container\">\n\t\t\t\t\t<div class=\"e-con-inner\">\n\t\t\t\t<div class=\"elementor-element elementor-element-4959fb65 elementor-widget elementor-widget-text-editor\" data-id=\"4959fb65\" data-element_type=\"widget\" data-e-type=\"widget\" data-widget_type=\"text-editor.default\">\n\t\t\t\t<div class=\"elementor-widget-container\">\n\t\t\t\t\t\t\t\t\t<p><\/p>\n<ul class=\"beneficiary__list\">\n<li class=\"beneficiary__item\"><img fetchpriority=\"high\" decoding=\"async\" width=\"600\" height=\"600\" src=\"https:\/\/fundacjarakiety.pl\/wp-content\/uploads\/2026\/04\/img-1488-69de5a3fe47ed880753143-600x600.jpg\" class=\"beneficiary__thumbnail wp-post-image\" alt=\"\" srcset=\"https:\/\/fundacjarakiety.pl\/wp-content\/uploads\/2026\/04\/img-1488-69de5a3fe47ed880753143-600x600.jpg 600w, https:\/\/fundacjarakiety.pl\/wp-content\/uploads\/2026\/04\/img-1488-69de5a3fe47ed880753143-12x12.jpg 12w\" sizes=\"(max-width: 600px) 100vw, 600px\" \/>\n<div class=\"beneficiary__card\">\n<h2 class=\"beneficiary__title\">Ilkin Aliyev<\/h2>\n<p class=\"beneficiary__excerpt\">Na pocz\u0105tku 2026 roku us\u0142ysza\u0142em diagnoz\u0119, ch\u0142oniak Hodgkina. Od marca przechodz\u0119 intensywn\u0105 chemioterapi\u0119, kt\u00f3ra jest moj\u0105 szans\u0105 na wyzdrowienie. Niestety, z powodu choroby straci\u0142em prac\u0119, a koszty leczenia przekraczaj\u0105 moje mo\u017cliwo\u015bci.<\/p>\n<p class=\"beneficiary__funds\"><span class=\"beneficiary__funds--highlight\">PLN 0.00<\/span> from PLN 100,000.00<\/p>\n<div class=\"progress\"><span class=\"progress__indicator\" style=\"left: 0%\"><\/span><progress class=\"progress__bar\" max=\"100\" value=\"0\">0%<\/progress><\/div>\n<p><a class=\"beneficiary__link\" href=\"https:\/\/fundacjarakiety.pl\/en\/podopieczni\/ilkin-aliyev\/\"> I support <\/a><\/div>\n<\/li>\n<li class=\"beneficiary__item\"><img decoding=\"async\" width=\"600\" height=\"600\" src=\"https:\/\/fundacjarakiety.pl\/wp-content\/uploads\/2026\/04\/img-1758036673524-69d7615cce555394047985-600x600.jpg\" class=\"beneficiary__thumbnail wp-post-image\" alt=\"\" srcset=\"https:\/\/fundacjarakiety.pl\/wp-content\/uploads\/2026\/04\/img-1758036673524-69d7615cce555394047985-600x600.jpg 600w, https:\/\/fundacjarakiety.pl\/wp-content\/uploads\/2026\/04\/img-1758036673524-69d7615cce555394047985-305x305.jpg 305w, https:\/\/fundacjarakiety.pl\/wp-content\/uploads\/2026\/04\/img-1758036673524-69d7615cce555394047985-1024x1024.jpg 1024w, https:\/\/fundacjarakiety.pl\/wp-content\/uploads\/2026\/04\/img-1758036673524-69d7615cce555394047985-768x768.jpg 768w, https:\/\/fundacjarakiety.pl\/wp-content\/uploads\/2026\/04\/img-1758036673524-69d7615cce555394047985-12x12.jpg 12w, https:\/\/fundacjarakiety.pl\/wp-content\/uploads\/2026\/04\/img-1758036673524-69d7615cce555394047985.jpg 1200w\" sizes=\"(max-width: 600px) 100vw, 600px\" \/>\n<div class=\"beneficiary__card\">\n<h2 class=\"beneficiary__title\">Marzena J\u0119drzejczak<\/h2>\n<p class=\"beneficiary__excerpt\">Niestety przy przerzutach do p\u0142uc, w\u0105troby i m\u00f3zgu z raka jelita grubego nie ma dla mnie skutecznego leczenia w zwyk\u0142ym szpitalu na Onkologii. Zbieram \u015brodki na terapi\u0119 celowan\u0105, a ka\u017cda wp\u0142ata zwi\u0119ksza moje szanse na lata \u017cycia &#8211; na to,&#8230;<\/p>\n<p class=\"beneficiary__funds\"><span class=\"beneficiary__funds--highlight\">1,905.00 PLN<\/span> from 450,000.00 PLN<\/p>\n<div class=\"progress\"><span class=\"progress__indicator\" style=\"left: 0.42333333333333%\"><\/span><progress class=\"progress__bar\" max=\"100\" value=\"0.42333333333333\">0.42333333333333%<\/progress><\/div>\n<p><a class=\"beneficiary__link\" href=\"https:\/\/fundacjarakiety.pl\/en\/podopieczni\/marzena-jedrzejczak\/\"> I support <\/a><\/div>\n<\/li>\n<li class=\"beneficiary__item\"><img decoding=\"async\" width=\"600\" height=\"600\" src=\"https:\/\/fundacjarakiety.pl\/wp-content\/uploads\/2026\/04\/l-szostak-zdjecie-69d4f087c9359477702688.jpg\" class=\"beneficiary__thumbnail wp-post-image\" alt=\"\" srcset=\"https:\/\/fundacjarakiety.pl\/wp-content\/uploads\/2026\/04\/l-szostak-zdjecie-69d4f087c9359477702688.jpg 600w, https:\/\/fundacjarakiety.pl\/wp-content\/uploads\/2026\/04\/l-szostak-zdjecie-69d4f087c9359477702688-305x305.jpg 305w, https:\/\/fundacjarakiety.pl\/wp-content\/uploads\/2026\/04\/l-szostak-zdjecie-69d4f087c9359477702688-12x12.jpg 12w\" sizes=\"(max-width: 600px) 100vw, 600px\" \/>\n<div class=\"beneficiary__card\">\n<h2 class=\"beneficiary__title\">\u0141ukasz Szostak<\/h2>\n<p class=\"beneficiary__excerpt\">W 2023 roku wykryto u mnie wznow\u0119 guza m\u00f3zgu. Jest to nowotw\u00f3r z\u0142o\u015bliwy \u2013 (astrocytoma, CNS WHO G3). Obecnie powsta\u0142y guz nie jest mo\u017cliwy do zoperowania. Chirurgiczne usuni\u0119cie mog\u0142oby prowadzi\u0107 do drastycznych i trwa\u0142ych zmian w funkcjonowaniu pami\u0119ci. Obecnie lecz\u0119&#8230;<\/p>\n<p class=\"beneficiary__funds\"><span class=\"beneficiary__funds--highlight\">1,250.00 PLN<\/span> from PLN 100,000.00<\/p>\n<div class=\"progress\"><span class=\"progress__indicator\" style=\"left: 1.25%\"><\/span><progress class=\"progress__bar\" max=\"100\" value=\"1.25\">1.25%<\/progress><\/div>\n<p><a class=\"beneficiary__link\" href=\"https:\/\/fundacjarakiety.pl\/en\/podopieczni\/lukasz-szostak\/\"> I support <\/a><\/div>\n<\/li>\n<li class=\"beneficiary__item\"><img loading=\"lazy\" decoding=\"async\" width=\"600\" height=\"600\" src=\"https:\/\/fundacjarakiety.pl\/wp-content\/uploads\/2026\/04\/1000046826-69d4c911162df814018162.jpg\" class=\"beneficiary__thumbnail wp-post-image\" alt=\"\" srcset=\"https:\/\/fundacjarakiety.pl\/wp-content\/uploads\/2026\/04\/1000046826-69d4c911162df814018162.jpg 600w, https:\/\/fundacjarakiety.pl\/wp-content\/uploads\/2026\/04\/1000046826-69d4c911162df814018162-305x305.jpg 305w, https:\/\/fundacjarakiety.pl\/wp-content\/uploads\/2026\/04\/1000046826-69d4c911162df814018162-12x12.jpg 12w\" sizes=\"(max-width: 600px) 100vw, 600px\" \/>\n<div class=\"beneficiary__card\">\n<h2 class=\"beneficiary__title\">Ignacy Paw\u0142owski-Jurczyk<\/h2>\n<p class=\"beneficiary__excerpt\">Igna\u015b, kt\u00f3ry w czerwcu sko\u0144czy 4 lata, choruje na z\u0142o\u015bliwego, nieoperacyjnego guza pnia m\u00f3zgu H3K27, kt\u00f3ry nagle odebra\u0142 mu zdrowie i beztroskie dzieci\u0144stwo. Choroba szybko post\u0119puje, powoduj\u0105c powa\u017cne powik\u0142ania neurologiczne i wymagaj\u0105c intensywnego, kosztownego leczenia oraz rehabilitacji.<\/p>\n<p class=\"beneficiary__funds\"><span class=\"beneficiary__funds--highlight\">79 160,00 z\u0142<\/span> from PLN 200,000.00<\/p>\n<div class=\"progress\"><span class=\"progress__indicator\" style=\"left: 39.58%\"><\/span><progress class=\"progress__bar\" max=\"100\" value=\"39.58\">39.58%<\/progress><\/div>\n<p><a class=\"beneficiary__link\" href=\"https:\/\/fundacjarakiety.pl\/en\/podopieczni\/ignacy-pawlowski-jurczyk\/\"> I support <\/a><\/div>\n<\/li>\n<li class=\"beneficiary__item\"><img loading=\"lazy\" decoding=\"async\" width=\"600\" height=\"600\" src=\"https:\/\/fundacjarakiety.pl\/wp-content\/uploads\/2026\/03\/img-20260323-wa0013-69cbd22a53074498098524.jpg\" class=\"beneficiary__thumbnail wp-post-image\" alt=\"\" srcset=\"https:\/\/fundacjarakiety.pl\/wp-content\/uploads\/2026\/03\/img-20260323-wa0013-69cbd22a53074498098524.jpg 600w, https:\/\/fundacjarakiety.pl\/wp-content\/uploads\/2026\/03\/img-20260323-wa0013-69cbd22a53074498098524-305x305.jpg 305w, https:\/\/fundacjarakiety.pl\/wp-content\/uploads\/2026\/03\/img-20260323-wa0013-69cbd22a53074498098524-12x12.jpg 12w\" sizes=\"(max-width: 600px) 100vw, 600px\" \/>\n<div class=\"beneficiary__card\">\n<h2 class=\"beneficiary__title\">Robert W\u00f3jtowicz<\/h2>\n<p class=\"beneficiary__excerpt\">Od 2013 roku \u017cyj\u0119 z diagnoz\u0105 glejaka z\u0142o\u015bliwego. Jestem po czterech operacjach, radioterapii i chemioterapii, a leczenie i rehabilitacja wci\u0105\u017c trwaj\u0105. Ka\u017cda pomoc ma ogromne znaczenie.<\/p>\n<p class=\"beneficiary__funds\"><span class=\"beneficiary__funds--highlight\">PLN 200.00<\/span> from PLN 50,000.00<\/p>\n<div class=\"progress\"><span class=\"progress__indicator\" style=\"left: 0.4%\"><\/span><progress class=\"progress__bar\" max=\"100\" value=\"0.4\">0.4%<\/progress><\/div>\n<p><a class=\"beneficiary__link\" href=\"https:\/\/fundacjarakiety.pl\/en\/podopieczni\/robert-wojtowicz\/\"> I support <\/a><\/div>\n<\/li>\n<li class=\"beneficiary__item\"><img loading=\"lazy\" decoding=\"async\" width=\"600\" height=\"600\" src=\"https:\/\/fundacjarakiety.pl\/wp-content\/uploads\/2026\/03\/michalpic1-69c630181e19b790897211.png\" class=\"beneficiary__thumbnail wp-post-image\" alt=\"\" srcset=\"https:\/\/fundacjarakiety.pl\/wp-content\/uploads\/2026\/03\/michalpic1-69c630181e19b790897211.png 600w, https:\/\/fundacjarakiety.pl\/wp-content\/uploads\/2026\/03\/michalpic1-69c630181e19b790897211-305x305.png 305w, https:\/\/fundacjarakiety.pl\/wp-content\/uploads\/2026\/03\/michalpic1-69c630181e19b790897211-12x12.png 12w\" sizes=\"(max-width: 600px) 100vw, 600px\" \/>\n<div class=\"beneficiary__card\">\n<h2 class=\"beneficiary__title\">Micha\u0142 Zdzi\u0144ski<\/h2>\n<p class=\"beneficiary__excerpt\">Moje \u017cycie zmieni\u0142o si\u0119 w 2019 roku, gdy zdiagnozowano u mnie glejaka m\u00f3zgu. Po latach leczenia choroba wr\u00f3ci\u0142a i dzi\u015b potrzebuj\u0119 wsparcia, aby m\u00f3c skorzysta\u0107 z immunoterapii w Niemczech. Ka\u017cda pomoc i udost\u0119pnienie maj\u0105 dla mnie ogromne znaczenie.<\/p>\n<p class=\"beneficiary__funds\"><span class=\"beneficiary__funds--highlight\">82 222,73 z\u0142<\/span> from PLN 500,000.00<\/p>\n<div class=\"progress\"><span class=\"progress__indicator\" style=\"left: 16.444546%\"><\/span><progress class=\"progress__bar\" max=\"100\" value=\"16.444546\">16.444546%<\/progress><\/div>\n<p><a class=\"beneficiary__link\" href=\"https:\/\/fundacjarakiety.pl\/en\/podopieczni\/michal-zdzinski\/\"> I support <\/a><\/div>\n<\/li>\n<li class=\"beneficiary__item\"><img loading=\"lazy\" decoding=\"async\" width=\"600\" height=\"600\" src=\"https:\/\/fundacjarakiety.pl\/wp-content\/uploads\/2026\/03\/img-20260227-075049-2-69c22aa4a7990283052486.jpg\" class=\"beneficiary__thumbnail wp-post-image\" alt=\"\" srcset=\"https:\/\/fundacjarakiety.pl\/wp-content\/uploads\/2026\/03\/img-20260227-075049-2-69c22aa4a7990283052486.jpg 600w, https:\/\/fundacjarakiety.pl\/wp-content\/uploads\/2026\/03\/img-20260227-075049-2-69c22aa4a7990283052486-305x305.jpg 305w, https:\/\/fundacjarakiety.pl\/wp-content\/uploads\/2026\/03\/img-20260227-075049-2-69c22aa4a7990283052486-12x12.jpg 12w\" sizes=\"(max-width: 600px) 100vw, 600px\" \/>\n<div class=\"beneficiary__card\">\n<h2 class=\"beneficiary__title\">Sylwia Trzci\u0144ska<\/h2>\n<p class=\"beneficiary__excerpt\">Mam na imi\u0119 Sylwia i choruj\u0119 na nowotw\u00f3r krwi, nadp\u0142ytkowo\u015b\u0107 samoistn\u0105. Ka\u017cdy dzie\u0144 przynosi wiele trudno\u015bci i niepewno\u015bci. Zbieram \u015brodki na leczenie i leki, kt\u00f3re daj\u0105 mi szans\u0119 na powr\u00f3t do normalnego \u017cycia.<\/p>\n<p class=\"beneficiary__funds\"><span class=\"beneficiary__funds--highlight\">PLN 200.00<\/span> z 5 000,00 z\u0142<\/p>\n<div class=\"progress\"><span class=\"progress__indicator\" style=\"left: 4%\"><\/span><progress class=\"progress__bar\" max=\"100\" value=\"4\">4%<\/progress><\/div>\n<p><a class=\"beneficiary__link\" href=\"https:\/\/fundacjarakiety.pl\/en\/podopieczni\/sylwia-trzcinska\/\"> I support <\/a><\/div>\n<\/li>\n<li class=\"beneficiary__item\"><img loading=\"lazy\" decoding=\"async\" width=\"600\" height=\"600\" src=\"https:\/\/fundacjarakiety.pl\/wp-content\/uploads\/2026\/03\/marta-sme-69c283b9858c5895209947.png\" class=\"beneficiary__thumbnail wp-post-image\" alt=\"\" srcset=\"https:\/\/fundacjarakiety.pl\/wp-content\/uploads\/2026\/03\/marta-sme-69c283b9858c5895209947.png 600w, https:\/\/fundacjarakiety.pl\/wp-content\/uploads\/2026\/03\/marta-sme-69c283b9858c5895209947-305x305.png 305w, https:\/\/fundacjarakiety.pl\/wp-content\/uploads\/2026\/03\/marta-sme-69c283b9858c5895209947-12x12.png 12w\" sizes=\"(max-width: 600px) 100vw, 600px\" \/>\n<div class=\"beneficiary__card\">\n<h2 class=\"beneficiary__title\">Marta Smereczniak<\/h2>\n<p class=\"beneficiary__excerpt\">Jestem w trakcie leczenia nowotworu i potrzebuj\u0119 wsparcia, by przej\u015b\u0107 przez ten trudny czas.<br \/>\nMimo operacji, chemioterapii i na\u015bwietla\u0144, choroba wci\u0105\u017c post\u0119puje\u2026<\/p>\n<p class=\"beneficiary__funds\"><span class=\"beneficiary__funds--highlight\">42 467,50 z\u0142<\/span> from PLN 50,000.00<\/p>\n<div class=\"progress\"><span class=\"progress__indicator\" style=\"left: 84.935%\"><\/span><progress class=\"progress__bar\" max=\"100\" value=\"84.935\">84.935%<\/progress><\/div>\n<p><a class=\"beneficiary__link\" href=\"https:\/\/fundacjarakiety.pl\/en\/podopieczni\/marta-smereczniak\/\"> I support <\/a><\/div>\n<\/li>\n<li class=\"beneficiary__item\"><img loading=\"lazy\" decoding=\"async\" width=\"600\" height=\"600\" src=\"https:\/\/fundacjarakiety.pl\/wp-content\/uploads\/2026\/03\/tekst-poprawiony-69bd3265d5266538632304.jpg\" class=\"beneficiary__thumbnail wp-post-image\" alt=\"\" srcset=\"https:\/\/fundacjarakiety.pl\/wp-content\/uploads\/2026\/03\/tekst-poprawiony-69bd3265d5266538632304.jpg 600w, https:\/\/fundacjarakiety.pl\/wp-content\/uploads\/2026\/03\/tekst-poprawiony-69bd3265d5266538632304-305x305.jpg 305w, https:\/\/fundacjarakiety.pl\/wp-content\/uploads\/2026\/03\/tekst-poprawiony-69bd3265d5266538632304-12x12.jpg 12w\" sizes=\"(max-width: 600px) 100vw, 600px\" \/>\n<div class=\"beneficiary__card\">\n<h2 class=\"beneficiary__title\">Wies\u0142awa Ostrowska<\/h2>\n<p class=\"beneficiary__excerpt\">Zmagam si\u0119 z rakiem trzustki. Wiem, \u017ce jedynym ratunkiem dla mnie jest planowana  operacja za granic\u0105 w Centrum Raka Trzustki Fundacji Bottom Champalimaud w Lizbonie u prof. Marcusa B\u00fcchlera. Profesor po zapoznaniu si\u0119 z dokumentacj\u0105 medyczn\u0105  podj\u0105\u0142 si\u0119&#8230;<\/p>\n<p class=\"beneficiary__funds\"><span class=\"beneficiary__funds--highlight\">11 100,00 z\u0142<\/span> z 420 000,00 z\u0142<\/p>\n<div class=\"progress\"><span class=\"progress__indicator\" style=\"left: 2.6428571428571%\"><\/span><progress class=\"progress__bar\" max=\"100\" value=\"2.6428571428571\">2.6428571428571%<\/progress><\/div>\n<p><a class=\"beneficiary__link\" href=\"https:\/\/fundacjarakiety.pl\/en\/podopieczni\/wieslawa-ostrowska\/\"> I support <\/a><\/div>\n<\/li>\n<li class=\"beneficiary__item\"><img loading=\"lazy\" decoding=\"async\" width=\"600\" height=\"600\" src=\"https:\/\/fundacjarakiety.pl\/wp-content\/uploads\/2026\/03\/img-8265-1-69b2a5643eca1546884296.jpg\" class=\"beneficiary__thumbnail wp-post-image\" alt=\"\" srcset=\"https:\/\/fundacjarakiety.pl\/wp-content\/uploads\/2026\/03\/img-8265-1-69b2a5643eca1546884296.jpg 600w, https:\/\/fundacjarakiety.pl\/wp-content\/uploads\/2026\/03\/img-8265-1-69b2a5643eca1546884296-305x305.jpg 305w, https:\/\/fundacjarakiety.pl\/wp-content\/uploads\/2026\/03\/img-8265-1-69b2a5643eca1546884296-12x12.jpg 12w\" sizes=\"(max-width: 600px) 100vw, 600px\" \/>\n<div class=\"beneficiary__card\">\n<h2 class=\"beneficiary__title\">Dominik Smoktunowicz<\/h2>\n<p class=\"beneficiary__excerpt\">Dominik zmaga si\u0119 z glejakiem \u015brodkowej linii m\u00f3zgu w IV stadium zaawansowania. Szans\u0105 i nadziej\u0105 na spowolnienie procesu choroby jest nowoczesna terapia TTFields (Optune) \u2013 zaawansowana, nieinwazyjna metoda leczenia glejak\u00f3w. Wykorzystuje ona zmienne pole elektryczne o niskim nat\u0119\u017ceniu i \u015bredniej&#8230;<\/p>\n<p class=\"beneficiary__funds\"><span class=\"beneficiary__funds--highlight\">117 438,73 z\u0142<\/span> from PLN 500,000.00<\/p>\n<div class=\"progress\"><span class=\"progress__indicator\" style=\"left: 23.487746%\"><\/span><progress class=\"progress__bar\" max=\"100\" value=\"23.487746\">23.487746%<\/progress><\/div>\n<p><a class=\"beneficiary__link\" href=\"https:\/\/fundacjarakiety.pl\/en\/podopieczni\/dominik-smoktunowicz\/\"> I support <\/a><\/div>\n<\/li>\n<li class=\"beneficiary__item\"><img loading=\"lazy\" decoding=\"async\" width=\"600\" height=\"600\" src=\"https:\/\/fundacjarakiety.pl\/wp-content\/uploads\/2026\/03\/zdjecie-3-2-69b139452c418197615342.jpg\" class=\"beneficiary__thumbnail wp-post-image\" alt=\"\" srcset=\"https:\/\/fundacjarakiety.pl\/wp-content\/uploads\/2026\/03\/zdjecie-3-2-69b139452c418197615342.jpg 600w, https:\/\/fundacjarakiety.pl\/wp-content\/uploads\/2026\/03\/zdjecie-3-2-69b139452c418197615342-305x305.jpg 305w, https:\/\/fundacjarakiety.pl\/wp-content\/uploads\/2026\/03\/zdjecie-3-2-69b139452c418197615342-12x12.jpg 12w\" sizes=\"(max-width: 600px) 100vw, 600px\" \/>\n<div class=\"beneficiary__card\">\n<h2 class=\"beneficiary__title\">Magdalena Kr\u0119cik<\/h2>\n<p class=\"beneficiary__excerpt\">Magdalena od 2025 roku zmaga si\u0119 z rakiem piersi z przerzutami do w\u0119z\u0142\u00f3w ch\u0142onnych.<br \/>\nJej droga do zdrowienia jest d\u0142uga, a wi\u0119kszo\u015b\u0107 koszt\u00f3w zwi\u0105zanych z procesem leczenia jest nierefundowana.<\/p>\n<p class=\"beneficiary__funds\"><span class=\"beneficiary__funds--highlight\">6 880,00 z\u0142<\/span> from PLN 100,000.00<\/p>\n<div class=\"progress\"><span class=\"progress__indicator\" style=\"left: 6.88%\"><\/span><progress class=\"progress__bar\" max=\"100\" value=\"6.88\">6.88%<\/progress><\/div>\n<p><a class=\"beneficiary__link\" href=\"https:\/\/fundacjarakiety.pl\/en\/podopieczni\/magdalena-krecik\/\"> I support <\/a><\/div>\n<\/li>\n<li class=\"beneficiary__item\"><img loading=\"lazy\" decoding=\"async\" width=\"600\" height=\"600\" src=\"https:\/\/fundacjarakiety.pl\/wp-content\/uploads\/2026\/03\/img-1634-69a9b7b98cad6911661297.jpg\" class=\"beneficiary__thumbnail wp-post-image\" alt=\"\" srcset=\"https:\/\/fundacjarakiety.pl\/wp-content\/uploads\/2026\/03\/img-1634-69a9b7b98cad6911661297.jpg 600w, https:\/\/fundacjarakiety.pl\/wp-content\/uploads\/2026\/03\/img-1634-69a9b7b98cad6911661297-305x305.jpg 305w, https:\/\/fundacjarakiety.pl\/wp-content\/uploads\/2026\/03\/img-1634-69a9b7b98cad6911661297-12x12.jpg 12w\" sizes=\"(max-width: 600px) 100vw, 600px\" \/>\n<div class=\"beneficiary__card\">\n<h2 class=\"beneficiary__title\">Monika S\u0142owi\u0144ska<\/h2>\n<p class=\"beneficiary__excerpt\">Monika od prawie trzech lat zmaga si\u0119 z glejakiem IV stopnia. Przesz\u0142a ju\u017c dwie bardzo trudne operacje, radioterapi\u0119 i chemioterapi\u0119. Dzi\u015b jej szans\u0105 na d\u0142u\u017csze \u017cycie jest nowoczesna terapia Optune (TTFields)<\/p>\n<p class=\"beneficiary__funds\"><span class=\"beneficiary__funds--highlight\">73 937,19 z\u0142<\/span> from PLN 500,000.00<\/p>\n<div class=\"progress\"><span class=\"progress__indicator\" style=\"left: 14.787438%\"><\/span><progress class=\"progress__bar\" max=\"100\" value=\"14.787438\">14.787438%<\/progress><\/div>\n<p><a class=\"beneficiary__link\" href=\"https:\/\/fundacjarakiety.pl\/en\/podopieczni\/monika-slowinska\/\"> I support <\/a><\/div>\n<\/li>\n<\/ul>\n<ul class=\"pagination\">\n<li><span aria-current=\"page\" class=\"pagination__current\">1<\/span><\/li>\n<li><a class=\"pagination__link\" href=\"https:\/\/fundacjarakiety.pl\/en\/wp-json\/wp\/v2\/pages\/20955\/page\/2\/\">2<\/a><\/li>\n<li><a class=\"pagination__link\" href=\"https:\/\/fundacjarakiety.pl\/en\/wp-json\/wp\/v2\/pages\/20955\/page\/3\/\">3<\/a><\/li>\n<li><a class=\"pagination__link\" href=\"https:\/\/fundacjarakiety.pl\/en\/wp-json\/wp\/v2\/pages\/20955\/page\/4\/\">4<\/a><\/li>\n<li><span class=\"page-numbers dots\">\u2026<\/span><\/li>\n<li><a class=\"pagination__link\" href=\"https:\/\/fundacjarakiety.pl\/en\/wp-json\/wp\/v2\/pages\/20955\/page\/24\/\">24<\/a><\/li>\n<li><a class=\"pagination__link\" href=\"https:\/\/fundacjarakiety.pl\/en\/wp-json\/wp\/v2\/pages\/20955\/page\/25\/\">25<\/a><\/li>\n<li><a class=\"pagination__link\" href=\"https:\/\/fundacjarakiety.pl\/en\/wp-json\/wp\/v2\/pages\/20955\/page\/26\/\">26<\/a><\/li>\n<li><a class=\"pagination__link pagination__link--next\" href=\"https:\/\/fundacjarakiety.pl\/en\/wp-json\/wp\/v2\/pages\/20955\/page\/2\/\">Next<\/a><\/li>\n<\/ul>\n\t\t\t\t\t\t\t\t<\/div>\n\t\t\t\t<\/div>\n\t\t\t\t\t<\/div>\n\t\t\t\t<\/div>\n\t\t\t\t<\/div>","protected":false},"excerpt":{"rendered":"<p>Collections for those under our care - we collect funds for Goals and Dreams. We all have them. However, for some of us, illness stands in the way of achieving them. Discover the dreams of people like you! Help beat cancer and get back to everyday life.100% of the money donated goes to those in need!<\/p>","protected":false},"author":2,"featured_media":0,"parent":0,"menu_order":0,"comment_status":"closed","ping_status":"closed","template":"","meta":{"page_title":"","first_name":"","last_name":"","name_variation":"","funds_collected":0,"funds_target":0,"currency":"","left_on_the_subaccount":0,"refunded_expenses":0,"collection_on":"","content_update":"","number_pln":"","number_usd":"","number_eur":"","number_gbp":"","swift":"","transfer_title":"","recipient_details":"","krs":"","tax_specific_target":"","fundraiser_iri":"","footnotes":""},"class_list":["post-20955","page","type-page","status-publish","hentry"],"rttpg_featured_image_url":null,"rttpg_author":{"display_name":"Fundacja Rakiety","author_link":"https:\/\/fundacjarakiety.pl\/en\/author\/dbaluk\/"},"rttpg_comment":0,"rttpg_category":null,"rttpg_excerpt":"Zbi\u00f3rki dla podopiecznych &#8211; zbieramy fundusze na Cele i Marzenia. Wszyscy je mamy. Jednak niekt\u00f3rym z nas na drodze do ich realizacji staje choroba. Poznaj marzenia os\u00f3b takich jak Ty! Pom\u00f3\u017c pokona\u0107 raka i wr\u00f3ci\u0107 do codzienno\u015bci.100% przekazanych pieni\u0119dzy trafia do potrzebuj\u0105cych!","_links":{"self":[{"href":"https:\/\/fundacjarakiety.pl\/en\/wp-json\/wp\/v2\/pages\/20955"}],"collection":[{"href":"https:\/\/fundacjarakiety.pl\/en\/wp-json\/wp\/v2\/pages"}],"about":[{"href":"https:\/\/fundacjarakiety.pl\/en\/wp-json\/wp\/v2\/types\/page"}],"author":[{"embeddable":true,"href":"https:\/\/fundacjarakiety.pl\/en\/wp-json\/wp\/v2\/users\/2"}],"replies":[{"embeddable":true,"href":"https:\/\/fundacjarakiety.pl\/en\/wp-json\/wp\/v2\/comments?post=20955"}],"version-history":[{"count":10,"href":"https:\/\/fundacjarakiety.pl\/en\/wp-json\/wp\/v2\/pages\/20955\/revisions"}],"predecessor-version":[{"id":71115,"href":"https:\/\/fundacjarakiety.pl\/en\/wp-json\/wp\/v2\/pages\/20955\/revisions\/71115"}],"wp:attachment":[{"href":"https:\/\/fundacjarakiety.pl\/en\/wp-json\/wp\/v2\/media?parent=20955"}],"curies":[{"name":"wp","href":"https:\/\/api.w.org\/{rel}","templated":true}]}}