{"id":19906,"date":"2022-03-24T17:17:09","date_gmt":"2022-03-24T16:17:09","guid":{"rendered":"https:\/\/fundacjarakiety.pl\/?page_id=19906"},"modified":"2025-09-18T09:58:55","modified_gmt":"2025-09-18T07:58:55","slug":"webinary","status":"publish","type":"page","link":"https:\/\/fundacjarakiety.pl\/en\/webinary\/","title":{"rendered":"Webinars"},"content":{"rendered":"<div data-elementor-type=\"wp-page\" data-elementor-id=\"19906\" class=\"elementor elementor-19906\">\n\t\t\t\t\t\t<section class=\"elementor-section elementor-top-section elementor-element elementor-element-62692aa9 elementor-section-boxed elementor-section-height-default elementor-section-height-default\" data-id=\"62692aa9\" data-element_type=\"section\" data-e-type=\"section\">\n\t\t\t\t\t\t<div class=\"elementor-container elementor-column-gap-default\">\n\t\t\t\t\t<div class=\"elementor-column elementor-col-100 elementor-top-column elementor-element elementor-element-3192d4a8\" data-id=\"3192d4a8\" data-element_type=\"column\" data-e-type=\"column\">\n\t\t\t<div class=\"elementor-widget-wrap elementor-element-populated\">\n\t\t\t\t\t\t<div class=\"elementor-element elementor-element-482820a elementor-widget elementor-widget-text-editor\" data-id=\"482820a\" data-element_type=\"widget\" data-e-type=\"widget\" data-widget_type=\"text-editor.default\">\n\t\t\t\t<div class=\"elementor-widget-container\">\n\t\t\t\t\t\t\t\t\t<p style=\"text-align: left;\">We invite you to watch our webinars<br \/>\u2013 knowledge and experience of experts<\/p>\t\t\t\t\t\t\t\t<\/div>\n\t\t\t\t<\/div>\n\t\t\t\t\t<\/div>\n\t\t<\/div>\n\t\t\t\t\t<\/div>\n\t\t<\/section>\n\t\t\t\t<section class=\"elementor-section elementor-top-section elementor-element elementor-element-d592d02 elementor-section-stretched elementor-section-full_width elementor-section-height-default elementor-section-height-default\" data-id=\"d592d02\" data-element_type=\"section\" data-e-type=\"section\" data-settings=\"{&quot;stretch_section&quot;:&quot;section-stretched&quot;,&quot;background_background&quot;:&quot;classic&quot;}\">\n\t\t\t\t\t\t<div class=\"elementor-container elementor-column-gap-default\">\n\t\t\t\t\t<div class=\"elementor-column elementor-col-100 elementor-top-column elementor-element elementor-element-3aba3e3\" data-id=\"3aba3e3\" data-element_type=\"column\" data-e-type=\"column\">\n\t\t\t<div class=\"elementor-widget-wrap elementor-element-populated\">\n\t\t\t\t\t\t<div class=\"elementor-element elementor-element-1990cd5 meta-visibility-show title_position_default title_hover_border_default title-default img_hover_animation_default meta_position_default grid-hover-overlay-type-always tpg-el-box-border-enable tpg-border-bottom-disable elementor-widget elementor-widget-tpg-grid-layout\" data-id=\"1990cd5\" data-element_type=\"widget\" data-e-type=\"widget\" data-widget_type=\"tpg-grid-layout.default\">\n\t\t\t\t<div class=\"elementor-widget-container\">\n\t\t\t\t\t\t\t<div class=\"rt-container-fluid rt-tpg-container tpg-el-main-wrapper clearfix grid-layout1-main\"\n\t\t\t id=\"rt-tpg-container-297008893\"\n\t\t\t data-layout=\"grid-layout1\"\n\t\t\t data-grid-style=\"tpg-full-height\"\n\t\t\t data-sc-id=\"elementor\"\n\t\t\t data-el-settings=''\n\t\t\t data-el-query=''\n\t\t\t data-el-path=''\n\t\t>\n\t\t\t\t\t\t\t<div id=\"bottom-script-loader\" class=\"bottom-script-loader\">\n\t\t\t\t\t<div class=\"rt-ball-clip-rotate\">\n\t\t\t\t\t\t<div><\/div>\n\t\t\t\t\t<\/div>\n\t\t\t\t<\/div>\n\t\t\t\t\t\t\t<div class='tpg-header-wrapper'>\n\t\t\t\t\t\t\t<\/div>\n\n\t\t\t<div data-title=\"Loading ...\" class=\"rt-row rt-content-loader grid-layout1 grid-behaviour tpg-full-height grid_layout_wrapper\">\n\t\t\t\t<div class=\"rt-col-md-4 rt-col-sm-6 rt-col-xs-12 default rt-grid-item post-71389 post type-post status-publish format-standard has-post-thumbnail hentry category-webinar\"        data-id=\"71389\">\n    <div class=\"rt-holder tpg-post-holder\">\n        <div class=\"rt-detail rt-el-content-wrapper\">\n\t\t\t                <div class=\"rt-img-holder tpg-el-image-wrap has-thumbnail\">\n\t\t\t\t\t<a data-id=\"71389\" href=\"https:\/\/fundacjarakiety.pl\/en\/zycie-z-rakiem-wsparcie-dla-pacjentow-i-ich-bliskich\/\" class=\"tpg-post-link\" target=\"_self\">                        <img fetchpriority=\"high\" decoding=\"async\" src=\"https:\/\/fundacjarakiety.pl\/wp-content\/uploads\/2025\/09\/warsztat-psychoonko-wrz2025-768x511.jpg\"\n                             class=\"rt-img-responsive\"\n                             width=\"768\"\n                             height=\"511\"\n                             alt=\"\u017bycie z rakiem: Wsparcie dla pacjent\u00f3w i ich bliskich &#8211; webinar\">\n\t\t\t\t\t\t\n\t\t\t\t\t\t\t\n\t\t<\/a>\n\t\t        <div class=\"overlay grid-hover-content\"><\/div>\n\t\t                <\/div>\n\t\t\t\n\t\t\t<div class=\"entry-title-wrapper\"><h3 class=\"entry-title\"><a data-id=\"71389\" href=\"https:\/\/fundacjarakiety.pl\/en\/zycie-z-rakiem-wsparcie-dla-pacjentow-i-ich-bliskich\/\" class=\"tpg-post-link\" target=\"_self\">Living with Cancer: Support for Patients and Their Loved Ones \u2013 Webinar<\/a><\/h3><\/div>\n\t\t\t                <div class=\"post-meta-tags rt-el-post-meta\">\n\t\t\t\t\t            <span class='date'>\n\t\t\t\t<i class='far fa-calendar-alt'><\/i>\t\t\t\t                    <a href=\"https:\/\/fundacjarakiety.pl\/en\/2025\/09\/08\/\">\n\t\t\t\t\tSeptember 8, 2025\t\t\t\t<\/a>\n\t\t\t\t\t\t\t<\/span>\n\t\t\t                <\/div>\n\t\t\t\n\n\t\t\t\n\t\t\t        <\/div>\n    <\/div>\n<\/div>\n<div class=\"rt-col-md-4 rt-col-sm-6 rt-col-xs-12 default rt-grid-item post-20415 post type-post status-publish format-standard has-post-thumbnail hentry category-webinar\"        data-id=\"20415\">\n    <div class=\"rt-holder tpg-post-holder\">\n        <div class=\"rt-detail rt-el-content-wrapper\">\n\t\t\t                <div class=\"rt-img-holder tpg-el-image-wrap has-thumbnail\">\n\t\t\t\t\t<a data-id=\"20415\" href=\"https:\/\/fundacjarakiety.pl\/en\/profiraktyka-2022-dieta-w-raka-weganon\/\" class=\"tpg-post-link\" target=\"_self\">                        <img decoding=\"async\" src=\"https:\/\/fundacjarakiety.pl\/wp-content\/uploads\/2022\/02\/Weganon2022.jpg\"\n                             class=\"rt-img-responsive\"\n                             width=\"410\"\n                             height=\"273\"\n                             alt=\"ProfiRAKtyka 2022 \u2013 diet\u0105 w raka \u2013 Weganon\">\n\t\t\t\t\t\t\n\t\t\t\t\t\t\t\n\t\t<\/a>\n\t\t        <div class=\"overlay grid-hover-content\"><\/div>\n\t\t                <\/div>\n\t\t\t\n\t\t\t<div class=\"entry-title-wrapper\"><h3 class=\"entry-title\"><a data-id=\"20415\" href=\"https:\/\/fundacjarakiety.pl\/en\/profiraktyka-2022-dieta-w-raka-weganon\/\" class=\"tpg-post-link\" target=\"_self\">ProfiRAKtyka 2022 \u2013 cancer diet \u2013 Vegan<\/a><\/h3><\/div>\n\t\t\t                <div class=\"post-meta-tags rt-el-post-meta\">\n\t\t\t\t\t            <span class='date'>\n\t\t\t\t<i class='far fa-calendar-alt'><\/i>\t\t\t\t                    <a href=\"https:\/\/fundacjarakiety.pl\/en\/2022\/02\/04\/\">\n\t\t\t\t\tFebruary 4, 2022\t\t\t\t<\/a>\n\t\t\t\t\t\t\t<\/span>\n\t\t\t                <\/div>\n\t\t\t\n\n\t\t\t\n\t\t\t        <\/div>\n    <\/div>\n<\/div>\n<div class=\"rt-col-md-4 rt-col-sm-6 rt-col-xs-12 default rt-grid-item post-20411 post type-post status-publish format-standard has-post-thumbnail hentry category-webinar\"        data-id=\"20411\">\n    <div class=\"rt-holder tpg-post-holder\">\n        <div class=\"rt-detail rt-el-content-wrapper\">\n\t\t\t                <div class=\"rt-img-holder tpg-el-image-wrap has-thumbnail\">\n\t\t\t\t\t<a data-id=\"20411\" href=\"https:\/\/fundacjarakiety.pl\/en\/profiraktyka-2022-dieta-w-raka-dr-emilia-kaledkiewicz\/\" class=\"tpg-post-link\" target=\"_self\">                        <img decoding=\"async\" src=\"https:\/\/fundacjarakiety.pl\/wp-content\/uploads\/2022\/02\/Koledkiewicz2022.jpg\"\n                             class=\"rt-img-responsive\"\n                             width=\"410\"\n                             height=\"273\"\n                             alt=\"ProfiRAKtyka 2022 \u2013 diet\u0105 w raka \u2013 dr Emilia Ka\u0142\u0119dkiewicz\">\n\t\t\t\t\t\t\n\t\t\t\t\t\t\t\n\t\t<\/a>\n\t\t        <div class=\"overlay grid-hover-content\"><\/div>\n\t\t                <\/div>\n\t\t\t\n\t\t\t<div class=\"entry-title-wrapper\"><h3 class=\"entry-title\"><a data-id=\"20411\" href=\"https:\/\/fundacjarakiety.pl\/en\/profiraktyka-2022-dieta-w-raka-dr-emilia-kaledkiewicz\/\" class=\"tpg-post-link\" target=\"_self\">ProfiRAKtyka 2022 \u2013 a diet against cancer \u2013 Dr. Emilia Ka\u0142\u0119dkiewicz<\/a><\/h3><\/div>\n\t\t\t                <div class=\"post-meta-tags rt-el-post-meta\">\n\t\t\t\t\t            <span class='date'>\n\t\t\t\t<i class='far fa-calendar-alt'><\/i>\t\t\t\t                    <a href=\"https:\/\/fundacjarakiety.pl\/en\/2022\/02\/04\/\">\n\t\t\t\t\tFebruary 4, 2022\t\t\t\t<\/a>\n\t\t\t\t\t\t\t<\/span>\n\t\t\t                <\/div>\n\t\t\t\n\n\t\t\t\n\t\t\t        <\/div>\n    <\/div>\n<\/div>\n<div class=\"rt-col-md-4 rt-col-sm-6 rt-col-xs-12 default rt-grid-item post-20409 post type-post status-publish format-standard has-post-thumbnail hentry category-webinar\"        data-id=\"20409\">\n    <div class=\"rt-holder tpg-post-holder\">\n        <div class=\"rt-detail rt-el-content-wrapper\">\n\t\t\t                <div class=\"rt-img-holder tpg-el-image-wrap has-thumbnail\">\n\t\t\t\t\t<a data-id=\"20409\" href=\"https:\/\/fundacjarakiety.pl\/en\/profiraktyka-2022-dieta-w-raka-mgr-natalia-babinska\/\" class=\"tpg-post-link\" target=\"_self\">                        <img loading=\"lazy\" decoding=\"async\" src=\"https:\/\/fundacjarakiety.pl\/wp-content\/uploads\/2022\/02\/Babinska2022.jpg\"\n                             class=\"rt-img-responsive\"\n                             width=\"410\"\n                             height=\"273\"\n                             alt=\"ProfiRAKtyka 2022 \u2013 diet\u0105 w raka \u2013 mgr Natalia Babi\u0144ska\">\n\t\t\t\t\t\t\n\t\t\t\t\t\t\t\n\t\t<\/a>\n\t\t        <div class=\"overlay grid-hover-content\"><\/div>\n\t\t                <\/div>\n\t\t\t\n\t\t\t<div class=\"entry-title-wrapper\"><h3 class=\"entry-title\"><a data-id=\"20409\" href=\"https:\/\/fundacjarakiety.pl\/en\/profiraktyka-2022-dieta-w-raka-mgr-natalia-babinska\/\" class=\"tpg-post-link\" target=\"_self\">ProfiRAKtyka 2022 \u2013 diet against cancer \u2013 Natalia Babi\u0144ska, M.A<\/a><\/h3><\/div>\n\t\t\t                <div class=\"post-meta-tags rt-el-post-meta\">\n\t\t\t\t\t            <span class='date'>\n\t\t\t\t<i class='far fa-calendar-alt'><\/i>\t\t\t\t                    <a href=\"https:\/\/fundacjarakiety.pl\/en\/2022\/02\/04\/\">\n\t\t\t\t\tFebruary 4, 2022\t\t\t\t<\/a>\n\t\t\t\t\t\t\t<\/span>\n\t\t\t                <\/div>\n\t\t\t\n\n\t\t\t\n\t\t\t        <\/div>\n    <\/div>\n<\/div>\n<div class=\"rt-col-md-4 rt-col-sm-6 rt-col-xs-12 default rt-grid-item post-20407 post type-post status-publish format-standard has-post-thumbnail hentry category-webinar\"        data-id=\"20407\">\n    <div class=\"rt-holder tpg-post-holder\">\n        <div class=\"rt-detail rt-el-content-wrapper\">\n\t\t\t                <div class=\"rt-img-holder tpg-el-image-wrap has-thumbnail\">\n\t\t\t\t\t<a data-id=\"20407\" href=\"https:\/\/fundacjarakiety.pl\/en\/profiraktyka-2022-dieta-w-raka-dr-wanda-baltaza\/\" class=\"tpg-post-link\" target=\"_self\">                        <img loading=\"lazy\" decoding=\"async\" src=\"https:\/\/fundacjarakiety.pl\/wp-content\/uploads\/2022\/02\/Baltaza2022.jpg\"\n                             class=\"rt-img-responsive\"\n                             width=\"410\"\n                             height=\"273\"\n                             alt=\"ProfiRAKtyka 2022 \u2013 diet\u0105 w raka \u2013 dr Wanda Baltaza\">\n\t\t\t\t\t\t\n\t\t\t\t\t\t\t\n\t\t<\/a>\n\t\t        <div class=\"overlay grid-hover-content\"><\/div>\n\t\t                <\/div>\n\t\t\t\n\t\t\t<div class=\"entry-title-wrapper\"><h3 class=\"entry-title\"><a data-id=\"20407\" href=\"https:\/\/fundacjarakiety.pl\/en\/profiraktyka-2022-dieta-w-raka-dr-wanda-baltaza\/\" class=\"tpg-post-link\" target=\"_self\">ProfiRAKtyka 2022 \u2013 a diet against cancer \u2013 Dr. Wanda Baltaza<\/a><\/h3><\/div>\n\t\t\t                <div class=\"post-meta-tags rt-el-post-meta\">\n\t\t\t\t\t            <span class='date'>\n\t\t\t\t<i class='far fa-calendar-alt'><\/i>\t\t\t\t                    <a href=\"https:\/\/fundacjarakiety.pl\/en\/2022\/02\/04\/\">\n\t\t\t\t\tFebruary 4, 2022\t\t\t\t<\/a>\n\t\t\t\t\t\t\t<\/span>\n\t\t\t                <\/div>\n\t\t\t\n\n\t\t\t\n\t\t\t        <\/div>\n    <\/div>\n<\/div>\n<div class=\"rt-col-md-4 rt-col-sm-6 rt-col-xs-12 default rt-grid-item post-20405 post type-post status-publish format-standard has-post-thumbnail hentry category-webinar\"        data-id=\"20405\">\n    <div class=\"rt-holder tpg-post-holder\">\n        <div class=\"rt-detail rt-el-content-wrapper\">\n\t\t\t                <div class=\"rt-img-holder tpg-el-image-wrap has-thumbnail\">\n\t\t\t\t\t<a data-id=\"20405\" href=\"https:\/\/fundacjarakiety.pl\/en\/profiraktyka-2022-dieta-w-raka-mgr-natalia-golyska\/\" class=\"tpg-post-link\" target=\"_self\">                        <img loading=\"lazy\" decoding=\"async\" src=\"https:\/\/fundacjarakiety.pl\/wp-content\/uploads\/2022\/02\/Golyska2022.jpg\"\n                             class=\"rt-img-responsive\"\n                             width=\"410\"\n                             height=\"273\"\n                             alt=\"ProfiRAKtyka 2022 \u2013 diet\u0105 w raka \u2013 mgr Natalia Go\u0142yska\">\n\t\t\t\t\t\t\n\t\t\t\t\t\t\t\n\t\t<\/a>\n\t\t        <div class=\"overlay grid-hover-content\"><\/div>\n\t\t                <\/div>\n\t\t\t\n\t\t\t<div class=\"entry-title-wrapper\"><h3 class=\"entry-title\"><a data-id=\"20405\" href=\"https:\/\/fundacjarakiety.pl\/en\/profiraktyka-2022-dieta-w-raka-mgr-natalia-golyska\/\" class=\"tpg-post-link\" target=\"_self\">ProfiRAKtyka 2022 \u2013 diet against cancer \u2013 Natalia Go\u0142yska, MA<\/a><\/h3><\/div>\n\t\t\t                <div class=\"post-meta-tags rt-el-post-meta\">\n\t\t\t\t\t            <span class='date'>\n\t\t\t\t<i class='far fa-calendar-alt'><\/i>\t\t\t\t                    <a href=\"https:\/\/fundacjarakiety.pl\/en\/2022\/02\/04\/\">\n\t\t\t\t\tFebruary 4, 2022\t\t\t\t<\/a>\n\t\t\t\t\t\t\t<\/span>\n\t\t\t                <\/div>\n\t\t\t\n\n\t\t\t\n\t\t\t        <\/div>\n    <\/div>\n<\/div>\n\t\t\t<\/div>\n\t\t\t\n\t\t<\/div>\n\t\t\t\t\t\t<\/div>\n\t\t\t\t<\/div>\n\t\t\t\t<div class=\"elementor-element elementor-element-4a39cba elementor-widget-divider--view-line elementor-widget elementor-widget-divider\" data-id=\"4a39cba\" data-element_type=\"widget\" data-e-type=\"widget\" data-widget_type=\"divider.default\">\n\t\t\t\t<div class=\"elementor-widget-container\">\n\t\t\t\t\t\t\t<div class=\"elementor-divider\">\n\t\t\t<span class=\"elementor-divider-separator\">\n\t\t\t\t\t\t<\/span>\n\t\t<\/div>\n\t\t\t\t\t\t<\/div>\n\t\t\t\t<\/div>\n\t\t\t\t\t<\/div>\n\t\t<\/div>\n\t\t\t\t\t<\/div>\n\t\t<\/section>\n\t\t\t\t<\/div>","protected":false},"excerpt":{"rendered":"<p>Zapraszamy do ogl\u0105dania naszych webinar\u00f3w\u2013 wiedza i do\u015bwiadczenie ekspert\u00f3w \u017bycie z rakiem: Wsparcie dla pacjent\u00f3w i ich bliskich 18 wrze\u015bnia, 2025 ProfiRAKtyka 2022 \u2013 diet\u0105 w raka \u2013 Weganon 4 lutego, 2022 ProfiRAKtyka 2022 \u2013 diet\u0105 w raka \u2013 dr Emilia Ka\u0142\u0119dkiewicz 4 lutego, 2022 ProfiRAKtyka 2022 \u2013 diet\u0105 w raka \u2013 mgr Natalia Babi\u0144ska [&hellip;]<\/p>\n","protected":false},"author":2,"featured_media":0,"parent":0,"menu_order":0,"comment_status":"closed","ping_status":"closed","template":"","meta":{"page_title":"","first_name":"","last_name":"","name_variation":"","funds_collected":0,"funds_target":0,"currency":"","left_on_the_subaccount":0,"refunded_expenses":0,"collection_on":"","content_update":"","number_pln":"","number_usd":"","number_eur":"","number_gbp":"","swift":"","transfer_title":"","recipient_details":"","krs":"","tax_specific_target":"","fundraiser_iri":"","footnotes":""},"class_list":["post-19906","page","type-page","status-publish","hentry"],"rttpg_featured_image_url":null,"rttpg_author":{"display_name":"Fundacja Rakiety","author_link":"https:\/\/fundacjarakiety.pl\/en\/author\/dbaluk\/"},"rttpg_comment":0,"rttpg_category":"","rttpg_excerpt":"Zapraszamy do ogl\u0105dania naszych webinar\u00f3w\u2013 wiedza i do\u015bwiadczenie ekspert\u00f3w \u017bycie z rakiem: Wsparcie dla pacjent\u00f3w i ich bliskich 18 wrze\u015bnia, 2025 ProfiRAKtyka 2022 \u2013 diet\u0105 w raka \u2013 Weganon 4 lutego, 2022 ProfiRAKtyka 2022 \u2013 diet\u0105 w raka \u2013 dr Emilia Ka\u0142\u0119dkiewicz 4 lutego, 2022 ProfiRAKtyka 2022 \u2013 diet\u0105 w raka \u2013 mgr Natalia Babi\u0144ska&hellip;","_links":{"self":[{"href":"https:\/\/fundacjarakiety.pl\/en\/wp-json\/wp\/v2\/pages\/19906"}],"collection":[{"href":"https:\/\/fundacjarakiety.pl\/en\/wp-json\/wp\/v2\/pages"}],"about":[{"href":"https:\/\/fundacjarakiety.pl\/en\/wp-json\/wp\/v2\/types\/page"}],"author":[{"embeddable":true,"href":"https:\/\/fundacjarakiety.pl\/en\/wp-json\/wp\/v2\/users\/2"}],"replies":[{"embeddable":true,"href":"https:\/\/fundacjarakiety.pl\/en\/wp-json\/wp\/v2\/comments?post=19906"}],"version-history":[{"count":6,"href":"https:\/\/fundacjarakiety.pl\/en\/wp-json\/wp\/v2\/pages\/19906\/revisions"}],"predecessor-version":[{"id":71398,"href":"https:\/\/fundacjarakiety.pl\/en\/wp-json\/wp\/v2\/pages\/19906\/revisions\/71398"}],"wp:attachment":[{"href":"https:\/\/fundacjarakiety.pl\/en\/wp-json\/wp\/v2\/media?parent=19906"}],"curies":[{"name":"wp","href":"https:\/\/api.w.org\/{rel}","templated":true}]}}