{"id":19709,"date":"2022-03-23T21:39:39","date_gmt":"2022-03-23T20:39:39","guid":{"rendered":"https:\/\/fundacjarakiety.pl\/?page_id=19709"},"modified":"2026-03-24T09:29:29","modified_gmt":"2026-03-24T08:29:29","slug":"jestem-po-chorobie","status":"publish","type":"page","link":"https:\/\/fundacjarakiety.pl\/en\/szukam-pomocy\/jestem-po-chorobie\/","title":{"rendered":"I&#039;m sick"},"content":{"rendered":"<p>Are you a cancer survivor? Regardless of what type of support you need - also <strong>you can become our mentee<\/strong>. <br>We approach each person individually, holistically and comprehensively.<\/p>\n\n\n\n<h3 class=\"wp-block-heading\">Our patients after illness <strong>we offer free of charge<\/strong><\/h3>\n\n\n\n<ul class=\"wp-block-list\">\n<li>providing a subaccount (without any commission) and support in raising funds for rehabilitation, <br>supporting the body after illness, painkillers, etc.<\/li>\n\n\n\n<li>assistance in accessing additional rehabilitation consultations<\/li>\n\n\n\n<li>contact with specialists: <a data-type=\"page\" data-id=\"62\" rel=\"noreferrer noopener\" href=\"https:\/\/fundacjarakiety.pl\/index.php\/psychoonkolog-psychiatra\/\" target=\"_blank\">psycho-oncologist, psychiatrist<\/a>, <a data-type=\"page\" data-id=\"71\" rel=\"noreferrer noopener\" href=\"https:\/\/fundacjarakiety.pl\/index.php\/onkodietetyk\/\" target=\"_blank\">oncodietitian<\/a>, <a href=\"https:\/\/fundacjarakiety.pl\/en\/seksuolog\/\" target=\"_blank\" rel=\"noreferrer noopener\">sexologist<\/a><\/li>\n\n\n\n<li>information about possibilities <a type=\"page\" id=\"52\" rel=\"noreferrer noopener\" href=\"https:\/\/fundacjarakiety.pl\/en\/category\/aktualne-projekty\/\" target=\"_blank\">professional activation<\/a><\/li>\n\n\n\n<li>support in the form of donations in kind as part of cyclical campaigns<\/li>\n<\/ul>\n\n\n\n<h3 class=\"wp-block-heading\">We also organize<strong> regular events<\/strong> for our clients:<\/h3>\n\n\n\n<ul class=\"wp-block-list\">\n<li>in March, Beauty in Cancer on the occasion of Women&#039;s Day - workshops, lectures and gifts<\/li>\n\n\n\n<li>Children&#039;s Day in June - gift packages<\/li>\n\n\n\n<li>in September First Bell - collection of gifts and stationery for oncology facilities<br>and our young pupils of school age<\/li>\n\n\n\n<li>in December, Letters to Santa Claus - we organize gifts for the youngest children under the Christmas tree<\/li>\n<\/ul>\n\n\n\n<hr class=\"wp-block-separator has-css-opacity\"\/>\n\n\n\n<p>Thanks to cooperation with the company <a href=\"http:\/\/www.navera.pl\" data-type=\"URL\" data-id=\"www.navera.pl\" target=\"_blank\" rel=\"noreferrer noopener\">Navera<\/a> and portal <a href=\"http:\/\/www.silaroslin.pl\" data-type=\"URL\" data-id=\"www.silaroslin.pl\" target=\"_blank\" rel=\"noreferrer noopener\">SilaRoslin.pl<\/a> our students <br>have the opportunity to receive regularly <strong>free plant protein<\/strong>.<\/p>\n\n\n\n<figure class=\"wp-block-image size-large is-resized\"><img fetchpriority=\"high\" decoding=\"async\" width=\"1325\" height=\"1024\" src=\"https:\/\/fundacjarakiety.pl\/wp-content\/uploads\/2022\/03\/plantforce-pure-bialko-dla-wegan-1325x1024.png\" alt=\"\" class=\"wp-image-20312\" style=\"width:663px;height:512px\" srcset=\"https:\/\/fundacjarakiety.pl\/wp-content\/uploads\/2022\/03\/plantforce-pure-bialko-dla-wegan-1325x1024.png 1325w, https:\/\/fundacjarakiety.pl\/wp-content\/uploads\/2022\/03\/plantforce-pure-bialko-dla-wegan-300x232.png 300w, https:\/\/fundacjarakiety.pl\/wp-content\/uploads\/2022\/03\/plantforce-pure-bialko-dla-wegan-768x594.png 768w, https:\/\/fundacjarakiety.pl\/wp-content\/uploads\/2022\/03\/plantforce-pure-bialko-dla-wegan-600x464.png 600w, https:\/\/fundacjarakiety.pl\/wp-content\/uploads\/2022\/03\/plantforce-pure-bialko-dla-wegan.png 1331w\" sizes=\"(max-width: 1325px) 100vw, 1325px\" \/><\/figure>\n\n\n\n<p>Zobacz stron\u0119 dla os\u00f3b<strong> <a href=\"https:\/\/fundacjarakiety.pl\/en\/szukam-pomocy\/jestem-w-trakcie-choroby\/\">w trakcie choroby onkologicznej<\/a><\/strong><\/p>\n\n\n\n<hr class=\"wp-block-separator has-css-opacity\"\/>\n\n\n\n<div class=\"wp-block-media-text alignwide is-stacked-on-mobile is-image-fill\" style=\"grid-template-columns:45% auto\"><figure class=\"wp-block-media-text__media\" style=\"background-image:url(https:\/\/fundacjarakiety.pl\/wp-content\/uploads\/2021\/12\/subkonto.jpeg);background-position:50% 50%\"><img decoding=\"async\" width=\"640\" height=\"426\" src=\"https:\/\/fundacjarakiety.pl\/wp-content\/uploads\/2021\/12\/subkonto.jpeg\" alt=\"\" class=\"wp-image-17184 size-full\" srcset=\"https:\/\/fundacjarakiety.pl\/wp-content\/uploads\/2021\/12\/subkonto.jpeg 640w, https:\/\/fundacjarakiety.pl\/wp-content\/uploads\/2021\/12\/subkonto-300x200.jpeg 300w, https:\/\/fundacjarakiety.pl\/wp-content\/uploads\/2021\/12\/subkonto-600x399.jpeg 600w\" sizes=\"(max-width: 640px) 100vw, 640px\" \/><\/figure><div class=\"wp-block-media-text__content\">\n<h3 class=\"wp-block-heading\">How to become a beneficiary of the Foundation?<\/h3>\n\n\n\n<p><\/p>\n\n\n\n<ol class=\"wp-block-list\">\n<li>Zarejestruj si\u0119 w Panelu dla podopiecznych &#8211; przycisk poni\u017cej.<\/li>\n\n\n\n<li>We will contact you within 24 hours (72 hours on weekends) to determine your needs.<\/li>\n\n\n\n<li>We will ask you to send medical documents confirming the oncological diagnosis. After verifying them, we will enroll you in the database of our clients.<\/li>\n\n\n\n<li>If it is necessary to provide a sub-account, we will ask you to sign an Agreement with the Foundation (in person or by letter).<\/li>\n<\/ol>\n\n\n\n<p>That&#039;s all, see you soon!<\/p>\n\n\n\n<hr class=\"wp-block-separator has-css-opacity\"\/>\n\n\n\n<h4 class=\"wp-block-heading\" style=\"font-size:22px\"><strong>Useful documents<\/strong><\/h4>\n\n\n\n<div class=\"wp-block-file\"><a id=\"wp-block-file--media-cb9cfe3e-d342-494c-a997-5d800c05e55e\" href=\"https:\/\/fundacjarakiety.pl\/wp-content\/uploads\/2025\/10\/Regulamin-udzielania-pomocy-\u2013-paz2025.pdf\">Regulamin udzielania pomocy z za\u0142\u0105cznikami \u2013 paz2025<\/a><a href=\"https:\/\/fundacjarakiety.pl\/wp-content\/uploads\/2025\/10\/Regulamin-udzielania-pomocy-\u2013-paz2025.pdf\" class=\"wp-block-file__button wp-element-button\" aria-describedby=\"wp-block-file--media-cb9cfe3e-d342-494c-a997-5d800c05e55e\" download>Download<\/a><\/div>\n\n\n\n<div class=\"wp-block-file\"><a id=\"wp-block-file--media-ac1ae20f-6166-488d-8b90-fba57588f24f\" href=\"https:\/\/fundacjarakiety.pl\/wp-content\/uploads\/2025\/10\/Zestawienie-faktur-do-refundacji-zal-nr-3.docx\">List of invoices for refund \u2013 Annex No. 3<\/a><a href=\"https:\/\/fundacjarakiety.pl\/wp-content\/uploads\/2025\/10\/Zestawienie-faktur-do-refundacji-zal-nr-3.docx\" class=\"wp-block-file__button wp-element-button\" aria-describedby=\"wp-block-file--media-ac1ae20f-6166-488d-8b90-fba57588f24f\" download>Download<\/a><\/div>\n\n\n\n<div class=\"wp-block-file\"><a id=\"wp-block-file--media-1e925d82-9ca6-4b45-9922-533baf95d3a2\" href=\"https:\/\/fundacjarakiety.pl\/wp-content\/uploads\/2025\/10\/Zestawienie-faktur-do-oplacenia-u-wystawcy-zal-nr-4.docx\">List of invoices to be paid to the issuer \u2013 Appendix No. 4<\/a><a href=\"https:\/\/fundacjarakiety.pl\/wp-content\/uploads\/2025\/10\/Zestawienie-faktur-do-oplacenia-u-wystawcy-zal-nr-4.docx\" class=\"wp-block-file__button wp-element-button\" aria-describedby=\"wp-block-file--media-1e925d82-9ca6-4b45-9922-533baf95d3a2\" download>Download<\/a><\/div>\n\n\n\n<div class=\"wp-block-file\"><a id=\"wp-block-file--media-30fca90a-5d90-4d05-b284-6be3a9374437\" href=\"https:\/\/fundacjarakiety.pl\/wp-content\/uploads\/2025\/10\/Klauzula-Informacyjna-o-przetwarzaniu-danych-osobowych-paz2025.pdf\">Information Clause on the processing of personal data \u2013 Oct 2025<\/a><a href=\"https:\/\/fundacjarakiety.pl\/wp-content\/uploads\/2025\/10\/Klauzula-Informacyjna-o-przetwarzaniu-danych-osobowych-paz2025.pdf\" class=\"wp-block-file__button wp-element-button\" aria-describedby=\"wp-block-file--media-30fca90a-5d90-4d05-b284-6be3a9374437\" download>Download<\/a><\/div>\n<\/div><\/div>\n\n\n\n<div style=\"height:50px\" aria-hidden=\"true\" class=\"wp-block-spacer\"><\/div>\n\n\n\n<div class=\"wp-block-buttons alignwide is-content-justification-center is-layout-flex wp-container-core-buttons-is-layout-1 wp-block-buttons-is-layout-flex\">\n<div class=\"wp-block-button has-custom-width wp-block-button__width-50 has-custom-font-size is-style-fill has-medium-font-size\"><a class=\"wp-block-button__link has-white-color has-text-color has-background has-link-color has-text-align-center wp-element-button\" href=\"https:\/\/panel.fundacjarakiety.pl\/panel\/login\" style=\"background-color:#1d459b\">Register in the Panel for Mentees<\/a><\/div>\n<\/div>\n\n\n\n<h4 class=\"wp-block-heading\"><strong>Dzia\u0142 Spo\u0142eczny odpowie na Twoje pytania<\/strong>:<\/h4>\n\n\n\n<ul class=\"wp-block-list\">\n<li>Michalina Pabia\u0144czyk, <a href=\"mailto:m.pabianczyk@fundacjarakiety.pl\" target=\"_blank\" rel=\"noreferrer noopener\">m.pabianczyk@fundacjarakiety.pl<\/a>, 578 018 888<\/li>\n\n\n\n<li>Angelika Nowaczyk, <a href=\"mailto:a.nowaczyk@fundacjarakiety.pl\" target=\"_blank\" rel=\"noreferrer noopener\">a.nowaczyk@fundacjarakiety.pl<\/a>, 793 293 333<\/li>\n\n\n\n<li>Magdalena Oczkowska, <a href=\"mailto:m.oczkowska@fundacjarakiety.pl\">m.oczkowska@fundacjarakiety.pl<\/a>, 577 982 222<\/li>\n\n\n\n<li>Justyna Bry\u0142ka, <a href=\"mailto:j.brylka@fundacjarakiety.pl\">j.brylka@fundacjarakiety.pl<\/a>, 534 584 444<\/li>\n<\/ul>","protected":false},"excerpt":{"rendered":"<p>Jeste\u015b osob\u0105 po przej\u015bciu choroby onkologicznej? Niezale\u017cnie od tego jakiego rodzaju wsparcia potrzebujesz \u2013 r\u00f3wnie\u017c mo\u017cesz zosta\u0107 naszym Podopiecznym. Do ka\u017cdej osoby podchodzimy indywidualnie, w spos\u00f3b holistyczny i kompleksowy. Naszym Podopiecznym po chorobie oferujemy bezp\u0142atnie Organizujemy r\u00f3wnie\u017c regularne wydarzenia dla naszych Podopiecznych: Dzi\u0119ki wsp\u00f3\u0142pracy z firm\u0105 Navera i portalem SilaRoslin.pl nasi Podopieczni maj\u0105 mo\u017cliwo\u015b\u0107 otrzymywania [&hellip;]<\/p>\n","protected":false},"author":2,"featured_media":17184,"parent":64,"menu_order":0,"comment_status":"closed","ping_status":"closed","template":"","meta":{"page_title":"","first_name":"","last_name":"","name_variation":"","funds_collected":0,"funds_target":0,"currency":"","left_on_the_subaccount":0,"refunded_expenses":0,"collection_on":"","content_update":"","number_pln":"","number_usd":"","number_eur":"","number_gbp":"","swift":"","transfer_title":"","recipient_details":"","krs":"","tax_specific_target":"","fundraiser_iri":"","footnotes":""},"class_list":["post-19709","page","type-page","status-publish","has-post-thumbnail","hentry"],"rttpg_featured_image_url":{"full":["https:\/\/fundacjarakiety.pl\/wp-content\/uploads\/2021\/12\/subkonto.jpeg",640,426,false],"landscape":["https:\/\/fundacjarakiety.pl\/wp-content\/uploads\/2021\/12\/subkonto.jpeg",640,426,false],"portraits":["https:\/\/fundacjarakiety.pl\/wp-content\/uploads\/2021\/12\/subkonto.jpeg",640,426,false],"thumbnail":["https:\/\/fundacjarakiety.pl\/wp-content\/uploads\/2021\/12\/subkonto-150x150.jpeg",150,150,true],"medium":["https:\/\/fundacjarakiety.pl\/wp-content\/uploads\/2021\/12\/subkonto-300x200.jpeg",300,200,true],"large":["https:\/\/fundacjarakiety.pl\/wp-content\/uploads\/2021\/12\/subkonto.jpeg",640,426,false],"1536x1536":["https:\/\/fundacjarakiety.pl\/wp-content\/uploads\/2021\/12\/subkonto.jpeg",640,426,false],"2048x2048":["https:\/\/fundacjarakiety.pl\/wp-content\/uploads\/2021\/12\/subkonto.jpeg",640,426,false],"trp-custom-language-flag":["https:\/\/fundacjarakiety.pl\/wp-content\/uploads\/2021\/12\/subkonto.jpeg",18,12,false],"post-thumbnail":["https:\/\/fundacjarakiety.pl\/wp-content\/uploads\/2021\/12\/subkonto.jpeg",640,426,false],"humani-recent-post":["https:\/\/fundacjarakiety.pl\/wp-content\/uploads\/2021\/12\/subkonto-200x160.jpeg",200,160,true],"humani-post-grid":["https:\/\/fundacjarakiety.pl\/wp-content\/uploads\/2021\/12\/subkonto.jpeg",640,426,false]},"rttpg_author":{"display_name":"Fundacja Rakiety","author_link":"https:\/\/fundacjarakiety.pl\/en\/author\/dbaluk\/"},"rttpg_comment":0,"rttpg_category":null,"rttpg_excerpt":"Jeste\u015b osob\u0105 po przej\u015bciu choroby onkologicznej? Niezale\u017cnie od tego jakiego rodzaju wsparcia potrzebujesz \u2013 r\u00f3wnie\u017c mo\u017cesz zosta\u0107 naszym Podopiecznym. Do ka\u017cdej osoby podchodzimy indywidualnie, w spos\u00f3b holistyczny i kompleksowy. Naszym Podopiecznym po chorobie oferujemy bezp\u0142atnie Organizujemy r\u00f3wnie\u017c regularne wydarzenia dla naszych Podopiecznych: Dzi\u0119ki wsp\u00f3\u0142pracy z firm\u0105 Navera i portalem SilaRoslin.pl nasi Podopieczni maj\u0105 mo\u017cliwo\u015b\u0107 otrzymywania&hellip;","_links":{"self":[{"href":"https:\/\/fundacjarakiety.pl\/en\/wp-json\/wp\/v2\/pages\/19709"}],"collection":[{"href":"https:\/\/fundacjarakiety.pl\/en\/wp-json\/wp\/v2\/pages"}],"about":[{"href":"https:\/\/fundacjarakiety.pl\/en\/wp-json\/wp\/v2\/types\/page"}],"author":[{"embeddable":true,"href":"https:\/\/fundacjarakiety.pl\/en\/wp-json\/wp\/v2\/users\/2"}],"replies":[{"embeddable":true,"href":"https:\/\/fundacjarakiety.pl\/en\/wp-json\/wp\/v2\/comments?post=19709"}],"version-history":[{"count":9,"href":"https:\/\/fundacjarakiety.pl\/en\/wp-json\/wp\/v2\/pages\/19709\/revisions"}],"predecessor-version":[{"id":72405,"href":"https:\/\/fundacjarakiety.pl\/en\/wp-json\/wp\/v2\/pages\/19709\/revisions\/72405"}],"up":[{"embeddable":true,"href":"https:\/\/fundacjarakiety.pl\/en\/wp-json\/wp\/v2\/pages\/64"}],"wp:featuredmedia":[{"embeddable":true,"href":"https:\/\/fundacjarakiety.pl\/en\/wp-json\/wp\/v2\/media\/17184"}],"wp:attachment":[{"href":"https:\/\/fundacjarakiety.pl\/en\/wp-json\/wp\/v2\/media?parent=19709"}],"curies":[{"name":"wp","href":"https:\/\/api.w.org\/{rel}","templated":true}]}}