{"id":19706,"date":"2022-03-23T21:38:18","date_gmt":"2022-03-23T20:38:18","guid":{"rendered":"https:\/\/fundacjarakiety.pl\/?page_id=19706"},"modified":"2026-03-24T09:30:44","modified_gmt":"2026-03-24T08:30:44","slug":"jestem-w-trakcie-choroby","status":"publish","type":"page","link":"https:\/\/fundacjarakiety.pl\/en\/szukam-pomocy\/jestem-w-trakcie-choroby\/","title":{"rendered":"I&#039;m in the middle of an illness"},"content":{"rendered":"<p>Are you suffering from oncology? Regardless of what type of support you need - <strong>we are here for you<\/strong>. <br>We approach each person individually, holistically and comprehensively.<\/p>\n\n\n\n<div class=\"wp-block-media-text alignwide is-stacked-on-mobile is-image-fill\" style=\"grid-template-columns:45% auto\"><figure class=\"wp-block-media-text__media\" style=\"background-image:url(https:\/\/fundacjarakiety.pl\/wp-content\/uploads\/2021\/12\/subkonto.jpeg);background-position:50% 50%\"><img fetchpriority=\"high\" decoding=\"async\" width=\"640\" height=\"426\" src=\"https:\/\/fundacjarakiety.pl\/wp-content\/uploads\/2021\/12\/subkonto.jpeg\" alt=\"\" class=\"wp-image-17184 size-full\" srcset=\"https:\/\/fundacjarakiety.pl\/wp-content\/uploads\/2021\/12\/subkonto.jpeg 640w, https:\/\/fundacjarakiety.pl\/wp-content\/uploads\/2021\/12\/subkonto-300x200.jpeg 300w, https:\/\/fundacjarakiety.pl\/wp-content\/uploads\/2021\/12\/subkonto-600x399.jpeg 600w\" sizes=\"(max-width: 640px) 100vw, 640px\" \/><\/figure><div class=\"wp-block-media-text__content\">\n<h3 class=\"wp-block-heading\"><strong>How to become a beneficiary of the Foundation?<\/strong><\/h3>\n\n\n\n<ol class=\"wp-block-list\">\n<li>Register by completing the application form below.<\/li>\n\n\n\n<li>We&#039;ll contact you within 24 hours (or within 72 hours for weekend requests) to discuss your needs.<\/li>\n\n\n\n<li>We will verify your application and the submitted medical documentation.<\/li>\n\n\n\n<li>If the decision is positive, we will include you among our Prot\u00e9g\u00e9s and inform you about it.<\/li>\n<\/ol>\n\n\n\n<p>That&#039;s all, see you soon!<\/p>\n\n\n\n<hr class=\"wp-block-separator has-css-opacity\"\/>\n\n\n\n<h4 class=\"wp-block-heading\" style=\"font-size:22px\"><strong>Useful documents<\/strong><\/h4>\n\n\n\n<div class=\"wp-block-file\"><a id=\"wp-block-file--media-de703faa-2305-40fa-8e91-eb13cd6495cb\" href=\"https:\/\/fundacjarakiety.pl\/wp-content\/uploads\/2025\/10\/Regulamin-udzielania-pomocy-\u2013-paz2025.pdf\">Regulamin udzielania pomocy z za\u0142\u0105cznikami \u2013 paz2025<\/a><a href=\"https:\/\/fundacjarakiety.pl\/wp-content\/uploads\/2025\/10\/Regulamin-udzielania-pomocy-\u2013-paz2025.pdf\" class=\"wp-block-file__button wp-element-button\" download aria-describedby=\"wp-block-file--media-de703faa-2305-40fa-8e91-eb13cd6495cb\">Download<\/a><\/div>\n\n\n\n<div class=\"wp-block-file\"><a id=\"wp-block-file--media-1a8c46e8-f766-4088-9524-9246238a89ad\" href=\"https:\/\/fundacjarakiety.pl\/wp-content\/uploads\/2025\/10\/Porozumienie-o-udostepnianiu-rachunku-bankowego-subkonta-\u2013-paz2025.pdf\">Agreement on the provision of a bank account (sub-account) \u2013 Oct 2025<\/a><a href=\"https:\/\/fundacjarakiety.pl\/wp-content\/uploads\/2025\/10\/Porozumienie-o-udostepnianiu-rachunku-bankowego-subkonta-\u2013-paz2025.pdf\" class=\"wp-block-file__button wp-element-button\" download aria-describedby=\"wp-block-file--media-1a8c46e8-f766-4088-9524-9246238a89ad\">Download<\/a><\/div>\n\n\n\n<div class=\"wp-block-file\"><a id=\"wp-block-file--media-16496502-ae30-4b73-a866-cb390ac3122d\" href=\"https:\/\/fundacjarakiety.pl\/wp-content\/uploads\/2025\/10\/Zestawienie-faktur-do-refundacji-zal-nr-3.docx\">List of invoices for refund \u2013 Annex No. 3<\/a><a href=\"https:\/\/fundacjarakiety.pl\/wp-content\/uploads\/2025\/10\/Zestawienie-faktur-do-refundacji-zal-nr-3.docx\" class=\"wp-block-file__button wp-element-button\" download aria-describedby=\"wp-block-file--media-16496502-ae30-4b73-a866-cb390ac3122d\">Download<\/a><\/div>\n\n\n\n<div class=\"wp-block-file\"><a id=\"wp-block-file--media-49f1b145-0935-4c25-b966-2aa32d26b615\" href=\"https:\/\/fundacjarakiety.pl\/wp-content\/uploads\/2025\/10\/Zestawienie-faktur-do-oplacenia-u-wystawcy-zal-nr-4.docx\">List of invoices to be paid to the issuer \u2013 Appendix No. 4<\/a><a href=\"https:\/\/fundacjarakiety.pl\/wp-content\/uploads\/2025\/10\/Zestawienie-faktur-do-oplacenia-u-wystawcy-zal-nr-4.docx\" class=\"wp-block-file__button wp-element-button\" download aria-describedby=\"wp-block-file--media-49f1b145-0935-4c25-b966-2aa32d26b615\">Download<\/a><\/div>\n\n\n\n<div class=\"wp-block-file\"><a id=\"wp-block-file--media-71e44e51-1997-4633-8281-2fca97cdddcd\" href=\"https:\/\/fundacjarakiety.pl\/wp-content\/uploads\/2025\/10\/Klauzula-Informacyjna-o-przetwarzaniu-danych-osobowych-paz2025.pdf\">Information Clause on the processing of personal data \u2013 Oct 2025<\/a><a href=\"https:\/\/fundacjarakiety.pl\/wp-content\/uploads\/2025\/10\/Klauzula-Informacyjna-o-przetwarzaniu-danych-osobowych-paz2025.pdf\" class=\"wp-block-file__button wp-element-button\" download aria-describedby=\"wp-block-file--media-71e44e51-1997-4633-8281-2fca97cdddcd\">Download<\/a><\/div>\n<\/div><\/div>\n\n\n\n<div style=\"height:30px\" aria-hidden=\"true\" class=\"wp-block-spacer\"><\/div>\n\n\n\n<div class=\"wp-block-buttons alignwide is-content-justification-center is-layout-flex wp-container-core-buttons-is-layout-1 wp-block-buttons-is-layout-flex\">\n<div class=\"wp-block-button has-custom-width wp-block-button__width-50 has-custom-font-size is-style-fill has-medium-font-size\"><a class=\"wp-block-button__link has-white-color has-text-color has-background has-link-color has-text-align-center wp-element-button\" href=\"https:\/\/panel.fundacjarakiety.pl\/panel\/login\" style=\"background-color:#1d459b\">Register in the Panel for Mentees<\/a><\/div>\n<\/div>\n\n\n\n<h4 class=\"wp-block-heading\"><strong>Dzia\u0142 Spo\u0142eczny odpowie na Twoje pytania<\/strong>:<\/h4>\n\n\n\n<ul class=\"wp-block-list\">\n<li>Michalina Pabia\u0144czyk, <a href=\"mailto:m.pabianczyk@fundacjarakiety.pl\" target=\"_blank\" rel=\"noreferrer noopener\">m.pabianczyk@fundacjarakiety.pl<\/a>, 578 018 888<\/li>\n\n\n\n<li>Angelika Nowaczyk, <a href=\"mailto:a.nowaczyk@fundacjarakiety.pl\" target=\"_blank\" rel=\"noreferrer noopener\">a.nowaczyk@fundacjarakiety.pl<\/a>, 793 293 333<\/li>\n\n\n\n<li>Magdalena Oczkowska, <a href=\"mailto:m.oczkowska@fundacjarakiety.pl\">m.oczkowska@fundacjarakiety.pl<\/a>, 577 982 222<\/li>\n\n\n\n<li>Justyna Bry\u0142ka, <a href=\"mailto:j.brylka@fundacjarakiety.pl\">j.brylka@fundacjarakiety.pl<\/a>, 534 584 444<\/li>\n<\/ul>\n\n\n\n<h3 class=\"wp-block-heading\">Our charges <strong>we offer free of charge<\/strong>:<\/h3>\n\n\n\n<ul class=\"wp-block-list\">\n<li>providing a sub-account (without any commission) and support in obtaining funds for treatment and rehabilitation<\/li>\n\n\n\n<li>information about treatment centers and methods<\/li>\n\n\n\n<li>contact with specialists: <a data-type=\"page\" data-id=\"62\" href=\"https:\/\/fundacjarakiety.pl\/index.php\/psychoonkolog-psychiatra\/\" target=\"_blank\" rel=\"noreferrer noopener\">psycho-oncologist, psychiatrist<\/a>, <a data-type=\"page\" data-id=\"71\" href=\"https:\/\/fundacjarakiety.pl\/index.php\/onkodietetyk\/\" target=\"_blank\" rel=\"noreferrer noopener\">dietitian<\/a>, <a href=\"https:\/\/fundacjarakiety.pl\/en\/seksuolog\/\" target=\"_blank\" rel=\"noreferrer noopener\">sexologist<\/a>, <a href=\"https:\/\/fundacjarakiety.pl\/en\/pielegniarka\/\">nurse<\/a>, palliative medicine physician and <a href=\"https:\/\/fundacjarakiety.pl\/en\/lekarz-bolu\/\">pain management<\/a> \ud83d\udfb7<\/li>\n\n\n\n<li>support in the form of donations in kind as part of cyclical campaigns<\/li>\n\n\n\n<li>assistance in accessing <a data-type=\"category\" data-id=\"5\" rel=\"noreferrer noopener\" href=\"https:\/\/fundacjarakiety.pl\/index.php\/category\/baza-wiedzy\/\" target=\"_blank\">knowledge about the disease<\/a><\/li>\n<\/ul>\n\n\n\n<p>\ud83d\udfb7 Consultations with specialists are free of charge for people with active collections.<\/p>\n\n\n\n<blockquote class=\"wp-block-quote is-layout-flow wp-block-quote-is-layout-flow\">\n<p><\/p>\n<\/blockquote>\n\n\n\n<h3 class=\"wp-block-heading\">We also organize <strong>regular events<\/strong> for our clients, including:<\/h3>\n\n\n\n<ul class=\"wp-block-list\">\n<li>in March, Beauty in Cancer on the occasion of Women&#039;s Day - workshops, lectures and gifts<\/li>\n\n\n\n<li>Children&#039;s Day in June - gift packages<\/li>\n\n\n\n<li>in September First Bell - collection of gifts and stationery for oncology facilities and our young school-age students<\/li>\n\n\n\n<li>in December, Letters to Santa Claus - we organize gifts for the youngest children under the Christmas tree<\/li>\n<\/ul>\n\n\n\n<hr class=\"wp-block-separator has-css-opacity\"\/>\n\n\n\n<p>Thanks to cooperation with the company <a href=\"http:\/\/www.navera.pl\" data-type=\"URL\" data-id=\"www.navera.pl\" target=\"_blank\" rel=\"noreferrer noopener\">Navera<\/a> and portal <a href=\"http:\/\/www.silaroslin.pl\" data-type=\"URL\" data-id=\"http:\/\/www.silaroslin.pl\" target=\"_blank\" rel=\"noreferrer noopener\">SilaRoslin.pl<\/a> our students <br>have the opportunity to receive regularly <strong>free plant protein<\/strong>.<\/p>\n\n\n\n<figure class=\"wp-block-image size-large is-resized\"><img decoding=\"async\" width=\"1325\" height=\"1024\" src=\"https:\/\/fundacjarakiety.pl\/wp-content\/uploads\/2022\/03\/plantforce-pure-bialko-dla-wegan-1325x1024.png\" alt=\"\" class=\"wp-image-20312\" style=\"width:663px;height:512px\" srcset=\"https:\/\/fundacjarakiety.pl\/wp-content\/uploads\/2022\/03\/plantforce-pure-bialko-dla-wegan-1325x1024.png 1325w, https:\/\/fundacjarakiety.pl\/wp-content\/uploads\/2022\/03\/plantforce-pure-bialko-dla-wegan-300x232.png 300w, https:\/\/fundacjarakiety.pl\/wp-content\/uploads\/2022\/03\/plantforce-pure-bialko-dla-wegan-768x594.png 768w, https:\/\/fundacjarakiety.pl\/wp-content\/uploads\/2022\/03\/plantforce-pure-bialko-dla-wegan-600x464.png 600w, https:\/\/fundacjarakiety.pl\/wp-content\/uploads\/2022\/03\/plantforce-pure-bialko-dla-wegan.png 1331w\" sizes=\"(max-width: 1325px) 100vw, 1325px\" \/><\/figure>\n\n\n\n<p>Zobacz stron\u0119 dla os\u00f3b <strong><a href=\"https:\/\/fundacjarakiety.pl\/en\/szukam-pomocy\/jestem-po-chorobie\/\">po chorobie onkologicznej<\/a><\/strong><\/p>\n\n\n\n<p><\/p>\n\n\n\n<p><\/p>","protected":false},"excerpt":{"rendered":"<p>Jeste\u015b osob\u0105 w trakcie choroby onkologicznej? Niezale\u017cnie od tego jakiego rodzaju wsparcia potrzebujesz \u2013 jeste\u015bmy tu dla Ciebie. Do ka\u017cdej osoby podchodzimy indywidualnie, w spos\u00f3b holistyczny i kompleksowy. Dzia\u0142 Spo\u0142eczny odpowie na Twoje pytania: Naszym Podopiecznym oferujemy bezp\u0142atnie: \ud83d\udfb7 Konsultacje ze specjalistami s\u0105 bezp\u0142atne dla os\u00f3b z uruchomionymi zbi\u00f3rkami. Organizujemy r\u00f3wnie\u017c regularne wydarzenia dla naszych [&hellip;]<\/p>\n","protected":false},"author":2,"featured_media":0,"parent":64,"menu_order":0,"comment_status":"closed","ping_status":"closed","template":"","meta":{"page_title":"","first_name":"","last_name":"","name_variation":"","funds_collected":0,"funds_target":0,"currency":"","left_on_the_subaccount":0,"refunded_expenses":0,"collection_on":"","content_update":"","number_pln":"","number_usd":"","number_eur":"","number_gbp":"","swift":"","transfer_title":"","recipient_details":"","krs":"","tax_specific_target":"","fundraiser_iri":"","footnotes":""},"class_list":["post-19706","page","type-page","status-publish","hentry"],"rttpg_featured_image_url":null,"rttpg_author":{"display_name":"Fundacja Rakiety","author_link":"https:\/\/fundacjarakiety.pl\/en\/author\/dbaluk\/"},"rttpg_comment":0,"rttpg_category":null,"rttpg_excerpt":"Jeste\u015b osob\u0105 w trakcie choroby onkologicznej? Niezale\u017cnie od tego jakiego rodzaju wsparcia potrzebujesz \u2013 jeste\u015bmy tu dla Ciebie. Do ka\u017cdej osoby podchodzimy indywidualnie, w spos\u00f3b holistyczny i kompleksowy. Dzia\u0142 Spo\u0142eczny odpowie na Twoje pytania: Naszym Podopiecznym oferujemy bezp\u0142atnie: \ud83d\udfb7 Konsultacje ze specjalistami s\u0105 bezp\u0142atne dla os\u00f3b z uruchomionymi zbi\u00f3rkami. Organizujemy r\u00f3wnie\u017c regularne wydarzenia dla naszych&hellip;","_links":{"self":[{"href":"https:\/\/fundacjarakiety.pl\/en\/wp-json\/wp\/v2\/pages\/19706"}],"collection":[{"href":"https:\/\/fundacjarakiety.pl\/en\/wp-json\/wp\/v2\/pages"}],"about":[{"href":"https:\/\/fundacjarakiety.pl\/en\/wp-json\/wp\/v2\/types\/page"}],"author":[{"embeddable":true,"href":"https:\/\/fundacjarakiety.pl\/en\/wp-json\/wp\/v2\/users\/2"}],"replies":[{"embeddable":true,"href":"https:\/\/fundacjarakiety.pl\/en\/wp-json\/wp\/v2\/comments?post=19706"}],"version-history":[{"count":17,"href":"https:\/\/fundacjarakiety.pl\/en\/wp-json\/wp\/v2\/pages\/19706\/revisions"}],"predecessor-version":[{"id":72407,"href":"https:\/\/fundacjarakiety.pl\/en\/wp-json\/wp\/v2\/pages\/19706\/revisions\/72407"}],"up":[{"embeddable":true,"href":"https:\/\/fundacjarakiety.pl\/en\/wp-json\/wp\/v2\/pages\/64"}],"wp:attachment":[{"href":"https:\/\/fundacjarakiety.pl\/en\/wp-json\/wp\/v2\/media?parent=19706"}],"curies":[{"name":"wp","href":"https:\/\/api.w.org\/{rel}","templated":true}]}}