{"id":19054,"date":"2022-03-17T15:08:50","date_gmt":"2022-03-17T14:08:50","guid":{"rendered":"https:\/\/fundacjarakiety.pl\/?page_id=19054"},"modified":"2026-01-20T15:26:20","modified_gmt":"2026-01-20T14:26:20","slug":"zorganizuj-event","status":"publish","type":"page","link":"https:\/\/fundacjarakiety.pl\/en\/zorganizuj-event\/","title":{"rendered":"Organize an event"},"content":{"rendered":"<div data-elementor-type=\"wp-page\" data-elementor-id=\"19054\" class=\"elementor elementor-19054\">\n\t\t\t\t<div class=\"elementor-element elementor-element-7ad1feb e-flex e-con-boxed e-con e-parent\" data-id=\"7ad1feb\" data-element_type=\"container\" data-e-type=\"container\">\n\t\t\t\t\t<div class=\"e-con-inner\">\n\t\t\t\t<div class=\"elementor-element elementor-element-ce034d8 elementor-widget elementor-widget-text-editor\" data-id=\"ce034d8\" data-element_type=\"widget\" data-e-type=\"widget\" data-widget_type=\"text-editor.default\">\n\t\t\t\t<div class=\"elementor-widget-container\">\n\t\t\t\t\t\t\t\t\t<h3><strong>If you want to actively help raise funds for the beneficiaries or the Foundation, e.g. by organizing your own event - the information below is just for you!<\/strong><\/h3>\n<p>The Rakiety Foundation promotes cancer prevention and supports its clients at every stage of their treatment. One form of such help is organizing collections for <strong>Emergency Fund, non-reimbursable medicines or treatments to strengthen the body during chemotherapy<\/strong>. We do everything to support not only sick people, but also their families and loved ones.<\/p>\n<p>Fundraisers organized by family, friends, co-workers or the local community provide not only material or financial help, but also... <strong>showing direct support<\/strong> the patient on his way to health. Wanting to support such initiatives as much as possible, we offer our help at every stage of planning and implementing the collection.<\/p>\n<h2>How can I help?<\/h2>\n<ul>\n<li><strong>Organize a collection<\/strong> in the form of a group auction on Allegro, collection in cans or with a payment terminal<\/li>\n<li><strong>Organize an event<\/strong> \u2013 offline event such as a charity fair, ball, picnic, run, workshops<\/li>\n<\/ul>\t\t\t\t\t\t\t\t<\/div>\n\t\t\t\t<\/div>\n\t\t\t\t\t<\/div>\n\t\t\t\t<\/div>\n\t\t<div class=\"elementor-element elementor-element-185b675 e-flex e-con-boxed e-con e-parent\" data-id=\"185b675\" data-element_type=\"container\" data-e-type=\"container\">\n\t\t\t\t\t<div class=\"e-con-inner\">\n\t\t\t\t<div class=\"elementor-element elementor-element-8295acf elementor-widget elementor-widget-text-editor\" data-id=\"8295acf\" data-element_type=\"widget\" data-e-type=\"widget\" data-widget_type=\"text-editor.default\">\n\t\t\t\t<div class=\"elementor-widget-container\">\n\t\t\t\t\t\t\t\t\t<h2>We will help you organize the collection.<\/h2><h3>Allegro Charitable<\/h3><p>is a unique platform available at www.charytatywni.allegro.pl, which allows you to sell and buy items for charity purposes. All proceeds from the auction go directly to the Foundation&#039;s sub-account, supporting their treatment or rehabilitation. Listing offers is completely free of charge, and no commission is charged for the auctions. It is a simple and effective way to really help - both as a seller and a buyer. Simply join an existing collection and put something up for auction, encouraging others to bid. Allegro Charytatywni is a great opportunity to engage family, friends or co-workers and jointly support people in need. If you are interested in creating a collection on the indicated platform, contact us. <br \/><strong>Contact:<\/strong> <a href=\"mailto:kwesta@fundacjarakiety.pl\">kwesta@fundacjarakiety.pl<\/a><\/p><h3>eTerminal application from ING<\/h3><p>is a modern solution that allows you to accept cashless donations without the need to use a classic terminal. Thanks to it, collecting funds during charity events becomes fast, convenient and fully mobile. The application works on phones with Android (version 11.0 or higher) with NFC function and allows you to accept payments by card, phone, watch or contactless BLIK. To start eTerminal, contact us: <b><a class=\"c-link c-link--underline\" href=\"mailto:kwesta@fundacjarakiety.pl\" target=\"_blank\" rel=\"noopener noreferrer\" data-stringify-link=\"mailto:kwesta@fundacjarakiety.pl\" data-sk=\"tooltip_parent\" aria-haspopup=\"menu\">kwesta@fundacjarakiety.pl<\/a><\/b>. We will send you detailed instructions for activating the app and information about the next steps - including completing a short application, configuring the app and providing the code necessary to register the device. The whole process is simple and quick, and we are here to help you every step of the way.<\/p><div class=\"c-message_kit__blocks c-message_kit__blocks--rich_text\"><div class=\"c-message__message_blocks c-message__message_blocks--rich_text\" data-qa=\"message-text\"><div class=\"p-block_kit_renderer\" data-qa=\"block-kit-renderer\"><div class=\"p-block_kit_renderer__block_wrapper p-block_kit_renderer__block_wrapper--first\"><div class=\"p-rich_text_block\" dir=\"auto\"><h3 class=\"p-rich_text_section\">Collection \u2013 help by collecting in cans<\/h3><div class=\"p-rich_text_section\">The collection is a form of public collection consisting of collecting donations in cans during various events \u2013 such as sports events, concerts, family celebrations, weddings, cultural events or campaigns in schools and shops. It is a simple and effective way to really support the treatment and rehabilitation of our charges.<br \/>After submitting a short application and completing the formalities, the Foundation provides sealed cans marked with labels and individual QR codes leading to online collections. This allows each collection to operate simultaneously in both the physical and digital space.<\/div><div class=\"p-rich_text_section\"><br \/><b data-stringify-type=\"bold\">Who can organize a collection?<\/b><br \/>Each adult Ward, his or her legal guardian or person acting on his or her behalf.<br \/>If you want to organize a public collection \u2013 write to us at: <b data-stringify-type=\"bold\"><a class=\"c-link c-link--underline\" href=\"mailto:kwesta@fundacjarakiety.pl\" target=\"_blank\" rel=\"noopener noreferrer\" data-stringify-link=\"mailto:kwesta@fundacjarakiety.pl\" data-sk=\"tooltip_parent\" aria-haspopup=\"menu\">kwesta@fundacjarakiety.pl<\/a><\/b>.<br \/>We will send all the necessary documents and information regarding the next steps: completing the application, obtaining consent to conduct the collection in the selected location and signing an agreement with the volunteer.<\/div><div class=\"p-rich_text_section\"><br \/><b data-stringify-type=\"bold\">This is a great opportunity to involve family, friends, neighbours and the local community in helping \u2013 together we can do more!<\/b><\/div><div>\u00a0<\/div><\/div><\/div><\/div><div><a href=\"https:\/\/fundacjarakiety.pl\/wp-content\/uploads\/2025\/05\/21-03-2025_Regulamin-kwest-Fundacja-Onkologiczna-Rakiety.pdf\">21-03-2025_Regulations for fundraising \u2013 Rakiety Oncology Foundation<\/a><\/div><\/div><\/div>\t\t\t\t\t\t\t\t<\/div>\n\t\t\t\t<\/div>\n\t\t\t\t\t<\/div>\n\t\t\t\t<\/div>\n\t\t<div class=\"elementor-element elementor-element-abad613 e-flex e-con-boxed e-con e-parent\" data-id=\"abad613\" data-element_type=\"container\" data-e-type=\"container\">\n\t\t\t\t\t<div class=\"e-con-inner\">\n\t\t\t\t<div class=\"elementor-element elementor-element-f88a330 elementor-widget elementor-widget-text-editor\" data-id=\"f88a330\" data-element_type=\"widget\" data-e-type=\"widget\" data-widget_type=\"text-editor.default\">\n\t\t\t\t<div class=\"elementor-widget-container\">\n\t\t\t\t\t\t\t\t\t<h2><strong>We will help you organize your event<\/strong>.<\/h2>\n<p>You can count on us in matters including:<\/p>\n<ul>\n<li>help with <strong>development of graphic materials<\/strong> (graphic support in preparing patterns of posters, leaflets, T-shirts, business cards, all other graphic materials - however, it is important for us to report such a need in advance)<\/li>\n<li><strong>event promotion<\/strong> (sharing the event on our social media profiles, in the Friends of the Foundation group, in the Foundation&#039;s newsletter), if possible, distribution of leaflets<\/li>\n<li><strong>providing cans<\/strong> to carry out the collection (preparation of taped, sealed cans; familiarization with the rules of public collection, method of donation and withdrawal of donations)<\/li>\n<\/ul>\n<p><em>The Rakiety Foundation has permanent consent to organize public collections, so anyone who wants to actively help raise funds for a specific person under their care, or for the Foundation itself, can do it in cooperation with us.<\/em><\/p>\n<ul>\n<li><strong>presence of the Foundation at your event<\/strong> (preparing a foundation stand equipped with cans\/equipment for cashless payments, conducting auctions\/fairs, workshops for children, health and preventive workshops). We make the decision about the foundation&#039;s participation in the event each time based on the calendar of events and team capabilities.<\/li>\n<\/ul>\t\t\t\t\t\t\t\t<\/div>\n\t\t\t\t<\/div>\n\t\t\t\t\t<\/div>\n\t\t\t\t<\/div>\n\t\t<div class=\"elementor-element elementor-element-16ec7b0 e-con-full e-flex e-con e-parent\" data-id=\"16ec7b0\" data-element_type=\"container\" data-e-type=\"container\">\n\t\t\t\t<div class=\"elementor-element elementor-element-10d965e gallery-spacing-custom elementor-widget elementor-widget-image-gallery\" data-id=\"10d965e\" data-element_type=\"widget\" data-e-type=\"widget\" data-widget_type=\"image-gallery.default\">\n\t\t\t\t<div class=\"elementor-widget-container\">\n\t\t\t\t\t\t\t<div class=\"elementor-image-gallery\">\n\t\t\t<div id='gallery-1' class='gallery galleryid-19054 gallery-columns-3 gallery-size-medium_large'><figure class='gallery-item'>\n\t\t\t<div class='gallery-icon landscape'>\n\t\t\t\t<a data-elementor-open-lightbox=\"yes\" data-elementor-lightbox-slideshow=\"10d965e\" data-elementor-lightbox-title=\"2021 sierpien piknik\" data-e-action-hash=\"#elementor-action%3Aaction%3Dlightbox%26settings%3DeyJpZCI6MTkyMzEsInVybCI6Imh0dHBzOlwvXC9mdW5kYWNqYXJha2lldHkucGxcL3dwLWNvbnRlbnRcL3VwbG9hZHNcLzIwMjJcLzAzXC8yMDIxLXNpZXJwaWVuLXBpa25pay5qcGciLCJzbGlkZXNob3ciOiIxMGQ5NjVlIn0%3D\" href='https:\/\/fundacjarakiety.pl\/wp-content\/uploads\/2022\/03\/2021-sierpien-piknik.jpg'><img fetchpriority=\"high\" decoding=\"async\" width=\"768\" height=\"576\" src=\"https:\/\/fundacjarakiety.pl\/wp-content\/uploads\/2022\/03\/2021-sierpien-piknik-768x576.jpg\" class=\"attachment-medium_large size-medium_large\" alt=\"\" srcset=\"https:\/\/fundacjarakiety.pl\/wp-content\/uploads\/2022\/03\/2021-sierpien-piknik-768x576.jpg 768w, https:\/\/fundacjarakiety.pl\/wp-content\/uploads\/2022\/03\/2021-sierpien-piknik-300x225.jpg 300w, https:\/\/fundacjarakiety.pl\/wp-content\/uploads\/2022\/03\/2021-sierpien-piknik-1365x1024.jpg 1365w, https:\/\/fundacjarakiety.pl\/wp-content\/uploads\/2022\/03\/2021-sierpien-piknik-1536x1152.jpg 1536w, https:\/\/fundacjarakiety.pl\/wp-content\/uploads\/2022\/03\/2021-sierpien-piknik-600x450.jpg 600w, https:\/\/fundacjarakiety.pl\/wp-content\/uploads\/2022\/03\/2021-sierpien-piknik.jpg 2016w\" sizes=\"(max-width: 768px) 100vw, 768px\" \/><\/a>\n\t\t\t<\/div><\/figure><figure class='gallery-item'>\n\t\t\t<div class='gallery-icon landscape'>\n\t\t\t\t<a data-elementor-open-lightbox=\"yes\" data-elementor-lightbox-slideshow=\"10d965e\" data-elementor-lightbox-title=\"2021 wrzesien event prof\" data-e-action-hash=\"#elementor-action%3Aaction%3Dlightbox%26settings%3DeyJpZCI6MTkyMjMsInVybCI6Imh0dHBzOlwvXC9mdW5kYWNqYXJha2lldHkucGxcL3dwLWNvbnRlbnRcL3VwbG9hZHNcLzIwMjJcLzAzXC8yMDIxLXdyemVzaWVuLWV2ZW50LXByb2YuanBnIiwic2xpZGVzaG93IjoiMTBkOTY1ZSJ9\" href='https:\/\/fundacjarakiety.pl\/wp-content\/uploads\/2022\/03\/2021-wrzesien-event-prof.jpg'><img decoding=\"async\" width=\"768\" height=\"576\" src=\"https:\/\/fundacjarakiety.pl\/wp-content\/uploads\/2022\/03\/2021-wrzesien-event-prof-768x576.jpg\" class=\"attachment-medium_large size-medium_large\" alt=\"\" srcset=\"https:\/\/fundacjarakiety.pl\/wp-content\/uploads\/2022\/03\/2021-wrzesien-event-prof-768x576.jpg 768w, https:\/\/fundacjarakiety.pl\/wp-content\/uploads\/2022\/03\/2021-wrzesien-event-prof-300x225.jpg 300w, https:\/\/fundacjarakiety.pl\/wp-content\/uploads\/2022\/03\/2021-wrzesien-event-prof-1365x1024.jpg 1365w, https:\/\/fundacjarakiety.pl\/wp-content\/uploads\/2022\/03\/2021-wrzesien-event-prof-1536x1152.jpg 1536w, https:\/\/fundacjarakiety.pl\/wp-content\/uploads\/2022\/03\/2021-wrzesien-event-prof-600x450.jpg 600w, https:\/\/fundacjarakiety.pl\/wp-content\/uploads\/2022\/03\/2021-wrzesien-event-prof.jpg 2016w\" sizes=\"(max-width: 768px) 100vw, 768px\" \/><\/a>\n\t\t\t<\/div><\/figure><figure class='gallery-item'>\n\t\t\t<div class='gallery-icon landscape'>\n\t\t\t\t<a data-elementor-open-lightbox=\"yes\" data-elementor-lightbox-slideshow=\"10d965e\" data-elementor-lightbox-title=\"2021 wrzesien event\" data-e-action-hash=\"#elementor-action%3Aaction%3Dlightbox%26settings%3DeyJpZCI6MTkyMjQsInVybCI6Imh0dHBzOlwvXC9mdW5kYWNqYXJha2lldHkucGxcL3dwLWNvbnRlbnRcL3VwbG9hZHNcLzIwMjJcLzAzXC8yMDIxLXdyemVzaWVuLWV2ZW50LmpwZyIsInNsaWRlc2hvdyI6IjEwZDk2NWUifQ%3D%3D\" href='https:\/\/fundacjarakiety.pl\/wp-content\/uploads\/2022\/03\/2021-wrzesien-event.jpg'><img decoding=\"async\" width=\"768\" height=\"576\" src=\"https:\/\/fundacjarakiety.pl\/wp-content\/uploads\/2022\/03\/2021-wrzesien-event-768x576.jpg\" class=\"attachment-medium_large size-medium_large\" alt=\"\" srcset=\"https:\/\/fundacjarakiety.pl\/wp-content\/uploads\/2022\/03\/2021-wrzesien-event-768x576.jpg 768w, https:\/\/fundacjarakiety.pl\/wp-content\/uploads\/2022\/03\/2021-wrzesien-event-300x225.jpg 300w, https:\/\/fundacjarakiety.pl\/wp-content\/uploads\/2022\/03\/2021-wrzesien-event-1365x1024.jpg 1365w, https:\/\/fundacjarakiety.pl\/wp-content\/uploads\/2022\/03\/2021-wrzesien-event-1536x1152.jpg 1536w, https:\/\/fundacjarakiety.pl\/wp-content\/uploads\/2022\/03\/2021-wrzesien-event-600x450.jpg 600w, https:\/\/fundacjarakiety.pl\/wp-content\/uploads\/2022\/03\/2021-wrzesien-event.jpg 2016w\" sizes=\"(max-width: 768px) 100vw, 768px\" \/><\/a>\n\t\t\t<\/div><\/figure>\n\t\t<\/div>\n\t\t<\/div>\n\t\t\t\t\t\t<\/div>\n\t\t\t\t<\/div>\n\t\t\t\t<\/div>\n\t\t<div class=\"elementor-element elementor-element-3f9cb45 e-flex e-con-boxed e-con e-parent\" data-id=\"3f9cb45\" data-element_type=\"container\" data-e-type=\"container\">\n\t\t\t\t\t<div class=\"e-con-inner\">\n\t\t\t\t<div class=\"elementor-element elementor-element-3952a4a elementor-widget elementor-widget-text-editor\" data-id=\"3952a4a\" data-element_type=\"widget\" data-e-type=\"widget\" data-widget_type=\"text-editor.default\">\n\t\t\t\t<div class=\"elementor-widget-container\">\n\t\t\t\t\t\t\t\t\t<h3><strong>Necessary documents to download<\/strong><\/h3><p><a href=\"https:\/\/fundacjarakiety.pl\/wp-content\/uploads\/2025\/07\/Zalacznik-nr-1-Wniosek-o-wydanie-zezwolenia-na-zorganizowanie-kwesty-w-ramach-zbiorki-publicznej.pdf\" target=\"_blank\" rel=\"noreferrer noopener\">Appendix No. 1 Application for a permit to organize a collection as part of a public collection<\/a><\/p><p><a href=\"https:\/\/fundacjarakiety.pl\/wp-content\/uploads\/2025\/07\/Zalacznik-nr-2-Porozumienie-o-wykonywaniu-swiadczen-wolontarystycznych.pdf\">Annex No. 2 Agreement on the provision of volunteer services<\/a><\/p><p><a href=\"https:\/\/fundacjarakiety.pl\/wp-content\/uploads\/2025\/07\/Zalacznik-nr-4-OSWIADCZENIE_ZGODA-na-prowadzenie-kwesty-na-rzecz-podopiecznego-Fundacji-w-miejscu-wydarzenia.pdf\">Appendix No. 4 DECLARATION_CONSENT to conduct a collection for the Foundation&#039;s beneficiary at the event venue<\/a><\/p><h3><strong>Materials to download<\/strong><\/h3><p><a href=\"https:\/\/fundacjarakiety.pl\/wp-content\/uploads\/2025\/04\/Rakiety_ulotka_A5_1i5procent2025.pdf\" target=\"_blank\" rel=\"noreferrer noopener\">Foundation leaflet about 1.5% tax<\/a><\/p><h2><span style=\"color: #fbad1d;\"><strong>So where to start?<\/strong><\/span><\/h2><p>Please read the information above and if you still have questions, contact us and we will advise you on how to implement your idea in the most effective way!<\/p><p>Regarding <strong>online promotions<\/strong>: <a href=\"mailto:a.zuchniewicz@fundacjarakiety.pl\" target=\"_blank\" rel=\"noreferrer noopener\">a.zuchniewicz@fundacjarakiety.pl<\/a> 884 821 952<\/p><p>Regarding <strong>organization of collections<\/strong> (allegro charity, e-terminal, collection in cans, public collections): <a href=\"mailto:kwesta@fundacjarakiety.pl\">kwesta@fundacjarakiety.pl<\/a> (Dzia\u0142 spo\u0142eczny 577 899 615 )<\/p><p>Regarding <strong>offline events<\/strong>: <a href=\"mailto:m.karczewski@fundacjarakiety.pl\">m.karczewski@fundacjarakiety.pl<\/a> \u00a0575 969 111<\/p>\t\t\t\t\t\t\t\t<\/div>\n\t\t\t\t<\/div>\n\t\t\t\t\t<\/div>\n\t\t\t\t<\/div>\n\t\t\t\t<\/div>","protected":false},"excerpt":{"rendered":"<p>Je\u015bli chcesz aktywnie pom\u00f3c w zbi\u00f3rkach funduszy na Podopiecznych lub Fundacj\u0119, np. poprzez zorganizowanie w\u0142asnego wydarzenia \u2013 poni\u017csze informacje s\u0105 w\u0142a\u015bnie dla Ciebie! Fundacja Rakiety promuje profilaktyk\u0119 onkologiczn\u0105 oraz wspiera swoich Podopiecznych na ka\u017cdym etapie ich leczenia. Jedn\u0105 z form takiej pomocy jest organizacja zbi\u00f3rek na rzecz Funduszu Ratunkowego, lek\u00f3w nierefundowanych czy te\u017c zabieg\u00f3w wzmacniaj\u0105cych [&hellip;]<\/p>\n","protected":false},"author":2,"featured_media":0,"parent":0,"menu_order":0,"comment_status":"closed","ping_status":"closed","template":"","meta":{"page_title":"","first_name":"","last_name":"","name_variation":"","funds_collected":0,"funds_target":0,"currency":"","left_on_the_subaccount":0,"refunded_expenses":0,"collection_on":"","content_update":"","number_pln":"","number_usd":"","number_eur":"","number_gbp":"","swift":"","transfer_title":"","recipient_details":"","krs":"","tax_specific_target":"","fundraiser_iri":"","footnotes":""},"class_list":["post-19054","page","type-page","status-publish","hentry"],"rttpg_featured_image_url":null,"rttpg_author":{"display_name":"Fundacja Rakiety","author_link":"https:\/\/fundacjarakiety.pl\/en\/author\/dbaluk\/"},"rttpg_comment":0,"rttpg_category":null,"rttpg_excerpt":"Je\u015bli chcesz aktywnie pom\u00f3c w zbi\u00f3rkach funduszy na Podopiecznych lub Fundacj\u0119, np. poprzez zorganizowanie w\u0142asnego wydarzenia \u2013 poni\u017csze informacje s\u0105 w\u0142a\u015bnie dla Ciebie! Fundacja Rakiety promuje profilaktyk\u0119 onkologiczn\u0105 oraz wspiera swoich Podopiecznych na ka\u017cdym etapie ich leczenia. Jedn\u0105 z form takiej pomocy jest organizacja zbi\u00f3rek na rzecz Funduszu Ratunkowego, lek\u00f3w nierefundowanych czy te\u017c zabieg\u00f3w wzmacniaj\u0105cych&hellip;","_links":{"self":[{"href":"https:\/\/fundacjarakiety.pl\/en\/wp-json\/wp\/v2\/pages\/19054"}],"collection":[{"href":"https:\/\/fundacjarakiety.pl\/en\/wp-json\/wp\/v2\/pages"}],"about":[{"href":"https:\/\/fundacjarakiety.pl\/en\/wp-json\/wp\/v2\/types\/page"}],"author":[{"embeddable":true,"href":"https:\/\/fundacjarakiety.pl\/en\/wp-json\/wp\/v2\/users\/2"}],"replies":[{"embeddable":true,"href":"https:\/\/fundacjarakiety.pl\/en\/wp-json\/wp\/v2\/comments?post=19054"}],"version-history":[{"count":82,"href":"https:\/\/fundacjarakiety.pl\/en\/wp-json\/wp\/v2\/pages\/19054\/revisions"}],"predecessor-version":[{"id":71968,"href":"https:\/\/fundacjarakiety.pl\/en\/wp-json\/wp\/v2\/pages\/19054\/revisions\/71968"}],"wp:attachment":[{"href":"https:\/\/fundacjarakiety.pl\/en\/wp-json\/wp\/v2\/media?parent=19054"}],"curies":[{"name":"wp","href":"https:\/\/api.w.org\/{rel}","templated":true}]}}